{"id":16122,"date":"2020-07-21T05:40:19","date_gmt":"2020-07-21T05:40:19","guid":{"rendered":"https:\/\/torebunia.pl\/sklep\/produkt\/dkny-buty-6\/"},"modified":"2021-01-27T12:15:22","modified_gmt":"2021-01-27T12:15:22","slug":"dkny-buty-6","status":"publish","type":"product","link":"https:\/\/torebunia.pl\/sklep\/produkt\/dkny-buty-6\/","title":{"rendered":"Dkny &#8211; Buty"},"content":{"rendered":"<p>Parametry produktu:<\/p>\n<ul>\n<li>cena: <strong>649.9 PLN<\/strong><\/li>\n<li>marka: <strong>DKNY<\/strong><\/li>\n<li>p\u0142e\u0107: <strong>Female<\/strong><\/li>\n<li>kategoria: <strong>ONA \/ Obuwie \/ Sneakersy i sportowe \/ Sneakersy<\/strong><\/li>\n<li>kolor: <strong>czerwony<\/strong><\/li>\n<\/ul>\n<p>Opis:<br \/>\nButy z kolekcji Dkny. Model wykonany z po\u0142\u0105czenia materia\u0142u tekstylnego i syntetycznego. &#8211; Mi\u0119kki nosek. &#8211; \u017b\u0142obiona podeszwa. &#8211; Usztywniony zapi\u0119tek. &#8211; D\u0142ugo\u015b\u0107 wk\u0142adki wynosi: 23,5 cm. &#8211; Wymiary podane dla rozmiaru: 37. Materia\u0142: tekstylny Materia\u0142: syntetyczny Obcas: p\u0142aski Sk\u0142ad: Cholewka: Materia\u0142 syntetyczny, Materia\u0142 tekstylny, Wn\u0119trze: Materia\u0142 syntetyczny, Materia\u0142 tekstylny, Podeszwa: Materia\u0142 syntetyczny, Materia\u0142 tekstylny ID produktu: 4901-OBD2TA Kod producenta: K4901229<\/p>\n","protected":false},"excerpt":{"rendered":"<p>Parametry produktu: cena: 649.9 PLN marka: DKNY p\u0142e\u0107: Female kategoria: ONA \/ Obuwie \/ Sneakersy i sportowe \/ Sneakersy kolor: czerwony Opis: Buty z kolekcji Dkny. Model wykonany z po\u0142\u0105czenia<\/p>\n","protected":false},"featured_media":16123,"comment_status":"closed","ping_status":"open","template":"","meta":[],"class_list":{"0":"post-16122","1":"product","2":"type-product","3":"status-publish","5":"hentry","6":"product_cat-obuwie","7":"product_cat-ona","8":"product_cat-sneakersy","9":"product_cat-sneakersy-i-sportowe","10":"product_tag-dkny","11":"product_tag-dkny-buty"},"yoast_head":"<!-- This site is optimized with the Yoast SEO plugin v15.6.2 - https:\/\/yoast.com\/wordpress\/plugins\/seo\/ -->\n<title>Dkny - Buty<\/title>\n<meta name=\"robots\" content=\"index, follow, max-snippet:-1, max-image-preview:large, max-video-preview:-1\" \/>\n<link rel=\"canonical\" href=\"https:\/\/torebunia.pl\/sklep\/produkt\/dkny-buty-6\/\" \/>\n<meta property=\"og:locale\" content=\"pl_PL\" \/>\n<meta property=\"og:type\" content=\"article\" \/>\n<meta property=\"og:title\" content=\"Dkny - Buty\" \/>\n<meta property=\"og:description\" content=\"Parametry produktu: cena: 649.9 PLN marka: DKNY p\u0142e\u0107: Female kategoria: ONA \/ Obuwie \/ Sneakersy i sportowe \/ Sneakersy kolor: czerwony Opis: Buty z kolekcji Dkny. Model wykonany z po\u0142\u0105czenia\" \/>\n<meta property=\"og:url\" content=\"https:\/\/torebunia.pl\/sklep\/produkt\/dkny-buty-6\/\" \/>\n<meta property=\"og:site_name\" content=\"Moje Blog\" \/>\n<meta property=\"article:modified_time\" content=\"2021-01-27T12:15:22+00:00\" \/>\n<meta property=\"og:image\" content=\"https:\/\/torebunia.pl\/sklep\/wp-content\/uploads\/2021\/01\/55e1b6f2fe355a2650df96f76371fd51bd466f96.jpg\" \/>\n\t<meta property=\"og:image:width\" content=\"855\" \/>\n\t<meta property=\"og:image:height\" content=\"1290\" \/>\n<meta name=\"twitter:card\" content=\"summary_large_image\" \/>\n<script type=\"application\/ld+json\" class=\"yoast-schema-graph\">{\"@context\":\"https:\/\/schema.org\",\"@graph\":[{\"@type\":\"WebSite\",\"@id\":\"https:\/\/torebunia.pl\/sklep\/#website\",\"url\":\"https:\/\/torebunia.pl\/sklep\/\",\"name\":\"Moje Blog\",\"description\":\"Kolejna witryna WordPress\",\"potentialAction\":[{\"@type\":\"SearchAction\",\"target\":\"https:\/\/torebunia.pl\/sklep\/?s={search_term_string}\",\"query-input\":\"required name=search_term_string\"}],\"inLanguage\":\"pl-PL\"},{\"@type\":\"ImageObject\",\"@id\":\"https:\/\/torebunia.pl\/sklep\/produkt\/dkny-buty-6\/#primaryimage\",\"inLanguage\":\"pl-PL\",\"url\":\"https:\/\/torebunia.pl\/sklep\/wp-content\/uploads\/2021\/01\/55e1b6f2fe355a2650df96f76371fd51bd466f96.jpg\",\"width\":855,\"height\":1290,\"caption\":\"Dkny - Buty\"},{\"@type\":\"WebPage\",\"@id\":\"https:\/\/torebunia.pl\/sklep\/produkt\/dkny-buty-6\/#webpage\",\"url\":\"https:\/\/torebunia.pl\/sklep\/produkt\/dkny-buty-6\/\",\"name\":\"Dkny - Buty\",\"isPartOf\":{\"@id\":\"https:\/\/torebunia.pl\/sklep\/#website\"},\"primaryImageOfPage\":{\"@id\":\"https:\/\/torebunia.pl\/sklep\/produkt\/dkny-buty-6\/#primaryimage\"},\"datePublished\":\"2020-07-21T05:40:19+00:00\",\"dateModified\":\"2021-01-27T12:15:22+00:00\",\"inLanguage\":\"pl-PL\",\"potentialAction\":[{\"@type\":\"ReadAction\",\"target\":[\"https:\/\/torebunia.pl\/sklep\/produkt\/dkny-buty-6\/\"]}]}]}<\/script>\n<!-- \/ Yoast SEO plugin. -->","_links":{"self":[{"href":"https:\/\/torebunia.pl\/sklep\/wp-json\/wp\/v2\/product\/16122","targetHints":{"allow":["GET"]}}],"collection":[{"href":"https:\/\/torebunia.pl\/sklep\/wp-json\/wp\/v2\/product"}],"about":[{"href":"https:\/\/torebunia.pl\/sklep\/wp-json\/wp\/v2\/types\/product"}],"replies":[{"embeddable":true,"href":"https:\/\/torebunia.pl\/sklep\/wp-json\/wp\/v2\/comments?post=16122"}],"wp:featuredmedia":[{"embeddable":true,"href":"https:\/\/torebunia.pl\/sklep\/wp-json\/wp\/v2\/media\/16123"}],"wp:attachment":[{"href":"https:\/\/torebunia.pl\/sklep\/wp-json\/wp\/v2\/media?parent=16122"}],"curies":[{"name":"wp","href":"https:\/\/api.w.org\/{rel}","templated":true}]}}