{"id":16090,"date":"2020-03-05T12:16:41","date_gmt":"2020-03-05T12:16:41","guid":{"rendered":"https:\/\/torebunia.pl\/sklep\/produkt\/kappa-sniegowce-mayen-2\/"},"modified":"2021-01-27T12:14:00","modified_gmt":"2021-01-27T12:14:00","slug":"kappa-sniegowce-mayen-2","status":"publish","type":"product","link":"https:\/\/torebunia.pl\/sklep\/produkt\/kappa-sniegowce-mayen-2\/","title":{"rendered":"Kappa &#8211; \u015aniegowce Mayen"},"content":{"rendered":"<p>Parametry produktu:<\/p>\n<ul>\n<li>cena: <strong>159.9 PLN<\/strong><\/li>\n<li>marka: <strong>Kappa<\/strong><\/li>\n<li>p\u0142e\u0107: <strong>Female<\/strong><\/li>\n<li>kategoria: <strong>ONA \/ Obuwie \/ \u015aniegowce<\/strong><\/li>\n<li>kolor: <strong>bia\u0142y<\/strong><\/li>\n<\/ul>\n<p>Opis:<br \/>\n\u015aniegowce z kolekcji Kappa. Model wykonany z po\u0142\u0105czenia materia\u0142u tekstylnego i sk\u00f3ry ekologicznej. &#8211; Ocieplony model. &#8211; Okr\u0105g\u0142y, mi\u0119kki nosek. &#8211; Antypo\u015blizgowa, \u017c\u0142obiona podeszwa. &#8211; Tekstylne wn\u0119trze. &#8211; Sznurowany model. &#8211; D\u0142ugo\u015b\u0107 wk\u0142adki wynosi: 23,5 cm. &#8211; Wymiary podane dla rozmiaru: 37. Materia\u0142: tekstylny Obcas: p\u0142aski Ocieplenie: ocieplane Materia\u0142: imitacja sk\u00f3ry licowej Zapi\u0119cie: sznurowanie Sk\u0142ad: Cholewka: Materia\u0142 syntetyczny, Materia\u0142 tekstylny, Wn\u0119trze: Materia\u0142 tekstylny, Podeszwa: Materia\u0142 syntetyczny ID produktu: 4900-OBD2P7 Kod producenta: 242898<\/p>\n","protected":false},"excerpt":{"rendered":"<p>Parametry produktu: cena: 159.9 PLN marka: Kappa p\u0142e\u0107: Female kategoria: ONA \/ Obuwie \/ \u015aniegowce kolor: bia\u0142y Opis: \u015aniegowce z kolekcji Kappa. Model wykonany z po\u0142\u0105czenia materia\u0142u tekstylnego i sk\u00f3ry<\/p>\n","protected":false},"featured_media":16091,"comment_status":"closed","ping_status":"open","template":"","meta":[],"class_list":{"0":"post-16090","1":"product","2":"type-product","3":"status-publish","5":"hentry","6":"product_cat-obuwie","7":"product_cat-ona","8":"product_cat-sniegowce","9":"product_tag-kappa","10":"product_tag-kappa-sniegowce-mayen"},"yoast_head":"<!-- This site is optimized with the Yoast SEO plugin v15.6.2 - https:\/\/yoast.com\/wordpress\/plugins\/seo\/ -->\n<title>Kappa - \u015aniegowce Mayen<\/title>\n<meta name=\"robots\" content=\"index, follow, max-snippet:-1, max-image-preview:large, max-video-preview:-1\" \/>\n<link rel=\"canonical\" href=\"https:\/\/torebunia.pl\/sklep\/produkt\/kappa-sniegowce-mayen-2\/\" \/>\n<meta property=\"og:locale\" content=\"pl_PL\" \/>\n<meta property=\"og:type\" content=\"article\" \/>\n<meta property=\"og:title\" content=\"Kappa - \u015aniegowce Mayen\" \/>\n<meta property=\"og:description\" content=\"Parametry produktu: cena: 159.9 PLN marka: Kappa p\u0142e\u0107: Female kategoria: ONA \/ Obuwie \/ \u015aniegowce kolor: bia\u0142y Opis: \u015aniegowce z kolekcji Kappa. Model wykonany z po\u0142\u0105czenia materia\u0142u tekstylnego i sk\u00f3ry\" \/>\n<meta property=\"og:url\" content=\"https:\/\/torebunia.pl\/sklep\/produkt\/kappa-sniegowce-mayen-2\/\" \/>\n<meta property=\"og:site_name\" content=\"Moje Blog\" \/>\n<meta property=\"article:modified_time\" content=\"2021-01-27T12:14:00+00:00\" \/>\n<meta property=\"og:image\" content=\"https:\/\/torebunia.pl\/sklep\/wp-content\/uploads\/2021\/01\/4cae5defab7563fd3dc271193a8c5996af6829be-1.jpg\" \/>\n\t<meta property=\"og:image:width\" content=\"855\" \/>\n\t<meta property=\"og:image:height\" content=\"1290\" \/>\n<meta name=\"twitter:card\" content=\"summary_large_image\" \/>\n<meta name=\"twitter:label1\" content=\"Est. reading time\">\n\t<meta name=\"twitter:data1\" content=\"1 minuta\">\n<script type=\"application\/ld+json\" class=\"yoast-schema-graph\">{\"@context\":\"https:\/\/schema.org\",\"@graph\":[{\"@type\":\"WebSite\",\"@id\":\"https:\/\/torebunia.pl\/sklep\/#website\",\"url\":\"https:\/\/torebunia.pl\/sklep\/\",\"name\":\"Moje Blog\",\"description\":\"Kolejna witryna WordPress\",\"potentialAction\":[{\"@type\":\"SearchAction\",\"target\":\"https:\/\/torebunia.pl\/sklep\/?s={search_term_string}\",\"query-input\":\"required name=search_term_string\"}],\"inLanguage\":\"pl-PL\"},{\"@type\":\"ImageObject\",\"@id\":\"https:\/\/torebunia.pl\/sklep\/produkt\/kappa-sniegowce-mayen-2\/#primaryimage\",\"inLanguage\":\"pl-PL\",\"url\":\"https:\/\/torebunia.pl\/sklep\/wp-content\/uploads\/2021\/01\/4cae5defab7563fd3dc271193a8c5996af6829be-1.jpg\",\"width\":855,\"height\":1290,\"caption\":\"Kappa - \\u015aniegowce Mayen\"},{\"@type\":\"WebPage\",\"@id\":\"https:\/\/torebunia.pl\/sklep\/produkt\/kappa-sniegowce-mayen-2\/#webpage\",\"url\":\"https:\/\/torebunia.pl\/sklep\/produkt\/kappa-sniegowce-mayen-2\/\",\"name\":\"Kappa - \\u015aniegowce Mayen\",\"isPartOf\":{\"@id\":\"https:\/\/torebunia.pl\/sklep\/#website\"},\"primaryImageOfPage\":{\"@id\":\"https:\/\/torebunia.pl\/sklep\/produkt\/kappa-sniegowce-mayen-2\/#primaryimage\"},\"datePublished\":\"2020-03-05T12:16:41+00:00\",\"dateModified\":\"2021-01-27T12:14:00+00:00\",\"inLanguage\":\"pl-PL\",\"potentialAction\":[{\"@type\":\"ReadAction\",\"target\":[\"https:\/\/torebunia.pl\/sklep\/produkt\/kappa-sniegowce-mayen-2\/\"]}]}]}<\/script>\n<!-- \/ Yoast SEO plugin. -->","_links":{"self":[{"href":"https:\/\/torebunia.pl\/sklep\/wp-json\/wp\/v2\/product\/16090","targetHints":{"allow":["GET"]}}],"collection":[{"href":"https:\/\/torebunia.pl\/sklep\/wp-json\/wp\/v2\/product"}],"about":[{"href":"https:\/\/torebunia.pl\/sklep\/wp-json\/wp\/v2\/types\/product"}],"replies":[{"embeddable":true,"href":"https:\/\/torebunia.pl\/sklep\/wp-json\/wp\/v2\/comments?post=16090"}],"wp:featuredmedia":[{"embeddable":true,"href":"https:\/\/torebunia.pl\/sklep\/wp-json\/wp\/v2\/media\/16091"}],"wp:attachment":[{"href":"https:\/\/torebunia.pl\/sklep\/wp-json\/wp\/v2\/media?parent=16090"}],"curies":[{"name":"wp","href":"https:\/\/api.w.org\/{rel}","templated":true}]}}