{"id":16012,"date":"2020-09-27T00:36:43","date_gmt":"2020-09-27T00:36:43","guid":{"rendered":"https:\/\/torebunia.pl\/sklep\/produkt\/converse-bluza\/"},"modified":"2021-01-27T11:59:35","modified_gmt":"2021-01-27T11:59:35","slug":"converse-bluza","status":"publish","type":"product","link":"https:\/\/torebunia.pl\/sklep\/produkt\/converse-bluza\/","title":{"rendered":"Converse &#8211; Bluza"},"content":{"rendered":"<p>Parametry produktu:<\/p>\n<ul>\n<li>cena: <strong>219.9 PLN<\/strong><\/li>\n<li>marka: <strong>Converse<\/strong><\/li>\n<li>p\u0142e\u0107: <strong>Female<\/strong><\/li>\n<li>kategoria: <strong>ONA \/ Odzie\u017c \/ Bluzy \/ Rozpinane<\/strong><\/li>\n<li>kolor: <strong>r\u00f3\u017cowy<\/strong><\/li>\n<\/ul>\n<p>Opis:<br \/>\nBluza z kapturem z kolekcji Converse. Model zapinany na suwak wykonany z g\u0142adkiej dzianiny. &#8211; Prosty fason. &#8211; Wsuwane kieszenie. &#8211; Model z kapturem. &#8211; Zapi\u0119cie na suwak. Wz\u00f3r: g\u0142adkie Kaptur: z kapturem Sk\u0142ad: 77 % Bawe\u0142na, 23 % Poliester ID produktu: 4891-BLD0MM Kod producenta: 10017713.A07<\/p>\n","protected":false},"excerpt":{"rendered":"<p>Parametry produktu: cena: 219.9 PLN marka: Converse p\u0142e\u0107: Female kategoria: ONA \/ Odzie\u017c \/ Bluzy \/ Rozpinane kolor: r\u00f3\u017cowy Opis: Bluza z kapturem z kolekcji Converse. Model zapinany na suwak<\/p>\n","protected":false},"featured_media":16013,"comment_status":"closed","ping_status":"open","template":"","meta":[],"class_list":{"0":"post-16012","1":"product","2":"type-product","3":"status-publish","5":"hentry","6":"product_cat-bluzy","7":"product_cat-odziez","8":"product_cat-ona","9":"product_cat-rozpinane","10":"product_tag-converse","11":"product_tag-converse-bluza"},"yoast_head":"<!-- This site is optimized with the Yoast SEO plugin v15.6.2 - https:\/\/yoast.com\/wordpress\/plugins\/seo\/ -->\n<title>Converse - Bluza<\/title>\n<meta name=\"robots\" content=\"index, follow, max-snippet:-1, max-image-preview:large, max-video-preview:-1\" \/>\n<link rel=\"canonical\" href=\"https:\/\/torebunia.pl\/sklep\/produkt\/converse-bluza\/\" \/>\n<meta property=\"og:locale\" content=\"pl_PL\" \/>\n<meta property=\"og:type\" content=\"article\" \/>\n<meta property=\"og:title\" content=\"Converse - Bluza\" \/>\n<meta property=\"og:description\" content=\"Parametry produktu: cena: 219.9 PLN marka: Converse p\u0142e\u0107: Female kategoria: ONA \/ Odzie\u017c \/ Bluzy \/ Rozpinane kolor: r\u00f3\u017cowy Opis: Bluza z kapturem z kolekcji Converse. Model zapinany na suwak\" \/>\n<meta property=\"og:url\" content=\"https:\/\/torebunia.pl\/sklep\/produkt\/converse-bluza\/\" \/>\n<meta property=\"og:site_name\" content=\"Moje Blog\" \/>\n<meta property=\"article:modified_time\" content=\"2021-01-27T11:59:35+00:00\" \/>\n<meta property=\"og:image\" content=\"https:\/\/torebunia.pl\/sklep\/wp-content\/uploads\/2021\/01\/ce703cb31790ba4ab70330ded22a8079d6ab19d8.jpg\" \/>\n\t<meta property=\"og:image:width\" content=\"855\" \/>\n\t<meta property=\"og:image:height\" content=\"1290\" \/>\n<meta name=\"twitter:card\" content=\"summary_large_image\" \/>\n<script type=\"application\/ld+json\" class=\"yoast-schema-graph\">{\"@context\":\"https:\/\/schema.org\",\"@graph\":[{\"@type\":\"WebSite\",\"@id\":\"https:\/\/torebunia.pl\/sklep\/#website\",\"url\":\"https:\/\/torebunia.pl\/sklep\/\",\"name\":\"Moje Blog\",\"description\":\"Kolejna witryna WordPress\",\"potentialAction\":[{\"@type\":\"SearchAction\",\"target\":\"https:\/\/torebunia.pl\/sklep\/?s={search_term_string}\",\"query-input\":\"required name=search_term_string\"}],\"inLanguage\":\"pl-PL\"},{\"@type\":\"ImageObject\",\"@id\":\"https:\/\/torebunia.pl\/sklep\/produkt\/converse-bluza\/#primaryimage\",\"inLanguage\":\"pl-PL\",\"url\":\"https:\/\/torebunia.pl\/sklep\/wp-content\/uploads\/2021\/01\/ce703cb31790ba4ab70330ded22a8079d6ab19d8.jpg\",\"width\":855,\"height\":1290,\"caption\":\"Converse - Bluza\"},{\"@type\":\"WebPage\",\"@id\":\"https:\/\/torebunia.pl\/sklep\/produkt\/converse-bluza\/#webpage\",\"url\":\"https:\/\/torebunia.pl\/sklep\/produkt\/converse-bluza\/\",\"name\":\"Converse - Bluza\",\"isPartOf\":{\"@id\":\"https:\/\/torebunia.pl\/sklep\/#website\"},\"primaryImageOfPage\":{\"@id\":\"https:\/\/torebunia.pl\/sklep\/produkt\/converse-bluza\/#primaryimage\"},\"datePublished\":\"2020-09-27T00:36:43+00:00\",\"dateModified\":\"2021-01-27T11:59:35+00:00\",\"inLanguage\":\"pl-PL\",\"potentialAction\":[{\"@type\":\"ReadAction\",\"target\":[\"https:\/\/torebunia.pl\/sklep\/produkt\/converse-bluza\/\"]}]}]}<\/script>\n<!-- \/ Yoast SEO plugin. -->","_links":{"self":[{"href":"https:\/\/torebunia.pl\/sklep\/wp-json\/wp\/v2\/product\/16012","targetHints":{"allow":["GET"]}}],"collection":[{"href":"https:\/\/torebunia.pl\/sklep\/wp-json\/wp\/v2\/product"}],"about":[{"href":"https:\/\/torebunia.pl\/sklep\/wp-json\/wp\/v2\/types\/product"}],"replies":[{"embeddable":true,"href":"https:\/\/torebunia.pl\/sklep\/wp-json\/wp\/v2\/comments?post=16012"}],"wp:featuredmedia":[{"embeddable":true,"href":"https:\/\/torebunia.pl\/sklep\/wp-json\/wp\/v2\/media\/16013"}],"wp:attachment":[{"href":"https:\/\/torebunia.pl\/sklep\/wp-json\/wp\/v2\/media?parent=16012"}],"curies":[{"name":"wp","href":"https:\/\/api.w.org\/{rel}","templated":true}]}}