{"id":16010,"date":"2020-04-03T21:19:04","date_gmt":"2020-04-03T21:19:04","guid":{"rendered":"https:\/\/torebunia.pl\/sklep\/produkt\/guess-jeans-buty-20\/"},"modified":"2021-01-27T11:59:32","modified_gmt":"2021-01-27T11:59:32","slug":"guess-jeans-buty-20","status":"publish","type":"product","link":"https:\/\/torebunia.pl\/sklep\/produkt\/guess-jeans-buty-20\/","title":{"rendered":"Guess Jeans &#8211; Buty"},"content":{"rendered":"<p>Parametry produktu:<\/p>\n<ul>\n<li>cena: <strong>589.9 PLN<\/strong><\/li>\n<li>marka: <strong>Guess<\/strong><\/li>\n<li>p\u0142e\u0107: <strong>Female<\/strong><\/li>\n<li>kategoria: <strong>ONA \/ Obuwie \/ Sneakersy i sportowe \/ Sneakersy<\/strong><\/li>\n<li>kolor: <strong>czarny<\/strong><\/li>\n<\/ul>\n<p>Opis:<br \/>\nButy z kolekcji Guess Jeans. Model wykonany z po\u0142\u0105czenia sk\u00f3ry ekologicznej i materia\u0142u syntetycznego. &#8211; Okr\u0105g\u0142y, mi\u0119kki nosek. &#8211; Stabilna podeszwa. &#8211; Usztywniony zapi\u0119tek. &#8211; Tekstylne wn\u0119trze. &#8211; Model na platformie. &#8211; Sznurowany model. &#8211; Wysoko\u015b\u0107 platformy: 4,5 cm. &#8211; D\u0142ugo\u015b\u0107 wk\u0142adki wynosi: 24 cm. &#8211; Wymiary podane dla rozmiaru: 37. Obcas: platforma Materia\u0142: syntetyczny Materia\u0142: imitacja zamszu Sk\u0142ad: Cholewka: Materia\u0142 syntetyczny, Wn\u0119trze: Materia\u0142 tekstylny, Podeszwa: Materia\u0142 syntetyczny ID produktu: 4900-OBD041 Kod producenta: FL7MOV.ELL12<\/p>\n","protected":false},"excerpt":{"rendered":"<p>Parametry produktu: cena: 589.9 PLN marka: Guess p\u0142e\u0107: Female kategoria: ONA \/ Obuwie \/ Sneakersy i sportowe \/ Sneakersy kolor: czarny Opis: Buty z kolekcji Guess Jeans. Model wykonany z<\/p>\n","protected":false},"featured_media":16011,"comment_status":"closed","ping_status":"open","template":"","meta":[],"class_list":{"0":"post-16010","1":"product","2":"type-product","3":"status-publish","5":"hentry","6":"product_cat-obuwie","7":"product_cat-ona","8":"product_cat-sneakersy","9":"product_cat-sneakersy-i-sportowe","10":"product_tag-guess","11":"product_tag-guess-jeans-buty"},"yoast_head":"<!-- This site is optimized with the Yoast SEO plugin v15.6.2 - https:\/\/yoast.com\/wordpress\/plugins\/seo\/ -->\n<title>Guess Jeans - Buty<\/title>\n<meta name=\"robots\" content=\"index, follow, max-snippet:-1, max-image-preview:large, max-video-preview:-1\" \/>\n<link rel=\"canonical\" href=\"https:\/\/torebunia.pl\/sklep\/produkt\/guess-jeans-buty-20\/\" \/>\n<meta property=\"og:locale\" content=\"pl_PL\" \/>\n<meta property=\"og:type\" content=\"article\" \/>\n<meta property=\"og:title\" content=\"Guess Jeans - Buty\" \/>\n<meta property=\"og:description\" content=\"Parametry produktu: cena: 589.9 PLN marka: Guess p\u0142e\u0107: Female kategoria: ONA \/ Obuwie \/ Sneakersy i sportowe \/ Sneakersy kolor: czarny Opis: Buty z kolekcji Guess Jeans. Model wykonany z\" \/>\n<meta property=\"og:url\" content=\"https:\/\/torebunia.pl\/sklep\/produkt\/guess-jeans-buty-20\/\" \/>\n<meta property=\"og:site_name\" content=\"Moje Blog\" \/>\n<meta property=\"article:modified_time\" content=\"2021-01-27T11:59:32+00:00\" \/>\n<meta property=\"og:image\" content=\"https:\/\/torebunia.pl\/sklep\/wp-content\/uploads\/2021\/01\/6b9020026e2482926adff6f0cf787e84f53bb762.jpg\" \/>\n\t<meta property=\"og:image:width\" content=\"855\" \/>\n\t<meta property=\"og:image:height\" content=\"1290\" \/>\n<meta name=\"twitter:card\" content=\"summary_large_image\" \/>\n<meta name=\"twitter:label1\" content=\"Est. reading time\">\n\t<meta name=\"twitter:data1\" content=\"1 minuta\">\n<script type=\"application\/ld+json\" class=\"yoast-schema-graph\">{\"@context\":\"https:\/\/schema.org\",\"@graph\":[{\"@type\":\"WebSite\",\"@id\":\"https:\/\/torebunia.pl\/sklep\/#website\",\"url\":\"https:\/\/torebunia.pl\/sklep\/\",\"name\":\"Moje Blog\",\"description\":\"Kolejna witryna WordPress\",\"potentialAction\":[{\"@type\":\"SearchAction\",\"target\":\"https:\/\/torebunia.pl\/sklep\/?s={search_term_string}\",\"query-input\":\"required name=search_term_string\"}],\"inLanguage\":\"pl-PL\"},{\"@type\":\"ImageObject\",\"@id\":\"https:\/\/torebunia.pl\/sklep\/produkt\/guess-jeans-buty-20\/#primaryimage\",\"inLanguage\":\"pl-PL\",\"url\":\"https:\/\/torebunia.pl\/sklep\/wp-content\/uploads\/2021\/01\/6b9020026e2482926adff6f0cf787e84f53bb762.jpg\",\"width\":855,\"height\":1290,\"caption\":\"Guess Jeans - Buty\"},{\"@type\":\"WebPage\",\"@id\":\"https:\/\/torebunia.pl\/sklep\/produkt\/guess-jeans-buty-20\/#webpage\",\"url\":\"https:\/\/torebunia.pl\/sklep\/produkt\/guess-jeans-buty-20\/\",\"name\":\"Guess Jeans - Buty\",\"isPartOf\":{\"@id\":\"https:\/\/torebunia.pl\/sklep\/#website\"},\"primaryImageOfPage\":{\"@id\":\"https:\/\/torebunia.pl\/sklep\/produkt\/guess-jeans-buty-20\/#primaryimage\"},\"datePublished\":\"2020-04-03T21:19:04+00:00\",\"dateModified\":\"2021-01-27T11:59:32+00:00\",\"inLanguage\":\"pl-PL\",\"potentialAction\":[{\"@type\":\"ReadAction\",\"target\":[\"https:\/\/torebunia.pl\/sklep\/produkt\/guess-jeans-buty-20\/\"]}]}]}<\/script>\n<!-- \/ Yoast SEO plugin. -->","_links":{"self":[{"href":"https:\/\/torebunia.pl\/sklep\/wp-json\/wp\/v2\/product\/16010","targetHints":{"allow":["GET"]}}],"collection":[{"href":"https:\/\/torebunia.pl\/sklep\/wp-json\/wp\/v2\/product"}],"about":[{"href":"https:\/\/torebunia.pl\/sklep\/wp-json\/wp\/v2\/types\/product"}],"replies":[{"embeddable":true,"href":"https:\/\/torebunia.pl\/sklep\/wp-json\/wp\/v2\/comments?post=16010"}],"wp:featuredmedia":[{"embeddable":true,"href":"https:\/\/torebunia.pl\/sklep\/wp-json\/wp\/v2\/media\/16011"}],"wp:attachment":[{"href":"https:\/\/torebunia.pl\/sklep\/wp-json\/wp\/v2\/media?parent=16010"}],"curies":[{"name":"wp","href":"https:\/\/api.w.org\/{rel}","templated":true}]}}