{"id":15998,"date":"2020-10-30T09:08:09","date_gmt":"2020-10-30T09:08:09","guid":{"rendered":"https:\/\/torebunia.pl\/sklep\/produkt\/ugg-sniegowce-zamszowe-mini-bailey-button-blink\/"},"modified":"2021-01-27T11:59:08","modified_gmt":"2021-01-27T11:59:08","slug":"ugg-sniegowce-zamszowe-mini-bailey-button-blink","status":"publish","type":"product","link":"https:\/\/torebunia.pl\/sklep\/produkt\/ugg-sniegowce-zamszowe-mini-bailey-button-blink\/","title":{"rendered":"UGG &#8211; \u015aniegowce zamszowe Mini Bailey Button Blink"},"content":{"rendered":"<p>Parametry produktu:<\/p>\n<ul>\n<li>cena: <strong>1029.0 PLN<\/strong><\/li>\n<li>marka: <strong>UGG<\/strong><\/li>\n<li>p\u0142e\u0107: <strong>Female<\/strong><\/li>\n<li>kategoria: <strong>ONA \/ Obuwie \/ \u015aniegowce<\/strong><\/li>\n<li>kolor: <strong>z\u0142oty br\u0105z<\/strong><\/li>\n<\/ul>\n<p>Opis:<br \/>\n\u015aniegowce z kolekcji UGG. Model wykonany ze sk\u00f3ry zamszowej. &#8211; UGGpure &#8211; komfortowe ocieplenie z naturalnej, wysokogatunkowej we\u0142ny. &#8211; Trwa\u0142a i lekka podeszwa Treadlite idealnie sprawdza si\u0119 zar\u00f3wno na suchych, jak i mokrych powierzchniach. &#8211; Okr\u0105g\u0142y, mi\u0119kki nosek. &#8211; \u017b\u0142obiona podeszwa. &#8211; We\u0142niane wn\u0119trze. &#8211; D\u0142ugo\u015b\u0107 wk\u0142adki wynosi: 24 cm. &#8211; Wymiary podane dla rozmiaru: 38. Materia\u0142: sk\u00f3ra zamszowa Obcas: p\u0142aski Ocieplenie: ocieplane Zapi\u0119cie: brak zapi\u0119cia Sk\u0142ad: Cholewka: Sk\u00f3ra zamszowa, Wn\u0119trze: We\u0142na, Podeszwa: Materia\u0142 syntetyczny ID produktu: 4900-OBD0YZ Kod producenta: 1016554.CTGL<\/p>\n","protected":false},"excerpt":{"rendered":"<p>Parametry produktu: cena: 1029.0 PLN marka: UGG p\u0142e\u0107: Female kategoria: ONA \/ Obuwie \/ \u015aniegowce kolor: z\u0142oty br\u0105z Opis: \u015aniegowce z kolekcji UGG. Model wykonany ze sk\u00f3ry zamszowej. &#8211; UGGpure<\/p>\n","protected":false},"featured_media":15999,"comment_status":"closed","ping_status":"open","template":"","meta":[],"class_list":{"0":"post-15998","1":"product","2":"type-product","3":"status-publish","5":"hentry","6":"product_cat-obuwie","7":"product_cat-ona","8":"product_cat-sniegowce","9":"product_tag-ugg","10":"product_tag-ugg-sniegowce-zamszowe-mini-bailey-button-blink"},"yoast_head":"<!-- This site is optimized with the Yoast SEO plugin v15.6.2 - https:\/\/yoast.com\/wordpress\/plugins\/seo\/ -->\n<title>UGG - \u015aniegowce zamszowe Mini Bailey Button Blink<\/title>\n<meta name=\"robots\" content=\"index, follow, max-snippet:-1, max-image-preview:large, max-video-preview:-1\" \/>\n<link rel=\"canonical\" href=\"https:\/\/torebunia.pl\/sklep\/produkt\/ugg-sniegowce-zamszowe-mini-bailey-button-blink\/\" \/>\n<meta property=\"og:locale\" content=\"pl_PL\" \/>\n<meta property=\"og:type\" content=\"article\" \/>\n<meta property=\"og:title\" content=\"UGG - \u015aniegowce zamszowe Mini Bailey Button Blink\" \/>\n<meta property=\"og:description\" content=\"Parametry produktu: cena: 1029.0 PLN marka: UGG p\u0142e\u0107: Female kategoria: ONA \/ Obuwie \/ \u015aniegowce kolor: z\u0142oty br\u0105z Opis: \u015aniegowce z kolekcji UGG. Model wykonany ze sk\u00f3ry zamszowej. &#8211; UGGpure\" \/>\n<meta property=\"og:url\" content=\"https:\/\/torebunia.pl\/sklep\/produkt\/ugg-sniegowce-zamszowe-mini-bailey-button-blink\/\" \/>\n<meta property=\"og:site_name\" content=\"Moje Blog\" \/>\n<meta property=\"article:modified_time\" content=\"2021-01-27T11:59:08+00:00\" \/>\n<meta property=\"og:image\" content=\"https:\/\/torebunia.pl\/sklep\/wp-content\/uploads\/2021\/01\/d33944f802a123e3baf553364a72606d938ae168.jpg\" \/>\n\t<meta property=\"og:image:width\" content=\"855\" \/>\n\t<meta property=\"og:image:height\" content=\"1290\" \/>\n<meta name=\"twitter:card\" content=\"summary_large_image\" \/>\n<meta name=\"twitter:label1\" content=\"Est. reading time\">\n\t<meta name=\"twitter:data1\" content=\"1 minuta\">\n<script type=\"application\/ld+json\" class=\"yoast-schema-graph\">{\"@context\":\"https:\/\/schema.org\",\"@graph\":[{\"@type\":\"WebSite\",\"@id\":\"https:\/\/torebunia.pl\/sklep\/#website\",\"url\":\"https:\/\/torebunia.pl\/sklep\/\",\"name\":\"Moje Blog\",\"description\":\"Kolejna witryna WordPress\",\"potentialAction\":[{\"@type\":\"SearchAction\",\"target\":\"https:\/\/torebunia.pl\/sklep\/?s={search_term_string}\",\"query-input\":\"required name=search_term_string\"}],\"inLanguage\":\"pl-PL\"},{\"@type\":\"ImageObject\",\"@id\":\"https:\/\/torebunia.pl\/sklep\/produkt\/ugg-sniegowce-zamszowe-mini-bailey-button-blink\/#primaryimage\",\"inLanguage\":\"pl-PL\",\"url\":\"https:\/\/torebunia.pl\/sklep\/wp-content\/uploads\/2021\/01\/d33944f802a123e3baf553364a72606d938ae168.jpg\",\"width\":855,\"height\":1290,\"caption\":\"UGG - \\u015aniegowce zamszowe Mini Bailey Button Blink\"},{\"@type\":\"WebPage\",\"@id\":\"https:\/\/torebunia.pl\/sklep\/produkt\/ugg-sniegowce-zamszowe-mini-bailey-button-blink\/#webpage\",\"url\":\"https:\/\/torebunia.pl\/sklep\/produkt\/ugg-sniegowce-zamszowe-mini-bailey-button-blink\/\",\"name\":\"UGG - \\u015aniegowce zamszowe Mini Bailey Button Blink\",\"isPartOf\":{\"@id\":\"https:\/\/torebunia.pl\/sklep\/#website\"},\"primaryImageOfPage\":{\"@id\":\"https:\/\/torebunia.pl\/sklep\/produkt\/ugg-sniegowce-zamszowe-mini-bailey-button-blink\/#primaryimage\"},\"datePublished\":\"2020-10-30T09:08:09+00:00\",\"dateModified\":\"2021-01-27T11:59:08+00:00\",\"inLanguage\":\"pl-PL\",\"potentialAction\":[{\"@type\":\"ReadAction\",\"target\":[\"https:\/\/torebunia.pl\/sklep\/produkt\/ugg-sniegowce-zamszowe-mini-bailey-button-blink\/\"]}]}]}<\/script>\n<!-- \/ Yoast SEO plugin. -->","_links":{"self":[{"href":"https:\/\/torebunia.pl\/sklep\/wp-json\/wp\/v2\/product\/15998","targetHints":{"allow":["GET"]}}],"collection":[{"href":"https:\/\/torebunia.pl\/sklep\/wp-json\/wp\/v2\/product"}],"about":[{"href":"https:\/\/torebunia.pl\/sklep\/wp-json\/wp\/v2\/types\/product"}],"replies":[{"embeddable":true,"href":"https:\/\/torebunia.pl\/sklep\/wp-json\/wp\/v2\/comments?post=15998"}],"wp:featuredmedia":[{"embeddable":true,"href":"https:\/\/torebunia.pl\/sklep\/wp-json\/wp\/v2\/media\/15999"}],"wp:attachment":[{"href":"https:\/\/torebunia.pl\/sklep\/wp-json\/wp\/v2\/media?parent=15998"}],"curies":[{"name":"wp","href":"https:\/\/api.w.org\/{rel}","templated":true}]}}