{"id":15982,"date":"2020-12-28T08:23:01","date_gmt":"2020-12-28T08:23:01","guid":{"rendered":"https:\/\/torebunia.pl\/sklep\/produkt\/rains-plecak\/"},"modified":"2021-01-27T11:58:38","modified_gmt":"2021-01-27T11:58:38","slug":"rains-plecak","status":"publish","type":"product","link":"https:\/\/torebunia.pl\/sklep\/produkt\/rains-plecak\/","title":{"rendered":"Rains &#8211; Plecak"},"content":{"rendered":"<p>Parametry produktu:<\/p>\n<ul>\n<li>cena: <strong>319.9 PLN<\/strong><\/li>\n<li>marka: <strong>Rains<\/strong><\/li>\n<li>p\u0142e\u0107: <strong>Female<\/strong><\/li>\n<li>kategoria: <strong>ONA \/ Akcesoria \/ Plecaki \/ ON<\/strong><\/li>\n<li>kolor: <strong>szary<\/strong><\/li>\n<\/ul>\n<p>Opis:<br \/>\nPlecak z kolekcji Rains. Model wykonany z g\u0142adkiego materia\u0142u. &#8211; Jednokomorowy model. &#8211; Zapinana komora. &#8211; Regulowana d\u0142ugo\u015b\u0107 pask\u00f3w. &#8211; Mie\u015bci format A4. Wz\u00f3r: g\u0142adkie Materia\u0142: syntetyczny Wielko\u015b\u0107: mie\u015bci A4 Sk\u0142ad: 100 % Poliester ID produktu: -100-PKU01A Kod producenta: 1340.18<\/p>\n","protected":false},"excerpt":{"rendered":"<p>Parametry produktu: cena: 319.9 PLN marka: Rains p\u0142e\u0107: Female kategoria: ONA \/ Akcesoria \/ Plecaki \/ ON kolor: szary Opis: Plecak z kolekcji Rains. Model wykonany z g\u0142adkiego materia\u0142u. &#8211;<\/p>\n","protected":false},"featured_media":15983,"comment_status":"closed","ping_status":"open","template":"","meta":[],"class_list":{"0":"post-15982","1":"product","2":"type-product","3":"status-publish","5":"hentry","6":"product_cat-akcesoria","7":"product_cat-on","8":"product_cat-ona","9":"product_cat-plecaki","10":"product_tag-rains","11":"product_tag-rains-plecak"},"yoast_head":"<!-- This site is optimized with the Yoast SEO plugin v15.6.2 - https:\/\/yoast.com\/wordpress\/plugins\/seo\/ -->\n<title>Rains - Plecak<\/title>\n<meta name=\"robots\" content=\"index, follow, max-snippet:-1, max-image-preview:large, max-video-preview:-1\" \/>\n<link rel=\"canonical\" href=\"https:\/\/torebunia.pl\/sklep\/produkt\/rains-plecak\/\" \/>\n<meta property=\"og:locale\" content=\"pl_PL\" \/>\n<meta property=\"og:type\" content=\"article\" \/>\n<meta property=\"og:title\" content=\"Rains - Plecak\" \/>\n<meta property=\"og:description\" content=\"Parametry produktu: cena: 319.9 PLN marka: Rains p\u0142e\u0107: Female kategoria: ONA \/ Akcesoria \/ Plecaki \/ ON kolor: szary Opis: Plecak z kolekcji Rains. Model wykonany z g\u0142adkiego materia\u0142u. &#8211;\" \/>\n<meta property=\"og:url\" content=\"https:\/\/torebunia.pl\/sklep\/produkt\/rains-plecak\/\" \/>\n<meta property=\"og:site_name\" content=\"Moje Blog\" \/>\n<meta property=\"article:modified_time\" content=\"2021-01-27T11:58:38+00:00\" \/>\n<meta property=\"og:image\" content=\"https:\/\/torebunia.pl\/sklep\/wp-content\/uploads\/2021\/01\/471098dba99bbf9a3f58654e69b6c7e80ef60f4f.jpg\" \/>\n\t<meta property=\"og:image:width\" content=\"855\" \/>\n\t<meta property=\"og:image:height\" content=\"1290\" \/>\n<meta name=\"twitter:card\" content=\"summary_large_image\" \/>\n<script type=\"application\/ld+json\" class=\"yoast-schema-graph\">{\"@context\":\"https:\/\/schema.org\",\"@graph\":[{\"@type\":\"WebSite\",\"@id\":\"https:\/\/torebunia.pl\/sklep\/#website\",\"url\":\"https:\/\/torebunia.pl\/sklep\/\",\"name\":\"Moje Blog\",\"description\":\"Kolejna witryna WordPress\",\"potentialAction\":[{\"@type\":\"SearchAction\",\"target\":\"https:\/\/torebunia.pl\/sklep\/?s={search_term_string}\",\"query-input\":\"required name=search_term_string\"}],\"inLanguage\":\"pl-PL\"},{\"@type\":\"ImageObject\",\"@id\":\"https:\/\/torebunia.pl\/sklep\/produkt\/rains-plecak\/#primaryimage\",\"inLanguage\":\"pl-PL\",\"url\":\"https:\/\/torebunia.pl\/sklep\/wp-content\/uploads\/2021\/01\/471098dba99bbf9a3f58654e69b6c7e80ef60f4f.jpg\",\"width\":855,\"height\":1290,\"caption\":\"Rains - Plecak\"},{\"@type\":\"WebPage\",\"@id\":\"https:\/\/torebunia.pl\/sklep\/produkt\/rains-plecak\/#webpage\",\"url\":\"https:\/\/torebunia.pl\/sklep\/produkt\/rains-plecak\/\",\"name\":\"Rains - Plecak\",\"isPartOf\":{\"@id\":\"https:\/\/torebunia.pl\/sklep\/#website\"},\"primaryImageOfPage\":{\"@id\":\"https:\/\/torebunia.pl\/sklep\/produkt\/rains-plecak\/#primaryimage\"},\"datePublished\":\"2020-12-28T08:23:01+00:00\",\"dateModified\":\"2021-01-27T11:58:38+00:00\",\"inLanguage\":\"pl-PL\",\"potentialAction\":[{\"@type\":\"ReadAction\",\"target\":[\"https:\/\/torebunia.pl\/sklep\/produkt\/rains-plecak\/\"]}]}]}<\/script>\n<!-- \/ Yoast SEO plugin. -->","_links":{"self":[{"href":"https:\/\/torebunia.pl\/sklep\/wp-json\/wp\/v2\/product\/15982","targetHints":{"allow":["GET"]}}],"collection":[{"href":"https:\/\/torebunia.pl\/sklep\/wp-json\/wp\/v2\/product"}],"about":[{"href":"https:\/\/torebunia.pl\/sklep\/wp-json\/wp\/v2\/types\/product"}],"replies":[{"embeddable":true,"href":"https:\/\/torebunia.pl\/sklep\/wp-json\/wp\/v2\/comments?post=15982"}],"wp:featuredmedia":[{"embeddable":true,"href":"https:\/\/torebunia.pl\/sklep\/wp-json\/wp\/v2\/media\/15983"}],"wp:attachment":[{"href":"https:\/\/torebunia.pl\/sklep\/wp-json\/wp\/v2\/media?parent=15982"}],"curies":[{"name":"wp","href":"https:\/\/api.w.org\/{rel}","templated":true}]}}