{"id":15864,"date":"2020-12-04T22:21:14","date_gmt":"2020-12-04T22:21:14","guid":{"rendered":"https:\/\/torebunia.pl\/sklep\/produkt\/pinko-spodnie-11\/"},"modified":"2021-01-27T11:29:57","modified_gmt":"2021-01-27T11:29:57","slug":"pinko-spodnie-11","status":"publish","type":"product","link":"https:\/\/torebunia.pl\/sklep\/produkt\/pinko-spodnie-11\/","title":{"rendered":"Pinko &#8211; Spodnie"},"content":{"rendered":"<p>Parametry produktu:<\/p>\n<ul>\n<li>cena: <strong>569.9 PLN<\/strong><\/li>\n<li>marka: <strong>Pinko<\/strong><\/li>\n<li>p\u0142e\u0107: <strong>Female<\/strong><\/li>\n<li>kategoria: <strong>ONA \/ Odzie\u017c \/ Spodnie i legginsy \/ Dresowe<\/strong><\/li>\n<li>kolor: <strong>be\u017cowy<\/strong><\/li>\n<\/ul>\n<p>Opis:<br \/>\nDost\u0119pne rozmiary s\u0105 przeliczone z w\u0142oskiej rozmiar\u00f3wki producenta na standardow\u0105 rozmiar\u00f3wk\u0119 europejsk\u0105. Zamawiany rozmiar mo\u017ce r\u00f3\u017cni\u0107 si\u0119 od widocznego na metce (IT 38\/XXS = EU XS). Dla pewno\u015bci prosimy o zapoznanie si\u0119 z tabel\u0105 rozmiarow\u0105. Spodnie z kolekcji Pinko. Model wykonany z cienkiej, lekko elastycznej dzianiny. Uwaga: oryginalna rozmiar\u00f3wka produkt\u00f3w tej marki jest rozmiar\u00f3wk\u0105 w\u0142osk\u0105. Informujemy, \u017ce rozmiary na metkach mog\u0105 r\u00f3\u017cni\u0107 si\u0119 od zamawianych ze wzgl\u0119du na zastosowany przelicznik. &#8211; Wsuwane kieszenie. &#8211; Elastyczna listwa w pasie. &#8211; Cienka, elastyczna dzianina. &#8211; W pasie troczki. &#8211; Szeroko\u015b\u0107 w pasie: 36 cm. &#8211; Szeroko\u015b\u0107 w biodrach: 43 cm. &#8211; Wysoko\u015b\u0107 stanu: 34 cm. &#8211; Szeroko\u015b\u0107 nogawki na dole: 13 cm. &#8211; Szeroko\u015b\u0107 nogawki: 29 cm. &#8211; D\u0142ugo\u015b\u0107: 100 cm. &#8211; Wymiary podane dla rozmiaru: S. Wz\u00f3r: g\u0142adkie Materia\u0142: dzianina Materia\u0142: bawe\u0142na Sk\u0142ad: 100 % Bawe\u0142na ID produktu: 4900-SPD0KB Kod producenta: 1N12Y0.Y75F<\/p>\n","protected":false},"excerpt":{"rendered":"<p>Parametry produktu: cena: 569.9 PLN marka: Pinko p\u0142e\u0107: Female kategoria: ONA \/ Odzie\u017c \/ Spodnie i legginsy \/ Dresowe kolor: be\u017cowy Opis: Dost\u0119pne rozmiary s\u0105 przeliczone z w\u0142oskiej rozmiar\u00f3wki producenta<\/p>\n","protected":false},"featured_media":15865,"comment_status":"closed","ping_status":"open","template":"","meta":[],"class_list":{"0":"post-15864","1":"product","2":"type-product","3":"status-publish","5":"hentry","6":"product_cat-dresowe","7":"product_cat-odziez","8":"product_cat-ona","9":"product_cat-spodnie-i-legginsy","10":"product_tag-pinko","11":"product_tag-pinko-spodnie"},"yoast_head":"<!-- This site is optimized with the Yoast SEO plugin v15.6.2 - https:\/\/yoast.com\/wordpress\/plugins\/seo\/ -->\n<title>Pinko - Spodnie<\/title>\n<meta name=\"robots\" content=\"index, follow, max-snippet:-1, max-image-preview:large, max-video-preview:-1\" \/>\n<link rel=\"canonical\" href=\"https:\/\/torebunia.pl\/sklep\/produkt\/pinko-spodnie-11\/\" \/>\n<meta property=\"og:locale\" content=\"pl_PL\" \/>\n<meta property=\"og:type\" content=\"article\" \/>\n<meta property=\"og:title\" content=\"Pinko - Spodnie\" \/>\n<meta property=\"og:description\" content=\"Parametry produktu: cena: 569.9 PLN marka: Pinko p\u0142e\u0107: Female kategoria: ONA \/ Odzie\u017c \/ Spodnie i legginsy \/ Dresowe kolor: be\u017cowy Opis: Dost\u0119pne rozmiary s\u0105 przeliczone z w\u0142oskiej rozmiar\u00f3wki producenta\" \/>\n<meta property=\"og:url\" content=\"https:\/\/torebunia.pl\/sklep\/produkt\/pinko-spodnie-11\/\" \/>\n<meta property=\"og:site_name\" content=\"Moje Blog\" \/>\n<meta property=\"article:modified_time\" content=\"2021-01-27T11:29:57+00:00\" \/>\n<meta property=\"og:image\" content=\"https:\/\/torebunia.pl\/sklep\/wp-content\/uploads\/2021\/01\/3d3b1fd357d6f400ed363cd743eb773d7a70db28.jpg\" \/>\n\t<meta property=\"og:image:width\" content=\"855\" \/>\n\t<meta property=\"og:image:height\" content=\"1290\" \/>\n<meta name=\"twitter:card\" content=\"summary_large_image\" \/>\n<meta name=\"twitter:label1\" content=\"Est. reading time\">\n\t<meta name=\"twitter:data1\" content=\"1 minuta\">\n<script type=\"application\/ld+json\" class=\"yoast-schema-graph\">{\"@context\":\"https:\/\/schema.org\",\"@graph\":[{\"@type\":\"WebSite\",\"@id\":\"https:\/\/torebunia.pl\/sklep\/#website\",\"url\":\"https:\/\/torebunia.pl\/sklep\/\",\"name\":\"Moje Blog\",\"description\":\"Kolejna witryna WordPress\",\"potentialAction\":[{\"@type\":\"SearchAction\",\"target\":\"https:\/\/torebunia.pl\/sklep\/?s={search_term_string}\",\"query-input\":\"required name=search_term_string\"}],\"inLanguage\":\"pl-PL\"},{\"@type\":\"ImageObject\",\"@id\":\"https:\/\/torebunia.pl\/sklep\/produkt\/pinko-spodnie-11\/#primaryimage\",\"inLanguage\":\"pl-PL\",\"url\":\"https:\/\/torebunia.pl\/sklep\/wp-content\/uploads\/2021\/01\/3d3b1fd357d6f400ed363cd743eb773d7a70db28.jpg\",\"width\":855,\"height\":1290,\"caption\":\"Pinko - Spodnie\"},{\"@type\":\"WebPage\",\"@id\":\"https:\/\/torebunia.pl\/sklep\/produkt\/pinko-spodnie-11\/#webpage\",\"url\":\"https:\/\/torebunia.pl\/sklep\/produkt\/pinko-spodnie-11\/\",\"name\":\"Pinko - Spodnie\",\"isPartOf\":{\"@id\":\"https:\/\/torebunia.pl\/sklep\/#website\"},\"primaryImageOfPage\":{\"@id\":\"https:\/\/torebunia.pl\/sklep\/produkt\/pinko-spodnie-11\/#primaryimage\"},\"datePublished\":\"2020-12-04T22:21:14+00:00\",\"dateModified\":\"2021-01-27T11:29:57+00:00\",\"inLanguage\":\"pl-PL\",\"potentialAction\":[{\"@type\":\"ReadAction\",\"target\":[\"https:\/\/torebunia.pl\/sklep\/produkt\/pinko-spodnie-11\/\"]}]}]}<\/script>\n<!-- \/ Yoast SEO plugin. -->","_links":{"self":[{"href":"https:\/\/torebunia.pl\/sklep\/wp-json\/wp\/v2\/product\/15864","targetHints":{"allow":["GET"]}}],"collection":[{"href":"https:\/\/torebunia.pl\/sklep\/wp-json\/wp\/v2\/product"}],"about":[{"href":"https:\/\/torebunia.pl\/sklep\/wp-json\/wp\/v2\/types\/product"}],"replies":[{"embeddable":true,"href":"https:\/\/torebunia.pl\/sklep\/wp-json\/wp\/v2\/comments?post=15864"}],"wp:featuredmedia":[{"embeddable":true,"href":"https:\/\/torebunia.pl\/sklep\/wp-json\/wp\/v2\/media\/15865"}],"wp:attachment":[{"href":"https:\/\/torebunia.pl\/sklep\/wp-json\/wp\/v2\/media?parent=15864"}],"curies":[{"name":"wp","href":"https:\/\/api.w.org\/{rel}","templated":true}]}}