{"id":15834,"date":"2020-07-28T20:34:50","date_gmt":"2020-07-28T20:34:50","guid":{"rendered":"https:\/\/torebunia.pl\/sklep\/produkt\/melissa-baleriny-cleo\/"},"modified":"2021-01-27T11:29:11","modified_gmt":"2021-01-27T11:29:11","slug":"melissa-baleriny-cleo","status":"publish","type":"product","link":"https:\/\/torebunia.pl\/sklep\/produkt\/melissa-baleriny-cleo\/","title":{"rendered":"Melissa &#8211; Baleriny Cleo"},"content":{"rendered":"<p>Parametry produktu:<\/p>\n<ul>\n<li>cena: <strong>319.9 PLN<\/strong><\/li>\n<li>marka: <strong>Melissa<\/strong><\/li>\n<li>p\u0142e\u0107: <strong>Female<\/strong><\/li>\n<li>kategoria: <strong>ONA \/ Obuwie \/ Baleriny<\/strong><\/li>\n<li>kolor: <strong>czarny<\/strong><\/li>\n<\/ul>\n<p>Opis:<br \/>\nBaleriny z kolekcji Melissa. Model wykonany z materia\u0142u syntetycznego. &#8211; Buty wykonane s\u0105 z aromatyzowanego, unikalnego tworzywa Mel-flex &#8211; mieszanki plastiku i kauczuku o charakterystycznym zapachu gumy balonowej. &#8211; Spiczasty, mi\u0119kki nosek. &#8211; Usztywniony zapi\u0119tek. &#8211; Komfortowe wn\u0119trze. &#8211; Model na p\u0142askim obcasie. Materia\u0142: syntetyczny Obcas: p\u0142aski Sk\u0142ad: Cholewka: Materia\u0142 syntetyczny, Wn\u0119trze: Materia\u0142 syntetyczny, Podeszwa: Materia\u0142 syntetyczny ID produktu: 4900-OBD0K5 Kod producenta: M32905<\/p>\n","protected":false},"excerpt":{"rendered":"<p>Parametry produktu: cena: 319.9 PLN marka: Melissa p\u0142e\u0107: Female kategoria: ONA \/ Obuwie \/ Baleriny kolor: czarny Opis: Baleriny z kolekcji Melissa. Model wykonany z materia\u0142u syntetycznego. &#8211; Buty wykonane<\/p>\n","protected":false},"featured_media":15835,"comment_status":"closed","ping_status":"open","template":"","meta":[],"class_list":{"0":"post-15834","1":"product","2":"type-product","3":"status-publish","5":"hentry","6":"product_cat-baleriny","7":"product_cat-obuwie","8":"product_cat-ona","9":"product_tag-melissa","10":"product_tag-melissa-baleriny-cleo"},"yoast_head":"<!-- This site is optimized with the Yoast SEO plugin v15.6.2 - https:\/\/yoast.com\/wordpress\/plugins\/seo\/ -->\n<title>Melissa - Baleriny Cleo<\/title>\n<meta name=\"robots\" content=\"index, follow, max-snippet:-1, max-image-preview:large, max-video-preview:-1\" \/>\n<link rel=\"canonical\" href=\"https:\/\/torebunia.pl\/sklep\/produkt\/melissa-baleriny-cleo\/\" \/>\n<meta property=\"og:locale\" content=\"pl_PL\" \/>\n<meta property=\"og:type\" content=\"article\" \/>\n<meta property=\"og:title\" content=\"Melissa - Baleriny Cleo\" \/>\n<meta property=\"og:description\" content=\"Parametry produktu: cena: 319.9 PLN marka: Melissa p\u0142e\u0107: Female kategoria: ONA \/ Obuwie \/ Baleriny kolor: czarny Opis: Baleriny z kolekcji Melissa. Model wykonany z materia\u0142u syntetycznego. &#8211; Buty wykonane\" \/>\n<meta property=\"og:url\" content=\"https:\/\/torebunia.pl\/sklep\/produkt\/melissa-baleriny-cleo\/\" \/>\n<meta property=\"og:site_name\" content=\"Moje Blog\" \/>\n<meta property=\"article:modified_time\" content=\"2021-01-27T11:29:11+00:00\" \/>\n<meta property=\"og:image\" content=\"https:\/\/torebunia.pl\/sklep\/wp-content\/uploads\/2021\/01\/809843f08dc315b4cba29c64b0c6d069e124d93c.jpg\" \/>\n\t<meta property=\"og:image:width\" content=\"855\" \/>\n\t<meta property=\"og:image:height\" content=\"1290\" \/>\n<meta name=\"twitter:card\" content=\"summary_large_image\" \/>\n<script type=\"application\/ld+json\" class=\"yoast-schema-graph\">{\"@context\":\"https:\/\/schema.org\",\"@graph\":[{\"@type\":\"WebSite\",\"@id\":\"https:\/\/torebunia.pl\/sklep\/#website\",\"url\":\"https:\/\/torebunia.pl\/sklep\/\",\"name\":\"Moje Blog\",\"description\":\"Kolejna witryna WordPress\",\"potentialAction\":[{\"@type\":\"SearchAction\",\"target\":\"https:\/\/torebunia.pl\/sklep\/?s={search_term_string}\",\"query-input\":\"required name=search_term_string\"}],\"inLanguage\":\"pl-PL\"},{\"@type\":\"ImageObject\",\"@id\":\"https:\/\/torebunia.pl\/sklep\/produkt\/melissa-baleriny-cleo\/#primaryimage\",\"inLanguage\":\"pl-PL\",\"url\":\"https:\/\/torebunia.pl\/sklep\/wp-content\/uploads\/2021\/01\/809843f08dc315b4cba29c64b0c6d069e124d93c.jpg\",\"width\":855,\"height\":1290,\"caption\":\"Melissa - Baleriny Cleo\"},{\"@type\":\"WebPage\",\"@id\":\"https:\/\/torebunia.pl\/sklep\/produkt\/melissa-baleriny-cleo\/#webpage\",\"url\":\"https:\/\/torebunia.pl\/sklep\/produkt\/melissa-baleriny-cleo\/\",\"name\":\"Melissa - Baleriny Cleo\",\"isPartOf\":{\"@id\":\"https:\/\/torebunia.pl\/sklep\/#website\"},\"primaryImageOfPage\":{\"@id\":\"https:\/\/torebunia.pl\/sklep\/produkt\/melissa-baleriny-cleo\/#primaryimage\"},\"datePublished\":\"2020-07-28T20:34:50+00:00\",\"dateModified\":\"2021-01-27T11:29:11+00:00\",\"inLanguage\":\"pl-PL\",\"potentialAction\":[{\"@type\":\"ReadAction\",\"target\":[\"https:\/\/torebunia.pl\/sklep\/produkt\/melissa-baleriny-cleo\/\"]}]}]}<\/script>\n<!-- \/ Yoast SEO plugin. -->","_links":{"self":[{"href":"https:\/\/torebunia.pl\/sklep\/wp-json\/wp\/v2\/product\/15834","targetHints":{"allow":["GET"]}}],"collection":[{"href":"https:\/\/torebunia.pl\/sklep\/wp-json\/wp\/v2\/product"}],"about":[{"href":"https:\/\/torebunia.pl\/sklep\/wp-json\/wp\/v2\/types\/product"}],"replies":[{"embeddable":true,"href":"https:\/\/torebunia.pl\/sklep\/wp-json\/wp\/v2\/comments?post=15834"}],"wp:featuredmedia":[{"embeddable":true,"href":"https:\/\/torebunia.pl\/sklep\/wp-json\/wp\/v2\/media\/15835"}],"wp:attachment":[{"href":"https:\/\/torebunia.pl\/sklep\/wp-json\/wp\/v2\/media?parent=15834"}],"curies":[{"name":"wp","href":"https:\/\/api.w.org\/{rel}","templated":true}]}}