{"id":1583,"date":"2020-10-21T07:07:22","date_gmt":"2020-10-21T07:07:22","guid":{"rendered":"https:\/\/torebunia.pl\/sklep\/produkt\/answear-lab-szpilki-buonarotti\/"},"modified":"2021-01-25T14:05:32","modified_gmt":"2021-01-25T14:05:32","slug":"answear-lab-szpilki-buonarotti","status":"publish","type":"product","link":"https:\/\/torebunia.pl\/sklep\/produkt\/answear-lab-szpilki-buonarotti\/","title":{"rendered":"Answear Lab &#8211; Szpilki Buonarotti"},"content":{"rendered":"<p>Parametry produktu:<\/p>\n<ul>\n<li>cena: <strong>149.9 PLN<\/strong><\/li>\n<li>marka: <strong>Answear Lab<\/strong><\/li>\n<li>p\u0142e\u0107: <strong>Female<\/strong><\/li>\n<li>kategoria: <strong>ONA \/ Obuwie \/ Szpilki<\/strong><\/li>\n<li>kolor: <strong>czarny<\/strong><\/li>\n<\/ul>\n<p>Opis:<br \/>\nSzpilki z kolekcji Answear. Model wykonany ze sk\u00f3ry ekologicznej. &#8211; Spiczasty nosek. &#8211; Model na obcasie typu szpilka. &#8211; Mocno usztywniony zapi\u0119tek. &#8211; Wysoko\u015b\u0107 obcasa: 8,5 cm. &#8211; D\u0142ugo\u015b\u0107 wk\u0142adki wynosi: 23,5 cm. &#8211; Wymiary podane dla rozmiaru: 37. Obcas: szpilka Materia\u0142: imitacja sk\u00f3ry licowej Nosek: szpic Wysoko\u015b\u0107 obcasa: powy\u017cej 8 cm Sk\u0142ad: Cholewka: Materia\u0142 syntetyczny, Wn\u0119trze: Materia\u0142 syntetyczny, Podeszwa: Materia\u0142 syntetyczny ID produktu: -100-OBD07T Kod producenta: 1A.0374.A<\/p>\n","protected":false},"excerpt":{"rendered":"<p>Parametry produktu: cena: 149.9 PLN marka: Answear Lab p\u0142e\u0107: Female kategoria: ONA \/ Obuwie \/ Szpilki kolor: czarny Opis: Szpilki z kolekcji Answear. Model wykonany ze sk\u00f3ry ekologicznej. &#8211; Spiczasty<\/p>\n","protected":false},"featured_media":1584,"comment_status":"closed","ping_status":"open","template":"","meta":[],"class_list":{"0":"post-1583","1":"product","2":"type-product","3":"status-publish","5":"hentry","6":"product_cat-obuwie","7":"product_cat-ona","8":"product_cat-szpilki","9":"product_tag-answear-lab","10":"product_tag-answear-lab-szpilki-buonarotti"},"yoast_head":"<!-- This site is optimized with the Yoast SEO plugin v15.6.2 - https:\/\/yoast.com\/wordpress\/plugins\/seo\/ -->\n<title>Answear Lab - Szpilki Buonarotti<\/title>\n<meta name=\"robots\" content=\"index, follow, max-snippet:-1, max-image-preview:large, max-video-preview:-1\" \/>\n<link rel=\"canonical\" href=\"https:\/\/torebunia.pl\/sklep\/produkt\/answear-lab-szpilki-buonarotti\/\" \/>\n<meta property=\"og:locale\" content=\"pl_PL\" \/>\n<meta property=\"og:type\" content=\"article\" \/>\n<meta property=\"og:title\" content=\"Answear Lab - Szpilki Buonarotti\" \/>\n<meta property=\"og:description\" content=\"Parametry produktu: cena: 149.9 PLN marka: Answear Lab p\u0142e\u0107: Female kategoria: ONA \/ Obuwie \/ Szpilki kolor: czarny Opis: Szpilki z kolekcji Answear. Model wykonany ze sk\u00f3ry ekologicznej. &#8211; Spiczasty\" \/>\n<meta property=\"og:url\" content=\"https:\/\/torebunia.pl\/sklep\/produkt\/answear-lab-szpilki-buonarotti\/\" \/>\n<meta property=\"og:site_name\" content=\"Moje Blog\" \/>\n<meta property=\"article:modified_time\" content=\"2021-01-25T14:05:32+00:00\" \/>\n<meta property=\"og:image\" content=\"https:\/\/torebunia.pl\/sklep\/wp-content\/uploads\/2021\/01\/2c0bbbfcc694a564f1f7b10a8e911c546d373e43.jpg\" \/>\n\t<meta property=\"og:image:width\" content=\"855\" \/>\n\t<meta property=\"og:image:height\" content=\"1290\" \/>\n<meta name=\"twitter:card\" content=\"summary_large_image\" \/>\n<script type=\"application\/ld+json\" class=\"yoast-schema-graph\">{\"@context\":\"https:\/\/schema.org\",\"@graph\":[{\"@type\":\"WebSite\",\"@id\":\"https:\/\/torebunia.pl\/sklep\/#website\",\"url\":\"https:\/\/torebunia.pl\/sklep\/\",\"name\":\"Moje Blog\",\"description\":\"Kolejna witryna WordPress\",\"potentialAction\":[{\"@type\":\"SearchAction\",\"target\":\"https:\/\/torebunia.pl\/sklep\/?s={search_term_string}\",\"query-input\":\"required name=search_term_string\"}],\"inLanguage\":\"pl-PL\"},{\"@type\":\"ImageObject\",\"@id\":\"https:\/\/torebunia.pl\/sklep\/produkt\/answear-lab-szpilki-buonarotti\/#primaryimage\",\"inLanguage\":\"pl-PL\",\"url\":\"https:\/\/torebunia.pl\/sklep\/wp-content\/uploads\/2021\/01\/2c0bbbfcc694a564f1f7b10a8e911c546d373e43.jpg\",\"width\":855,\"height\":1290,\"caption\":\"Answear Lab - Szpilki Buonarotti\"},{\"@type\":\"WebPage\",\"@id\":\"https:\/\/torebunia.pl\/sklep\/produkt\/answear-lab-szpilki-buonarotti\/#webpage\",\"url\":\"https:\/\/torebunia.pl\/sklep\/produkt\/answear-lab-szpilki-buonarotti\/\",\"name\":\"Answear Lab - Szpilki Buonarotti\",\"isPartOf\":{\"@id\":\"https:\/\/torebunia.pl\/sklep\/#website\"},\"primaryImageOfPage\":{\"@id\":\"https:\/\/torebunia.pl\/sklep\/produkt\/answear-lab-szpilki-buonarotti\/#primaryimage\"},\"datePublished\":\"2020-10-21T07:07:22+00:00\",\"dateModified\":\"2021-01-25T14:05:32+00:00\",\"inLanguage\":\"pl-PL\",\"potentialAction\":[{\"@type\":\"ReadAction\",\"target\":[\"https:\/\/torebunia.pl\/sklep\/produkt\/answear-lab-szpilki-buonarotti\/\"]}]}]}<\/script>\n<!-- \/ Yoast SEO plugin. -->","_links":{"self":[{"href":"https:\/\/torebunia.pl\/sklep\/wp-json\/wp\/v2\/product\/1583","targetHints":{"allow":["GET"]}}],"collection":[{"href":"https:\/\/torebunia.pl\/sklep\/wp-json\/wp\/v2\/product"}],"about":[{"href":"https:\/\/torebunia.pl\/sklep\/wp-json\/wp\/v2\/types\/product"}],"replies":[{"embeddable":true,"href":"https:\/\/torebunia.pl\/sklep\/wp-json\/wp\/v2\/comments?post=1583"}],"wp:featuredmedia":[{"embeddable":true,"href":"https:\/\/torebunia.pl\/sklep\/wp-json\/wp\/v2\/media\/1584"}],"wp:attachment":[{"href":"https:\/\/torebunia.pl\/sklep\/wp-json\/wp\/v2\/media?parent=1583"}],"curies":[{"name":"wp","href":"https:\/\/api.w.org\/{rel}","templated":true}]}}