{"id":15714,"date":"2020-09-07T01:31:36","date_gmt":"2020-09-07T01:31:36","guid":{"rendered":"https:\/\/torebunia.pl\/sklep\/produkt\/mango-marynarka-anna\/"},"modified":"2021-01-27T11:25:50","modified_gmt":"2021-01-27T11:25:50","slug":"mango-marynarka-anna","status":"publish","type":"product","link":"https:\/\/torebunia.pl\/sklep\/produkt\/mango-marynarka-anna\/","title":{"rendered":"Mango &#8211; Marynarka ANNA"},"content":{"rendered":"<p>Parametry produktu:<\/p>\n<ul>\n<li>cena: <strong>399.99 PLN<\/strong><\/li>\n<li>marka: <strong>Mango<\/strong><\/li>\n<li>p\u0142e\u0107: <strong>Female<\/strong><\/li>\n<li>kategoria: <strong>ONA \/ Odzie\u017c \/ Marynarki i kamizelki \/ Marynarki<\/strong><\/li>\n<li>kolor: <strong>jasny szary<\/strong><\/li>\n<\/ul>\n<p>Opis:<br \/>\nMarynarka z kolekcji Mango. Model wykonany z wzorzystej dzianiny. &#8211; Prosty fason. &#8211; Zapi\u0119cie na guzik. &#8211; Klasyczne klapy. &#8211; Z przodu kieszonki. &#8211; Model na podszewce. Wz\u00f3r: wzorzyste Podszewka: z podszewk\u0105 Materia\u0142: z domieszk\u0105 we\u0142ny Fason: jednorz\u0119dowy Sk\u0142ad: Podszewka: 45 % Poliester, 55 % Wiskoza, Materia\u0142 zasadniczy: 1 % Poliamid, 25 % Poliester, 19 % Bawe\u0142na, 31 % Akryl, 3 % Wiskoza, 21 % We\u0142na, Podszewka r\u0119kaw\u00f3w: 100 % Poliester ID produktu: -100-KZD010 Kod producenta: 77027108<\/p>\n","protected":false},"excerpt":{"rendered":"<p>Parametry produktu: cena: 399.99 PLN marka: Mango p\u0142e\u0107: Female kategoria: ONA \/ Odzie\u017c \/ Marynarki i kamizelki \/ Marynarki kolor: jasny szary Opis: Marynarka z kolekcji Mango. Model wykonany z<\/p>\n","protected":false},"featured_media":15715,"comment_status":"closed","ping_status":"open","template":"","meta":[],"class_list":{"0":"post-15714","1":"product","2":"type-product","3":"status-publish","5":"hentry","6":"product_cat-marynarki","7":"product_cat-marynarki-i-kamizelki","8":"product_cat-odziez","9":"product_cat-ona","10":"product_tag-mango","11":"product_tag-mango-marynarka-anna"},"yoast_head":"<!-- This site is optimized with the Yoast SEO plugin v15.6.2 - https:\/\/yoast.com\/wordpress\/plugins\/seo\/ -->\n<title>Mango - Marynarka ANNA<\/title>\n<meta name=\"robots\" content=\"index, follow, max-snippet:-1, max-image-preview:large, max-video-preview:-1\" \/>\n<link rel=\"canonical\" href=\"https:\/\/torebunia.pl\/sklep\/produkt\/mango-marynarka-anna\/\" \/>\n<meta property=\"og:locale\" content=\"pl_PL\" \/>\n<meta property=\"og:type\" content=\"article\" \/>\n<meta property=\"og:title\" content=\"Mango - Marynarka ANNA\" \/>\n<meta property=\"og:description\" content=\"Parametry produktu: cena: 399.99 PLN marka: Mango p\u0142e\u0107: Female kategoria: ONA \/ Odzie\u017c \/ Marynarki i kamizelki \/ Marynarki kolor: jasny szary Opis: Marynarka z kolekcji Mango. Model wykonany z\" \/>\n<meta property=\"og:url\" content=\"https:\/\/torebunia.pl\/sklep\/produkt\/mango-marynarka-anna\/\" \/>\n<meta property=\"og:site_name\" content=\"Moje Blog\" \/>\n<meta property=\"article:modified_time\" content=\"2021-01-27T11:25:50+00:00\" \/>\n<meta property=\"og:image\" content=\"https:\/\/torebunia.pl\/sklep\/wp-content\/uploads\/2021\/01\/f39931c08df576e476b1081581ecd8e4b8c57ce8.jpg\" \/>\n\t<meta property=\"og:image:width\" content=\"855\" \/>\n\t<meta property=\"og:image:height\" content=\"1290\" \/>\n<meta name=\"twitter:card\" content=\"summary_large_image\" \/>\n<script type=\"application\/ld+json\" class=\"yoast-schema-graph\">{\"@context\":\"https:\/\/schema.org\",\"@graph\":[{\"@type\":\"WebSite\",\"@id\":\"https:\/\/torebunia.pl\/sklep\/#website\",\"url\":\"https:\/\/torebunia.pl\/sklep\/\",\"name\":\"Moje Blog\",\"description\":\"Kolejna witryna WordPress\",\"potentialAction\":[{\"@type\":\"SearchAction\",\"target\":\"https:\/\/torebunia.pl\/sklep\/?s={search_term_string}\",\"query-input\":\"required name=search_term_string\"}],\"inLanguage\":\"pl-PL\"},{\"@type\":\"ImageObject\",\"@id\":\"https:\/\/torebunia.pl\/sklep\/produkt\/mango-marynarka-anna\/#primaryimage\",\"inLanguage\":\"pl-PL\",\"url\":\"https:\/\/torebunia.pl\/sklep\/wp-content\/uploads\/2021\/01\/f39931c08df576e476b1081581ecd8e4b8c57ce8.jpg\",\"width\":855,\"height\":1290,\"caption\":\"Mango - Marynarka ANNA\"},{\"@type\":\"WebPage\",\"@id\":\"https:\/\/torebunia.pl\/sklep\/produkt\/mango-marynarka-anna\/#webpage\",\"url\":\"https:\/\/torebunia.pl\/sklep\/produkt\/mango-marynarka-anna\/\",\"name\":\"Mango - Marynarka ANNA\",\"isPartOf\":{\"@id\":\"https:\/\/torebunia.pl\/sklep\/#website\"},\"primaryImageOfPage\":{\"@id\":\"https:\/\/torebunia.pl\/sklep\/produkt\/mango-marynarka-anna\/#primaryimage\"},\"datePublished\":\"2020-09-07T01:31:36+00:00\",\"dateModified\":\"2021-01-27T11:25:50+00:00\",\"inLanguage\":\"pl-PL\",\"potentialAction\":[{\"@type\":\"ReadAction\",\"target\":[\"https:\/\/torebunia.pl\/sklep\/produkt\/mango-marynarka-anna\/\"]}]}]}<\/script>\n<!-- \/ Yoast SEO plugin. -->","_links":{"self":[{"href":"https:\/\/torebunia.pl\/sklep\/wp-json\/wp\/v2\/product\/15714","targetHints":{"allow":["GET"]}}],"collection":[{"href":"https:\/\/torebunia.pl\/sklep\/wp-json\/wp\/v2\/product"}],"about":[{"href":"https:\/\/torebunia.pl\/sklep\/wp-json\/wp\/v2\/types\/product"}],"replies":[{"embeddable":true,"href":"https:\/\/torebunia.pl\/sklep\/wp-json\/wp\/v2\/comments?post=15714"}],"wp:featuredmedia":[{"embeddable":true,"href":"https:\/\/torebunia.pl\/sklep\/wp-json\/wp\/v2\/media\/15715"}],"wp:attachment":[{"href":"https:\/\/torebunia.pl\/sklep\/wp-json\/wp\/v2\/media?parent=15714"}],"curies":[{"name":"wp","href":"https:\/\/api.w.org\/{rel}","templated":true}]}}