{"id":15704,"date":"2020-03-15T19:20:23","date_gmt":"2020-03-15T19:20:23","guid":{"rendered":"https:\/\/torebunia.pl\/sklep\/produkt\/samsoe-samsoe-koszula\/"},"modified":"2021-01-27T11:25:32","modified_gmt":"2021-01-27T11:25:32","slug":"samsoe-samsoe-koszula","status":"publish","type":"product","link":"https:\/\/torebunia.pl\/sklep\/produkt\/samsoe-samsoe-koszula\/","title":{"rendered":"Samsoe Samsoe &#8211; Koszula"},"content":{"rendered":"<p>Parametry produktu:<\/p>\n<ul>\n<li>cena: <strong>319.9 PLN<\/strong><\/li>\n<li>marka: <strong>Samsoe Samsoe<\/strong><\/li>\n<li>p\u0142e\u0107: <strong>Female<\/strong><\/li>\n<li>kategoria: <strong>ONA \/ Odzie\u017c \/ Bluzki i koszule \/ Koszule<\/strong><\/li>\n<li>kolor: <strong>bia\u0142y<\/strong><\/li>\n<\/ul>\n<p>Opis:<br \/>\nKoszula z kolekcji Samsoe Samsoe. Model wykonany z wzorzystej tkaniny. &#8211; Lu\u017any fason. &#8211; Kr\u00f3tki r\u0119kaw. &#8211; Zapi\u0119cie na guziki. &#8211; Cienka, elastyczna tkanina. &#8211; D\u0142ugo\u015b\u0107: 57 cm. &#8211; Szeroko\u015b\u0107 pod pachami: 53 cm. &#8211; Wymiary podane dla rozmiaru: S. Wz\u00f3r: wzorzyste R\u0119kaw: kr\u00f3tki Materia\u0142: z elastanem Ko\u0142nierzyk: klasyczny Okazje: casual Fason: relaxed Sk\u0142ad: 4 % Elastan, 96 % Wiskoza ID produktu: 4891-KDD01S Kod producenta: F19223315<\/p>\n","protected":false},"excerpt":{"rendered":"<p>Parametry produktu: cena: 319.9 PLN marka: Samsoe Samsoe p\u0142e\u0107: Female kategoria: ONA \/ Odzie\u017c \/ Bluzki i koszule \/ Koszule kolor: bia\u0142y Opis: Koszula z kolekcji Samsoe Samsoe. Model wykonany<\/p>\n","protected":false},"featured_media":15705,"comment_status":"closed","ping_status":"open","template":"","meta":[],"class_list":{"0":"post-15704","1":"product","2":"type-product","3":"status-publish","5":"hentry","6":"product_cat-bluzki-i-koszule","7":"product_cat-koszule","8":"product_cat-odziez","9":"product_cat-ona","10":"product_tag-samsoe-samsoe","11":"product_tag-samsoe-samsoe-koszula"},"yoast_head":"<!-- This site is optimized with the Yoast SEO plugin v15.6.2 - https:\/\/yoast.com\/wordpress\/plugins\/seo\/ -->\n<title>Samsoe Samsoe - Koszula<\/title>\n<meta name=\"robots\" content=\"index, follow, max-snippet:-1, max-image-preview:large, max-video-preview:-1\" \/>\n<link rel=\"canonical\" href=\"https:\/\/torebunia.pl\/sklep\/produkt\/samsoe-samsoe-koszula\/\" \/>\n<meta property=\"og:locale\" content=\"pl_PL\" \/>\n<meta property=\"og:type\" content=\"article\" \/>\n<meta property=\"og:title\" content=\"Samsoe Samsoe - Koszula\" \/>\n<meta property=\"og:description\" content=\"Parametry produktu: cena: 319.9 PLN marka: Samsoe Samsoe p\u0142e\u0107: Female kategoria: ONA \/ Odzie\u017c \/ Bluzki i koszule \/ Koszule kolor: bia\u0142y Opis: Koszula z kolekcji Samsoe Samsoe. Model wykonany\" \/>\n<meta property=\"og:url\" content=\"https:\/\/torebunia.pl\/sklep\/produkt\/samsoe-samsoe-koszula\/\" \/>\n<meta property=\"og:site_name\" content=\"Moje Blog\" \/>\n<meta property=\"article:modified_time\" content=\"2021-01-27T11:25:32+00:00\" \/>\n<meta property=\"og:image\" content=\"https:\/\/torebunia.pl\/sklep\/wp-content\/uploads\/2021\/01\/2966bcba083466803db86d99903d5d0382c10508.jpg\" \/>\n\t<meta property=\"og:image:width\" content=\"855\" \/>\n\t<meta property=\"og:image:height\" content=\"1290\" \/>\n<meta name=\"twitter:card\" content=\"summary_large_image\" \/>\n<script type=\"application\/ld+json\" class=\"yoast-schema-graph\">{\"@context\":\"https:\/\/schema.org\",\"@graph\":[{\"@type\":\"WebSite\",\"@id\":\"https:\/\/torebunia.pl\/sklep\/#website\",\"url\":\"https:\/\/torebunia.pl\/sklep\/\",\"name\":\"Moje Blog\",\"description\":\"Kolejna witryna WordPress\",\"potentialAction\":[{\"@type\":\"SearchAction\",\"target\":\"https:\/\/torebunia.pl\/sklep\/?s={search_term_string}\",\"query-input\":\"required name=search_term_string\"}],\"inLanguage\":\"pl-PL\"},{\"@type\":\"ImageObject\",\"@id\":\"https:\/\/torebunia.pl\/sklep\/produkt\/samsoe-samsoe-koszula\/#primaryimage\",\"inLanguage\":\"pl-PL\",\"url\":\"https:\/\/torebunia.pl\/sklep\/wp-content\/uploads\/2021\/01\/2966bcba083466803db86d99903d5d0382c10508.jpg\",\"width\":855,\"height\":1290,\"caption\":\"Samsoe Samsoe - Koszula\"},{\"@type\":\"WebPage\",\"@id\":\"https:\/\/torebunia.pl\/sklep\/produkt\/samsoe-samsoe-koszula\/#webpage\",\"url\":\"https:\/\/torebunia.pl\/sklep\/produkt\/samsoe-samsoe-koszula\/\",\"name\":\"Samsoe Samsoe - Koszula\",\"isPartOf\":{\"@id\":\"https:\/\/torebunia.pl\/sklep\/#website\"},\"primaryImageOfPage\":{\"@id\":\"https:\/\/torebunia.pl\/sklep\/produkt\/samsoe-samsoe-koszula\/#primaryimage\"},\"datePublished\":\"2020-03-15T19:20:23+00:00\",\"dateModified\":\"2021-01-27T11:25:32+00:00\",\"inLanguage\":\"pl-PL\",\"potentialAction\":[{\"@type\":\"ReadAction\",\"target\":[\"https:\/\/torebunia.pl\/sklep\/produkt\/samsoe-samsoe-koszula\/\"]}]}]}<\/script>\n<!-- \/ Yoast SEO plugin. -->","_links":{"self":[{"href":"https:\/\/torebunia.pl\/sklep\/wp-json\/wp\/v2\/product\/15704","targetHints":{"allow":["GET"]}}],"collection":[{"href":"https:\/\/torebunia.pl\/sklep\/wp-json\/wp\/v2\/product"}],"about":[{"href":"https:\/\/torebunia.pl\/sklep\/wp-json\/wp\/v2\/types\/product"}],"replies":[{"embeddable":true,"href":"https:\/\/torebunia.pl\/sklep\/wp-json\/wp\/v2\/comments?post=15704"}],"wp:featuredmedia":[{"embeddable":true,"href":"https:\/\/torebunia.pl\/sklep\/wp-json\/wp\/v2\/media\/15705"}],"wp:attachment":[{"href":"https:\/\/torebunia.pl\/sklep\/wp-json\/wp\/v2\/media?parent=15704"}],"curies":[{"name":"wp","href":"https:\/\/api.w.org\/{rel}","templated":true}]}}