{"id":15590,"date":"2020-05-01T21:00:12","date_gmt":"2020-05-01T21:00:12","guid":{"rendered":"https:\/\/torebunia.pl\/sklep\/produkt\/mango-marynarka-boreal\/"},"modified":"2021-01-27T11:22:11","modified_gmt":"2021-01-27T11:22:11","slug":"mango-marynarka-boreal","status":"publish","type":"product","link":"https:\/\/torebunia.pl\/sklep\/produkt\/mango-marynarka-boreal\/","title":{"rendered":"Mango &#8211; Marynarka Boreal"},"content":{"rendered":"<p>Parametry produktu:<\/p>\n<ul>\n<li>cena: <strong>139.99 PLN<\/strong><\/li>\n<li>marka: <strong>Mango<\/strong><\/li>\n<li>p\u0142e\u0107: <strong>Female<\/strong><\/li>\n<li>kategoria: <strong>ONA \/ Odzie\u017c \/ Marynarki i kamizelki \/ Marynarki<\/strong><\/li>\n<li>kolor: <strong>czarny<\/strong><\/li>\n<\/ul>\n<p>Opis:<br \/>\nMarynarka z kolekcji Mango. Model wykonany z g\u0142adkiej tkaniny. &#8211; Prosty fason. &#8211; Z przodu kieszonki. &#8211; Zapi\u0119cie na guzik. &#8211; Cienki materia\u0142. &#8211; Model na podszewce. &#8211; Klasyczne klapy. Wz\u00f3r: g\u0142adkie Materia\u0142: tkanina Podszewka: z podszewk\u0105 Fason: jednorz\u0119dowy Sk\u0142ad: Podszewka: 55 % Poliester, 45 % Wiskoza, Materia\u0142 zasadniczy: 64 % Poliester, 34 % Wiskoza, 2 % Elastan, Podszewka r\u0119kaw\u00f3w: 100 % Poliester ID produktu: -100-KZD001 Kod producenta: 77040108<\/p>\n","protected":false},"excerpt":{"rendered":"<p>Parametry produktu: cena: 139.99 PLN marka: Mango p\u0142e\u0107: Female kategoria: ONA \/ Odzie\u017c \/ Marynarki i kamizelki \/ Marynarki kolor: czarny Opis: Marynarka z kolekcji Mango. Model wykonany z g\u0142adkiej<\/p>\n","protected":false},"featured_media":15591,"comment_status":"closed","ping_status":"open","template":"","meta":[],"class_list":{"0":"post-15590","1":"product","2":"type-product","3":"status-publish","5":"hentry","6":"product_cat-marynarki","7":"product_cat-marynarki-i-kamizelki","8":"product_cat-odziez","9":"product_cat-ona","10":"product_tag-mango","11":"product_tag-mango-marynarka-boreal"},"yoast_head":"<!-- This site is optimized with the Yoast SEO plugin v15.6.2 - https:\/\/yoast.com\/wordpress\/plugins\/seo\/ -->\n<title>Mango - Marynarka Boreal<\/title>\n<meta name=\"robots\" content=\"index, follow, max-snippet:-1, max-image-preview:large, max-video-preview:-1\" \/>\n<link rel=\"canonical\" href=\"https:\/\/torebunia.pl\/sklep\/produkt\/mango-marynarka-boreal\/\" \/>\n<meta property=\"og:locale\" content=\"pl_PL\" \/>\n<meta property=\"og:type\" content=\"article\" \/>\n<meta property=\"og:title\" content=\"Mango - Marynarka Boreal\" \/>\n<meta property=\"og:description\" content=\"Parametry produktu: cena: 139.99 PLN marka: Mango p\u0142e\u0107: Female kategoria: ONA \/ Odzie\u017c \/ Marynarki i kamizelki \/ Marynarki kolor: czarny Opis: Marynarka z kolekcji Mango. Model wykonany z g\u0142adkiej\" \/>\n<meta property=\"og:url\" content=\"https:\/\/torebunia.pl\/sklep\/produkt\/mango-marynarka-boreal\/\" \/>\n<meta property=\"og:site_name\" content=\"Moje Blog\" \/>\n<meta property=\"article:modified_time\" content=\"2021-01-27T11:22:11+00:00\" \/>\n<meta property=\"og:image\" content=\"https:\/\/torebunia.pl\/sklep\/wp-content\/uploads\/2021\/01\/0790face1e392b653798963b698e8225a5f4fe26.jpg\" \/>\n\t<meta property=\"og:image:width\" content=\"855\" \/>\n\t<meta property=\"og:image:height\" content=\"1290\" \/>\n<meta name=\"twitter:card\" content=\"summary_large_image\" \/>\n<script type=\"application\/ld+json\" class=\"yoast-schema-graph\">{\"@context\":\"https:\/\/schema.org\",\"@graph\":[{\"@type\":\"WebSite\",\"@id\":\"https:\/\/torebunia.pl\/sklep\/#website\",\"url\":\"https:\/\/torebunia.pl\/sklep\/\",\"name\":\"Moje Blog\",\"description\":\"Kolejna witryna WordPress\",\"potentialAction\":[{\"@type\":\"SearchAction\",\"target\":\"https:\/\/torebunia.pl\/sklep\/?s={search_term_string}\",\"query-input\":\"required name=search_term_string\"}],\"inLanguage\":\"pl-PL\"},{\"@type\":\"ImageObject\",\"@id\":\"https:\/\/torebunia.pl\/sklep\/produkt\/mango-marynarka-boreal\/#primaryimage\",\"inLanguage\":\"pl-PL\",\"url\":\"https:\/\/torebunia.pl\/sklep\/wp-content\/uploads\/2021\/01\/0790face1e392b653798963b698e8225a5f4fe26.jpg\",\"width\":855,\"height\":1290,\"caption\":\"Mango - Marynarka Boreal\"},{\"@type\":\"WebPage\",\"@id\":\"https:\/\/torebunia.pl\/sklep\/produkt\/mango-marynarka-boreal\/#webpage\",\"url\":\"https:\/\/torebunia.pl\/sklep\/produkt\/mango-marynarka-boreal\/\",\"name\":\"Mango - Marynarka Boreal\",\"isPartOf\":{\"@id\":\"https:\/\/torebunia.pl\/sklep\/#website\"},\"primaryImageOfPage\":{\"@id\":\"https:\/\/torebunia.pl\/sklep\/produkt\/mango-marynarka-boreal\/#primaryimage\"},\"datePublished\":\"2020-05-01T21:00:12+00:00\",\"dateModified\":\"2021-01-27T11:22:11+00:00\",\"inLanguage\":\"pl-PL\",\"potentialAction\":[{\"@type\":\"ReadAction\",\"target\":[\"https:\/\/torebunia.pl\/sklep\/produkt\/mango-marynarka-boreal\/\"]}]}]}<\/script>\n<!-- \/ Yoast SEO plugin. -->","_links":{"self":[{"href":"https:\/\/torebunia.pl\/sklep\/wp-json\/wp\/v2\/product\/15590","targetHints":{"allow":["GET"]}}],"collection":[{"href":"https:\/\/torebunia.pl\/sklep\/wp-json\/wp\/v2\/product"}],"about":[{"href":"https:\/\/torebunia.pl\/sklep\/wp-json\/wp\/v2\/types\/product"}],"replies":[{"embeddable":true,"href":"https:\/\/torebunia.pl\/sklep\/wp-json\/wp\/v2\/comments?post=15590"}],"wp:featuredmedia":[{"embeddable":true,"href":"https:\/\/torebunia.pl\/sklep\/wp-json\/wp\/v2\/media\/15591"}],"wp:attachment":[{"href":"https:\/\/torebunia.pl\/sklep\/wp-json\/wp\/v2\/media?parent=15590"}],"curies":[{"name":"wp","href":"https:\/\/api.w.org\/{rel}","templated":true}]}}