{"id":1551,"date":"2020-11-20T13:09:15","date_gmt":"2020-11-20T13:09:15","guid":{"rendered":"https:\/\/torebunia.pl\/sklep\/produkt\/under-armour-saszetka\/"},"modified":"2021-01-25T14:04:37","modified_gmt":"2021-01-25T14:04:37","slug":"under-armour-saszetka","status":"publish","type":"product","link":"https:\/\/torebunia.pl\/sklep\/produkt\/under-armour-saszetka\/","title":{"rendered":"Under Armour &#8211; Saszetka"},"content":{"rendered":"<p>Parametry produktu:<\/p>\n<ul>\n<li>cena: <strong>99.9 PLN<\/strong><\/li>\n<li>marka: <strong>Under Armour<\/strong><\/li>\n<li>p\u0142e\u0107: <strong>Female<\/strong><\/li>\n<li>kategoria: <strong>ONA \/ Akcesoria \/ Torebki \/ Nerki i saszetki<\/strong><\/li>\n<li>kolor: <strong>stalowy zielony<\/strong><\/li>\n<\/ul>\n<p>Opis:<br \/>\n\u015aredniej wielko\u015bci saszetka z kolekcji Under Armour. zapinany model wykonany z materia\u0142u tekstylnego. &#8211; Technologia Storm gwarantuje odporno\u015b\u0107 na wod\u0119, z jednoczesn\u0105 pe\u0142n\u0105 przepuszczalno\u015bci\u0105 powietrza. &#8211; Zapi\u0119cie na suwak. &#8211; Torba do noszenia na ramieniu. &#8211; Nieodpinany d\u0142ugi pasek z regulacj\u0105. &#8211; Nie mie\u015bci formatu A4. &#8211; G\u0142\u0119boko\u015b\u0107: 6 cm. &#8211; Wysoko\u015b\u0107: 22 cm. &#8211; Szeroko\u015b\u0107 u podstawy: 16 cm. Wz\u00f3r: g\u0142adkie Materia\u0142: tekstylny Wielko\u015b\u0107: nie mie\u015bci A4 Sk\u0142ad: 100 % Poliester ID produktu: 4900-TOU01A Kod producenta: 1327794.424<\/p>\n","protected":false},"excerpt":{"rendered":"<p>Parametry produktu: cena: 99.9 PLN marka: Under Armour p\u0142e\u0107: Female kategoria: ONA \/ Akcesoria \/ Torebki \/ Nerki i saszetki kolor: stalowy zielony Opis: \u015aredniej wielko\u015bci saszetka z kolekcji Under<\/p>\n","protected":false},"featured_media":1552,"comment_status":"closed","ping_status":"open","template":"","meta":[],"class_list":{"0":"post-1551","1":"product","2":"type-product","3":"status-publish","5":"hentry","6":"product_cat-akcesoria","7":"product_cat-nerki-i-saszetki","8":"product_cat-ona","9":"product_cat-torebki","10":"product_tag-under-armour","11":"product_tag-under-armour-saszetka"},"yoast_head":"<!-- This site is optimized with the Yoast SEO plugin v15.6.2 - https:\/\/yoast.com\/wordpress\/plugins\/seo\/ -->\n<title>Under Armour - Saszetka<\/title>\n<meta name=\"robots\" content=\"index, follow, max-snippet:-1, max-image-preview:large, max-video-preview:-1\" \/>\n<link rel=\"canonical\" href=\"https:\/\/torebunia.pl\/sklep\/produkt\/under-armour-saszetka\/\" \/>\n<meta property=\"og:locale\" content=\"pl_PL\" \/>\n<meta property=\"og:type\" content=\"article\" \/>\n<meta property=\"og:title\" content=\"Under Armour - Saszetka\" \/>\n<meta property=\"og:description\" content=\"Parametry produktu: cena: 99.9 PLN marka: Under Armour p\u0142e\u0107: Female kategoria: ONA \/ Akcesoria \/ Torebki \/ Nerki i saszetki kolor: stalowy zielony Opis: \u015aredniej wielko\u015bci saszetka z kolekcji Under\" \/>\n<meta property=\"og:url\" content=\"https:\/\/torebunia.pl\/sklep\/produkt\/under-armour-saszetka\/\" \/>\n<meta property=\"og:site_name\" content=\"Moje Blog\" \/>\n<meta property=\"article:modified_time\" content=\"2021-01-25T14:04:37+00:00\" \/>\n<meta property=\"og:image\" content=\"https:\/\/torebunia.pl\/sklep\/wp-content\/uploads\/2021\/01\/68f4470c6a6430bee6a4c571440a2a919195de54.jpg\" \/>\n\t<meta property=\"og:image:width\" content=\"855\" \/>\n\t<meta property=\"og:image:height\" content=\"1290\" \/>\n<meta name=\"twitter:card\" content=\"summary_large_image\" \/>\n<meta name=\"twitter:label1\" content=\"Est. reading time\">\n\t<meta name=\"twitter:data1\" content=\"1 minuta\">\n<script type=\"application\/ld+json\" class=\"yoast-schema-graph\">{\"@context\":\"https:\/\/schema.org\",\"@graph\":[{\"@type\":\"WebSite\",\"@id\":\"https:\/\/torebunia.pl\/sklep\/#website\",\"url\":\"https:\/\/torebunia.pl\/sklep\/\",\"name\":\"Moje Blog\",\"description\":\"Kolejna witryna WordPress\",\"potentialAction\":[{\"@type\":\"SearchAction\",\"target\":\"https:\/\/torebunia.pl\/sklep\/?s={search_term_string}\",\"query-input\":\"required name=search_term_string\"}],\"inLanguage\":\"pl-PL\"},{\"@type\":\"ImageObject\",\"@id\":\"https:\/\/torebunia.pl\/sklep\/produkt\/under-armour-saszetka\/#primaryimage\",\"inLanguage\":\"pl-PL\",\"url\":\"https:\/\/torebunia.pl\/sklep\/wp-content\/uploads\/2021\/01\/68f4470c6a6430bee6a4c571440a2a919195de54.jpg\",\"width\":855,\"height\":1290,\"caption\":\"Under Armour - Saszetka\"},{\"@type\":\"WebPage\",\"@id\":\"https:\/\/torebunia.pl\/sklep\/produkt\/under-armour-saszetka\/#webpage\",\"url\":\"https:\/\/torebunia.pl\/sklep\/produkt\/under-armour-saszetka\/\",\"name\":\"Under Armour - Saszetka\",\"isPartOf\":{\"@id\":\"https:\/\/torebunia.pl\/sklep\/#website\"},\"primaryImageOfPage\":{\"@id\":\"https:\/\/torebunia.pl\/sklep\/produkt\/under-armour-saszetka\/#primaryimage\"},\"datePublished\":\"2020-11-20T13:09:15+00:00\",\"dateModified\":\"2021-01-25T14:04:37+00:00\",\"inLanguage\":\"pl-PL\",\"potentialAction\":[{\"@type\":\"ReadAction\",\"target\":[\"https:\/\/torebunia.pl\/sklep\/produkt\/under-armour-saszetka\/\"]}]}]}<\/script>\n<!-- \/ Yoast SEO plugin. -->","_links":{"self":[{"href":"https:\/\/torebunia.pl\/sklep\/wp-json\/wp\/v2\/product\/1551","targetHints":{"allow":["GET"]}}],"collection":[{"href":"https:\/\/torebunia.pl\/sklep\/wp-json\/wp\/v2\/product"}],"about":[{"href":"https:\/\/torebunia.pl\/sklep\/wp-json\/wp\/v2\/types\/product"}],"replies":[{"embeddable":true,"href":"https:\/\/torebunia.pl\/sklep\/wp-json\/wp\/v2\/comments?post=1551"}],"wp:featuredmedia":[{"embeddable":true,"href":"https:\/\/torebunia.pl\/sklep\/wp-json\/wp\/v2\/media\/1552"}],"wp:attachment":[{"href":"https:\/\/torebunia.pl\/sklep\/wp-json\/wp\/v2\/media?parent=1551"}],"curies":[{"name":"wp","href":"https:\/\/api.w.org\/{rel}","templated":true}]}}