{"id":15499,"date":"2020-10-15T00:02:40","date_gmt":"2020-10-15T00:02:40","guid":{"rendered":"https:\/\/torebunia.pl\/sklep\/produkt\/vero-moda-sweter-31\/"},"modified":"2021-01-25T20:57:06","modified_gmt":"2021-01-25T20:57:06","slug":"vero-moda-sweter-31","status":"publish","type":"product","link":"https:\/\/torebunia.pl\/sklep\/produkt\/vero-moda-sweter-31\/","title":{"rendered":"Vero Moda &#8211; Sweter"},"content":{"rendered":"<p>Parametry produktu:<\/p>\n<ul>\n<li>cena: <strong>119.9 PLN<\/strong><\/li>\n<li>marka: <strong>Vero Moda<\/strong><\/li>\n<li>p\u0142e\u0107: <strong>Female<\/strong><\/li>\n<li>kategoria: <strong>ONA \/ Odzie\u017c \/ Swetry \/ Przez g\u0142ow\u0119<\/strong><\/li>\n<li>kolor: <strong>grafitowy<\/strong><\/li>\n<\/ul>\n<p>Opis:<br \/>\nSweter z kolekcji Vero Moda. Model ze spiczastym dekoltem, wykonany z melan\u017cowego materia\u0142u. &#8211; Lu\u017any fason. &#8211; Obni\u017cona linia ramion. &#8211; Spiczasty dekolt. &#8211; Cienka, elastyczna dzianina. &#8211; Koronkowe wstawki. &#8211; Szeroko\u015b\u0107 pod pachami: 53 cm. &#8211; D\u0142ugo\u015b\u0107 r\u0119kawa(mierzona od dekoltu): 71 cm. &#8211; D\u0142ugo\u015b\u0107: 60 cm. &#8211; Wymiary podane dla rozmiaru: S. Wz\u00f3r: melan\u017c Dekolt: szpic Dzianina: cienka Sk\u0142ad: Materia\u0142 zasadniczy: 38 % Poliester, 58 % Wiskoza, 4 % Elastan, Wstawki: 100 % Poliamid ID produktu: 4910-TSD07N Kod producenta: 10221481<\/p>\n","protected":false},"excerpt":{"rendered":"<p>Parametry produktu: cena: 119.9 PLN marka: Vero Moda p\u0142e\u0107: Female kategoria: ONA \/ Odzie\u017c \/ Swetry \/ Przez g\u0142ow\u0119 kolor: grafitowy Opis: Sweter z kolekcji Vero Moda. Model ze spiczastym<\/p>\n","protected":false},"featured_media":15500,"comment_status":"closed","ping_status":"open","template":"","meta":[],"class_list":{"0":"post-15499","1":"product","2":"type-product","3":"status-publish","5":"hentry","6":"product_cat-odziez","7":"product_cat-ona","8":"product_cat-przez-glowe","9":"product_cat-swetry","10":"product_tag-vero-moda","11":"product_tag-vero-moda-sweter"},"yoast_head":"<!-- This site is optimized with the Yoast SEO plugin v15.6.2 - https:\/\/yoast.com\/wordpress\/plugins\/seo\/ -->\n<title>Vero Moda - Sweter<\/title>\n<meta name=\"robots\" content=\"index, follow, max-snippet:-1, max-image-preview:large, max-video-preview:-1\" \/>\n<link rel=\"canonical\" href=\"https:\/\/torebunia.pl\/sklep\/produkt\/vero-moda-sweter-31\/\" \/>\n<meta property=\"og:locale\" content=\"pl_PL\" \/>\n<meta property=\"og:type\" content=\"article\" \/>\n<meta property=\"og:title\" content=\"Vero Moda - Sweter\" \/>\n<meta property=\"og:description\" content=\"Parametry produktu: cena: 119.9 PLN marka: Vero Moda p\u0142e\u0107: Female kategoria: ONA \/ Odzie\u017c \/ Swetry \/ Przez g\u0142ow\u0119 kolor: grafitowy Opis: Sweter z kolekcji Vero Moda. Model ze spiczastym\" \/>\n<meta property=\"og:url\" content=\"https:\/\/torebunia.pl\/sklep\/produkt\/vero-moda-sweter-31\/\" \/>\n<meta property=\"og:site_name\" content=\"Moje Blog\" \/>\n<meta property=\"article:modified_time\" content=\"2021-01-25T20:57:06+00:00\" \/>\n<meta property=\"og:image\" content=\"https:\/\/torebunia.pl\/sklep\/wp-content\/uploads\/2021\/01\/944918591ec4dfa717b0aa8f68bb4d6df768fb71.jpg\" \/>\n\t<meta property=\"og:image:width\" content=\"855\" \/>\n\t<meta property=\"og:image:height\" content=\"1290\" \/>\n<meta name=\"twitter:card\" content=\"summary_large_image\" \/>\n<meta name=\"twitter:label1\" content=\"Est. reading time\">\n\t<meta name=\"twitter:data1\" content=\"1 minuta\">\n<script type=\"application\/ld+json\" class=\"yoast-schema-graph\">{\"@context\":\"https:\/\/schema.org\",\"@graph\":[{\"@type\":\"WebSite\",\"@id\":\"https:\/\/torebunia.pl\/sklep\/#website\",\"url\":\"https:\/\/torebunia.pl\/sklep\/\",\"name\":\"Moje Blog\",\"description\":\"Kolejna witryna WordPress\",\"potentialAction\":[{\"@type\":\"SearchAction\",\"target\":\"https:\/\/torebunia.pl\/sklep\/?s={search_term_string}\",\"query-input\":\"required name=search_term_string\"}],\"inLanguage\":\"pl-PL\"},{\"@type\":\"ImageObject\",\"@id\":\"https:\/\/torebunia.pl\/sklep\/produkt\/vero-moda-sweter-31\/#primaryimage\",\"inLanguage\":\"pl-PL\",\"url\":\"https:\/\/torebunia.pl\/sklep\/wp-content\/uploads\/2021\/01\/944918591ec4dfa717b0aa8f68bb4d6df768fb71.jpg\",\"width\":855,\"height\":1290,\"caption\":\"Vero Moda - Sweter\"},{\"@type\":\"WebPage\",\"@id\":\"https:\/\/torebunia.pl\/sklep\/produkt\/vero-moda-sweter-31\/#webpage\",\"url\":\"https:\/\/torebunia.pl\/sklep\/produkt\/vero-moda-sweter-31\/\",\"name\":\"Vero Moda - Sweter\",\"isPartOf\":{\"@id\":\"https:\/\/torebunia.pl\/sklep\/#website\"},\"primaryImageOfPage\":{\"@id\":\"https:\/\/torebunia.pl\/sklep\/produkt\/vero-moda-sweter-31\/#primaryimage\"},\"datePublished\":\"2020-10-15T00:02:40+00:00\",\"dateModified\":\"2021-01-25T20:57:06+00:00\",\"inLanguage\":\"pl-PL\",\"potentialAction\":[{\"@type\":\"ReadAction\",\"target\":[\"https:\/\/torebunia.pl\/sklep\/produkt\/vero-moda-sweter-31\/\"]}]}]}<\/script>\n<!-- \/ Yoast SEO plugin. -->","_links":{"self":[{"href":"https:\/\/torebunia.pl\/sklep\/wp-json\/wp\/v2\/product\/15499","targetHints":{"allow":["GET"]}}],"collection":[{"href":"https:\/\/torebunia.pl\/sklep\/wp-json\/wp\/v2\/product"}],"about":[{"href":"https:\/\/torebunia.pl\/sklep\/wp-json\/wp\/v2\/types\/product"}],"replies":[{"embeddable":true,"href":"https:\/\/torebunia.pl\/sklep\/wp-json\/wp\/v2\/comments?post=15499"}],"wp:featuredmedia":[{"embeddable":true,"href":"https:\/\/torebunia.pl\/sklep\/wp-json\/wp\/v2\/media\/15500"}],"wp:attachment":[{"href":"https:\/\/torebunia.pl\/sklep\/wp-json\/wp\/v2\/media?parent=15499"}],"curies":[{"name":"wp","href":"https:\/\/api.w.org\/{rel}","templated":true}]}}