{"id":15341,"date":"2020-08-03T17:56:57","date_gmt":"2020-08-03T17:56:57","guid":{"rendered":"https:\/\/torebunia.pl\/sklep\/produkt\/medicine-kimono-festival-boho-2\/"},"modified":"2021-01-27T13:51:35","modified_gmt":"2021-01-27T13:51:35","slug":"medicine-kimono-festival-boho-2","status":"publish","type":"product","link":"https:\/\/torebunia.pl\/sklep\/produkt\/medicine-kimono-festival-boho-2\/","title":{"rendered":"Medicine &#8211; Kimono Festival Boho"},"content":{"rendered":"<p>Parametry produktu:<\/p>\n<ul>\n<li>cena: <strong>89.9 PLN<\/strong><\/li>\n<li>marka: <strong>MEDICINE<\/strong><\/li>\n<li>p\u0142e\u0107: <strong>Female<\/strong><\/li>\n<li>kategoria: <strong>ONA \/ Odzie\u017c \/ Marynarki i kamizelki \/ Marynarki<\/strong><\/li>\n<li>kolor: <strong>czarny<\/strong><\/li>\n<\/ul>\n<p>Opis:<br \/>\nKimono z kolekcji Medicine. Casualowy model wykonany z g\u0142adkiej tkaniny. &#8211; Lu\u017any model. &#8211; Obni\u017cona linia ramion. &#8211; Kimonowe r\u0119kawy. &#8211; Model z ozdobnymi fr\u0119dzlami. &#8211; G\u0142adka tkanina. &#8211; Niezapinany model. &#8211; Szeroko\u015b\u0107 pod pachami: 52 cm. &#8211; D\u0142ugo\u015b\u0107: 85 cm. &#8211; Wymiary podane dla rozmiaru: S. Wz\u00f3r: g\u0142adkie Materia\u0142: tkanina Podszewka: bez podszewki Fason: bez zapi\u0119cia Fason: kimona Sk\u0142ad: 100 % Wiskoza, ID produktu: 6911-BDD901 Kod producenta: RS19.BDD901<\/p>\n","protected":false},"excerpt":{"rendered":"<p>Parametry produktu: cena: 89.9 PLN marka: MEDICINE p\u0142e\u0107: Female kategoria: ONA \/ Odzie\u017c \/ Marynarki i kamizelki \/ Marynarki kolor: czarny Opis: Kimono z kolekcji Medicine. Casualowy model wykonany z<\/p>\n","protected":false},"featured_media":15342,"comment_status":"closed","ping_status":"open","template":"","meta":[],"class_list":{"0":"post-15341","1":"product","2":"type-product","3":"status-publish","5":"hentry","6":"product_cat-marynarki","7":"product_cat-marynarki-i-kamizelki","8":"product_cat-odziez","9":"product_cat-ona","10":"product_tag-medicine","11":"product_tag-medicine-kimono-festival-boho"},"yoast_head":"<!-- This site is optimized with the Yoast SEO plugin v15.6.2 - https:\/\/yoast.com\/wordpress\/plugins\/seo\/ -->\n<title>Medicine - Kimono Festival Boho<\/title>\n<meta name=\"robots\" content=\"index, follow, max-snippet:-1, max-image-preview:large, max-video-preview:-1\" \/>\n<link rel=\"canonical\" href=\"https:\/\/torebunia.pl\/sklep\/produkt\/medicine-kimono-festival-boho-2\/\" \/>\n<meta property=\"og:locale\" content=\"pl_PL\" \/>\n<meta property=\"og:type\" content=\"article\" \/>\n<meta property=\"og:title\" content=\"Medicine - Kimono Festival Boho\" \/>\n<meta property=\"og:description\" content=\"Parametry produktu: cena: 89.9 PLN marka: MEDICINE p\u0142e\u0107: Female kategoria: ONA \/ Odzie\u017c \/ Marynarki i kamizelki \/ Marynarki kolor: czarny Opis: Kimono z kolekcji Medicine. Casualowy model wykonany z\" \/>\n<meta property=\"og:url\" content=\"https:\/\/torebunia.pl\/sklep\/produkt\/medicine-kimono-festival-boho-2\/\" \/>\n<meta property=\"og:site_name\" content=\"Moje Blog\" \/>\n<meta property=\"article:modified_time\" content=\"2021-01-27T13:51:35+00:00\" \/>\n<meta property=\"og:image\" content=\"https:\/\/torebunia.pl\/sklep\/wp-content\/uploads\/2021\/01\/c99b228f643b4e7f0d1750a8d51a2d3d8e73aa67-1.jpg\" \/>\n\t<meta property=\"og:image:width\" content=\"855\" \/>\n\t<meta property=\"og:image:height\" content=\"1290\" \/>\n<meta name=\"twitter:card\" content=\"summary_large_image\" \/>\n<script type=\"application\/ld+json\" class=\"yoast-schema-graph\">{\"@context\":\"https:\/\/schema.org\",\"@graph\":[{\"@type\":\"WebSite\",\"@id\":\"https:\/\/torebunia.pl\/sklep\/#website\",\"url\":\"https:\/\/torebunia.pl\/sklep\/\",\"name\":\"Moje Blog\",\"description\":\"Kolejna witryna WordPress\",\"potentialAction\":[{\"@type\":\"SearchAction\",\"target\":\"https:\/\/torebunia.pl\/sklep\/?s={search_term_string}\",\"query-input\":\"required name=search_term_string\"}],\"inLanguage\":\"pl-PL\"},{\"@type\":\"ImageObject\",\"@id\":\"https:\/\/torebunia.pl\/sklep\/produkt\/medicine-kimono-festival-boho-2\/#primaryimage\",\"inLanguage\":\"pl-PL\",\"url\":\"https:\/\/torebunia.pl\/sklep\/wp-content\/uploads\/2021\/01\/c99b228f643b4e7f0d1750a8d51a2d3d8e73aa67-1.jpg\",\"width\":855,\"height\":1290,\"caption\":\"Medicine - Kimono Festival Boho\"},{\"@type\":\"WebPage\",\"@id\":\"https:\/\/torebunia.pl\/sklep\/produkt\/medicine-kimono-festival-boho-2\/#webpage\",\"url\":\"https:\/\/torebunia.pl\/sklep\/produkt\/medicine-kimono-festival-boho-2\/\",\"name\":\"Medicine - Kimono Festival Boho\",\"isPartOf\":{\"@id\":\"https:\/\/torebunia.pl\/sklep\/#website\"},\"primaryImageOfPage\":{\"@id\":\"https:\/\/torebunia.pl\/sklep\/produkt\/medicine-kimono-festival-boho-2\/#primaryimage\"},\"datePublished\":\"2020-08-03T17:56:57+00:00\",\"dateModified\":\"2021-01-27T13:51:35+00:00\",\"inLanguage\":\"pl-PL\",\"potentialAction\":[{\"@type\":\"ReadAction\",\"target\":[\"https:\/\/torebunia.pl\/sklep\/produkt\/medicine-kimono-festival-boho-2\/\"]}]}]}<\/script>\n<!-- \/ Yoast SEO plugin. -->","_links":{"self":[{"href":"https:\/\/torebunia.pl\/sklep\/wp-json\/wp\/v2\/product\/15341","targetHints":{"allow":["GET"]}}],"collection":[{"href":"https:\/\/torebunia.pl\/sklep\/wp-json\/wp\/v2\/product"}],"about":[{"href":"https:\/\/torebunia.pl\/sklep\/wp-json\/wp\/v2\/types\/product"}],"replies":[{"embeddable":true,"href":"https:\/\/torebunia.pl\/sklep\/wp-json\/wp\/v2\/comments?post=15341"}],"wp:featuredmedia":[{"embeddable":true,"href":"https:\/\/torebunia.pl\/sklep\/wp-json\/wp\/v2\/media\/15342"}],"wp:attachment":[{"href":"https:\/\/torebunia.pl\/sklep\/wp-json\/wp\/v2\/media?parent=15341"}],"curies":[{"name":"wp","href":"https:\/\/api.w.org\/{rel}","templated":true}]}}