{"id":15287,"date":"2020-03-25T03:54:32","date_gmt":"2020-03-25T03:54:32","guid":{"rendered":"https:\/\/torebunia.pl\/sklep\/produkt\/local-heroes-koszula\/"},"modified":"2021-01-27T13:51:08","modified_gmt":"2021-01-27T13:51:08","slug":"local-heroes-koszula","status":"publish","type":"product","link":"https:\/\/torebunia.pl\/sklep\/produkt\/local-heroes-koszula\/","title":{"rendered":"Local Heroes &#8211; Koszula"},"content":{"rendered":"<p>Parametry produktu:<\/p>\n<ul>\n<li>cena: <strong>249.9 PLN<\/strong><\/li>\n<li>marka: <strong>Local Heroes<\/strong><\/li>\n<li>p\u0142e\u0107: <strong>Female<\/strong><\/li>\n<li>kategoria: <strong>ONA \/ Odzie\u017c \/ Bluzki i koszule \/ Koszule<\/strong><\/li>\n<li>kolor: <strong>grafitowy<\/strong><\/li>\n<\/ul>\n<p>Opis:<br \/>\nKoszula z kolekcji Local Heroes. Model wykonany z wzorzystej tkaniny. &#8211; Lu\u017any model. &#8211; Kieszonka na piersi. &#8211; Zapi\u0119cie na guziki. &#8211; Cienka, nieelastyczna tkanina. &#8211; Szeroko\u015b\u0107 pod pachami: 54 cm. &#8211; D\u0142ugo\u015b\u0107: 69 cm. &#8211; Wymiary podane dla rozmiaru: S. Wz\u00f3r: wzorzyste R\u0119kaw: kr\u00f3tki Ko\u0142nierzyk: klasyczny Okazje: casual Fason: relaxed Sk\u0142ad: 100 % Wiskoza ID produktu: -100-KKD003 Kod producenta: LHSS20T018<\/p>\n","protected":false},"excerpt":{"rendered":"<p>Parametry produktu: cena: 249.9 PLN marka: Local Heroes p\u0142e\u0107: Female kategoria: ONA \/ Odzie\u017c \/ Bluzki i koszule \/ Koszule kolor: grafitowy Opis: Koszula z kolekcji Local Heroes. Model wykonany<\/p>\n","protected":false},"featured_media":15288,"comment_status":"closed","ping_status":"open","template":"","meta":[],"class_list":{"0":"post-15287","1":"product","2":"type-product","3":"status-publish","5":"hentry","6":"product_cat-bluzki-i-koszule","7":"product_cat-koszule","8":"product_cat-odziez","9":"product_cat-ona","10":"product_tag-local-heroes","11":"product_tag-local-heroes-koszula"},"yoast_head":"<!-- This site is optimized with the Yoast SEO plugin v15.6.2 - https:\/\/yoast.com\/wordpress\/plugins\/seo\/ -->\n<title>Local Heroes - Koszula<\/title>\n<meta name=\"robots\" content=\"index, follow, max-snippet:-1, max-image-preview:large, max-video-preview:-1\" \/>\n<link rel=\"canonical\" href=\"https:\/\/torebunia.pl\/sklep\/produkt\/local-heroes-koszula\/\" \/>\n<meta property=\"og:locale\" content=\"pl_PL\" \/>\n<meta property=\"og:type\" content=\"article\" \/>\n<meta property=\"og:title\" content=\"Local Heroes - Koszula\" \/>\n<meta property=\"og:description\" content=\"Parametry produktu: cena: 249.9 PLN marka: Local Heroes p\u0142e\u0107: Female kategoria: ONA \/ Odzie\u017c \/ Bluzki i koszule \/ Koszule kolor: grafitowy Opis: Koszula z kolekcji Local Heroes. Model wykonany\" \/>\n<meta property=\"og:url\" content=\"https:\/\/torebunia.pl\/sklep\/produkt\/local-heroes-koszula\/\" \/>\n<meta property=\"og:site_name\" content=\"Moje Blog\" \/>\n<meta property=\"article:modified_time\" content=\"2021-01-27T13:51:08+00:00\" \/>\n<meta property=\"og:image\" content=\"https:\/\/torebunia.pl\/sklep\/wp-content\/uploads\/2021\/01\/c770cb45105d721e0c09d3016cca87fcef260138.jpg\" \/>\n\t<meta property=\"og:image:width\" content=\"855\" \/>\n\t<meta property=\"og:image:height\" content=\"1290\" \/>\n<meta name=\"twitter:card\" content=\"summary_large_image\" \/>\n<script type=\"application\/ld+json\" class=\"yoast-schema-graph\">{\"@context\":\"https:\/\/schema.org\",\"@graph\":[{\"@type\":\"WebSite\",\"@id\":\"https:\/\/torebunia.pl\/sklep\/#website\",\"url\":\"https:\/\/torebunia.pl\/sklep\/\",\"name\":\"Moje Blog\",\"description\":\"Kolejna witryna WordPress\",\"potentialAction\":[{\"@type\":\"SearchAction\",\"target\":\"https:\/\/torebunia.pl\/sklep\/?s={search_term_string}\",\"query-input\":\"required name=search_term_string\"}],\"inLanguage\":\"pl-PL\"},{\"@type\":\"ImageObject\",\"@id\":\"https:\/\/torebunia.pl\/sklep\/produkt\/local-heroes-koszula\/#primaryimage\",\"inLanguage\":\"pl-PL\",\"url\":\"https:\/\/torebunia.pl\/sklep\/wp-content\/uploads\/2021\/01\/c770cb45105d721e0c09d3016cca87fcef260138.jpg\",\"width\":855,\"height\":1290,\"caption\":\"Local Heroes - Koszula\"},{\"@type\":\"WebPage\",\"@id\":\"https:\/\/torebunia.pl\/sklep\/produkt\/local-heroes-koszula\/#webpage\",\"url\":\"https:\/\/torebunia.pl\/sklep\/produkt\/local-heroes-koszula\/\",\"name\":\"Local Heroes - Koszula\",\"isPartOf\":{\"@id\":\"https:\/\/torebunia.pl\/sklep\/#website\"},\"primaryImageOfPage\":{\"@id\":\"https:\/\/torebunia.pl\/sklep\/produkt\/local-heroes-koszula\/#primaryimage\"},\"datePublished\":\"2020-03-25T03:54:32+00:00\",\"dateModified\":\"2021-01-27T13:51:08+00:00\",\"inLanguage\":\"pl-PL\",\"potentialAction\":[{\"@type\":\"ReadAction\",\"target\":[\"https:\/\/torebunia.pl\/sklep\/produkt\/local-heroes-koszula\/\"]}]}]}<\/script>\n<!-- \/ Yoast SEO plugin. -->","_links":{"self":[{"href":"https:\/\/torebunia.pl\/sklep\/wp-json\/wp\/v2\/product\/15287","targetHints":{"allow":["GET"]}}],"collection":[{"href":"https:\/\/torebunia.pl\/sklep\/wp-json\/wp\/v2\/product"}],"about":[{"href":"https:\/\/torebunia.pl\/sklep\/wp-json\/wp\/v2\/types\/product"}],"replies":[{"embeddable":true,"href":"https:\/\/torebunia.pl\/sklep\/wp-json\/wp\/v2\/comments?post=15287"}],"wp:featuredmedia":[{"embeddable":true,"href":"https:\/\/torebunia.pl\/sklep\/wp-json\/wp\/v2\/media\/15288"}],"wp:attachment":[{"href":"https:\/\/torebunia.pl\/sklep\/wp-json\/wp\/v2\/media?parent=15287"}],"curies":[{"name":"wp","href":"https:\/\/api.w.org\/{rel}","templated":true}]}}