{"id":15275,"date":"2021-01-03T16:33:14","date_gmt":"2021-01-03T16:33:14","guid":{"rendered":"https:\/\/torebunia.pl\/sklep\/produkt\/answear-lab-torebka-skorzana-9\/"},"modified":"2021-01-27T14:08:23","modified_gmt":"2021-01-27T14:08:23","slug":"answear-lab-torebka-skorzana-9","status":"publish","type":"product","link":"https:\/\/torebunia.pl\/sklep\/produkt\/answear-lab-torebka-skorzana-9\/","title":{"rendered":"Answear Lab &#8211; Torebka sk\u00f3rzana"},"content":{"rendered":"<p>Parametry produktu:<\/p>\n<ul>\n<li>cena: <strong>269.9 PLN<\/strong><\/li>\n<li>marka: <strong>Answear Lab<\/strong><\/li>\n<li>p\u0142e\u0107: <strong>Female<\/strong><\/li>\n<li>kategoria: <strong>ONA \/ Akcesoria \/ Torebki \/ Shopper i tote<\/strong><\/li>\n<li>kolor: <strong>czarny<\/strong><\/li>\n<\/ul>\n<p>Opis:<br \/>\n\u015aredniej wielko\u015bci torebka z kolekcji Answear Lab. zapinany model wykonany ze sk\u00f3ry naturalnej. &#8211; Zapi\u0119cie na suwak. &#8211; Torebka do noszenia w r\u0119ku lub na ramieniu. &#8211; Dopinany d\u0142u\u017cszy pasek z regulacj\u0105. &#8211; Kr\u00f3tkie uchwyty. &#8211; Nie mie\u015bci formatu A4. Wz\u00f3r: g\u0142adkie Wielko\u015b\u0107: nie mie\u015bci A4 Materia\u0142: sk\u00f3ra licowa Pasek: odpinany pasek Sk\u0142ad: 100 % Sk\u00f3ra naturalna ID produktu: -100-TOD0A1 Kod producenta: T153.DA<\/p>\n","protected":false},"excerpt":{"rendered":"<p>Parametry produktu: cena: 269.9 PLN marka: Answear Lab p\u0142e\u0107: Female kategoria: ONA \/ Akcesoria \/ Torebki \/ Shopper i tote kolor: czarny Opis: \u015aredniej wielko\u015bci torebka z kolekcji Answear Lab.<\/p>\n","protected":false},"featured_media":15276,"comment_status":"closed","ping_status":"open","template":"","meta":[],"class_list":{"0":"post-15275","1":"product","2":"type-product","3":"status-publish","5":"hentry","6":"product_cat-akcesoria","7":"product_cat-ona","8":"product_cat-shopper-i-tote","9":"product_cat-torebki","10":"product_tag-answear-lab","11":"product_tag-answear-lab-torebka-skorzana"},"yoast_head":"<!-- This site is optimized with the Yoast SEO plugin v15.6.2 - https:\/\/yoast.com\/wordpress\/plugins\/seo\/ -->\n<title>Answear Lab - Torebka sk\u00f3rzana<\/title>\n<meta name=\"robots\" content=\"index, follow, max-snippet:-1, max-image-preview:large, max-video-preview:-1\" \/>\n<link rel=\"canonical\" href=\"https:\/\/torebunia.pl\/sklep\/produkt\/answear-lab-torebka-skorzana-9\/\" \/>\n<meta property=\"og:locale\" content=\"pl_PL\" \/>\n<meta property=\"og:type\" content=\"article\" \/>\n<meta property=\"og:title\" content=\"Answear Lab - Torebka sk\u00f3rzana\" \/>\n<meta property=\"og:description\" content=\"Parametry produktu: cena: 269.9 PLN marka: Answear Lab p\u0142e\u0107: Female kategoria: ONA \/ Akcesoria \/ Torebki \/ Shopper i tote kolor: czarny Opis: \u015aredniej wielko\u015bci torebka z kolekcji Answear Lab.\" \/>\n<meta property=\"og:url\" content=\"https:\/\/torebunia.pl\/sklep\/produkt\/answear-lab-torebka-skorzana-9\/\" \/>\n<meta property=\"og:site_name\" content=\"Moje Blog\" \/>\n<meta property=\"article:modified_time\" content=\"2021-01-27T14:08:23+00:00\" \/>\n<meta property=\"og:image\" content=\"https:\/\/torebunia.pl\/sklep\/wp-content\/uploads\/2021\/01\/ac787dea9e53c054c92a84ad71800dfc4a90279b.jpg\" \/>\n\t<meta property=\"og:image:width\" content=\"855\" \/>\n\t<meta property=\"og:image:height\" content=\"1290\" \/>\n<meta name=\"twitter:card\" content=\"summary_large_image\" \/>\n<script type=\"application\/ld+json\" class=\"yoast-schema-graph\">{\"@context\":\"https:\/\/schema.org\",\"@graph\":[{\"@type\":\"WebSite\",\"@id\":\"https:\/\/torebunia.pl\/sklep\/#website\",\"url\":\"https:\/\/torebunia.pl\/sklep\/\",\"name\":\"Moje Blog\",\"description\":\"Kolejna witryna WordPress\",\"potentialAction\":[{\"@type\":\"SearchAction\",\"target\":\"https:\/\/torebunia.pl\/sklep\/?s={search_term_string}\",\"query-input\":\"required name=search_term_string\"}],\"inLanguage\":\"pl-PL\"},{\"@type\":\"ImageObject\",\"@id\":\"https:\/\/torebunia.pl\/sklep\/produkt\/answear-lab-torebka-skorzana-9\/#primaryimage\",\"inLanguage\":\"pl-PL\",\"url\":\"https:\/\/torebunia.pl\/sklep\/wp-content\/uploads\/2021\/01\/ac787dea9e53c054c92a84ad71800dfc4a90279b.jpg\",\"width\":855,\"height\":1290,\"caption\":\"Answear Lab - Torebka sk\\u00f3rzana\"},{\"@type\":\"WebPage\",\"@id\":\"https:\/\/torebunia.pl\/sklep\/produkt\/answear-lab-torebka-skorzana-9\/#webpage\",\"url\":\"https:\/\/torebunia.pl\/sklep\/produkt\/answear-lab-torebka-skorzana-9\/\",\"name\":\"Answear Lab - Torebka sk\\u00f3rzana\",\"isPartOf\":{\"@id\":\"https:\/\/torebunia.pl\/sklep\/#website\"},\"primaryImageOfPage\":{\"@id\":\"https:\/\/torebunia.pl\/sklep\/produkt\/answear-lab-torebka-skorzana-9\/#primaryimage\"},\"datePublished\":\"2021-01-03T16:33:14+00:00\",\"dateModified\":\"2021-01-27T14:08:23+00:00\",\"inLanguage\":\"pl-PL\",\"potentialAction\":[{\"@type\":\"ReadAction\",\"target\":[\"https:\/\/torebunia.pl\/sklep\/produkt\/answear-lab-torebka-skorzana-9\/\"]}]}]}<\/script>\n<!-- \/ Yoast SEO plugin. -->","_links":{"self":[{"href":"https:\/\/torebunia.pl\/sklep\/wp-json\/wp\/v2\/product\/15275","targetHints":{"allow":["GET"]}}],"collection":[{"href":"https:\/\/torebunia.pl\/sklep\/wp-json\/wp\/v2\/product"}],"about":[{"href":"https:\/\/torebunia.pl\/sklep\/wp-json\/wp\/v2\/types\/product"}],"replies":[{"embeddable":true,"href":"https:\/\/torebunia.pl\/sklep\/wp-json\/wp\/v2\/comments?post=15275"}],"wp:featuredmedia":[{"embeddable":true,"href":"https:\/\/torebunia.pl\/sklep\/wp-json\/wp\/v2\/media\/15276"}],"wp:attachment":[{"href":"https:\/\/torebunia.pl\/sklep\/wp-json\/wp\/v2\/media?parent=15275"}],"curies":[{"name":"wp","href":"https:\/\/api.w.org\/{rel}","templated":true}]}}