{"id":15265,"date":"2020-03-10T00:39:58","date_gmt":"2020-03-10T00:39:58","guid":{"rendered":"https:\/\/torebunia.pl\/sklep\/produkt\/dorina-biustonosz-kapielowy-zanzi\/"},"modified":"2021-01-25T20:49:40","modified_gmt":"2021-01-25T20:49:40","slug":"dorina-biustonosz-kapielowy-zanzi","status":"publish","type":"product","link":"https:\/\/torebunia.pl\/sklep\/produkt\/dorina-biustonosz-kapielowy-zanzi\/","title":{"rendered":"Dorina &#8211; Biustonosz k\u0105pielowy Zanzi"},"content":{"rendered":"<p>Parametry produktu:<\/p>\n<ul>\n<li>cena: <strong>79.9 PLN<\/strong><\/li>\n<li>marka: <strong>Dorina<\/strong><\/li>\n<li>p\u0142e\u0107: <strong>Female<\/strong><\/li>\n<li>kategoria: <strong>ONA \/ Odzie\u017c \/ Stroje k\u0105pielowe \/ Dwucz\u0119\u015bciowe<\/strong><\/li>\n<li>kolor: <strong>pomara\u0144czowy<\/strong><\/li>\n<\/ul>\n<p>Opis:<br \/>\nBiustonosz k\u0105pielowy z kolekcji Dorina. Model wykonany z materia\u0142u z ozdobnymi wstawkami. &#8211; Lekko usztywniona miseczka. &#8211; Model z wi\u0105zaniem umo\u017cliwiaj\u0105cym regulacj\u0119. &#8211; Ozdobne detale. Wz\u00f3r: wzorzyste Rodzaj: g\u00f3ra Miseczka: lekko usztywniana Miseczka: bez fiszbin\u00f3w Sk\u0142ad: 100 % Poliester ID produktu: 4901-BID097 Kod producenta: D02048S.F18<\/p>\n","protected":false},"excerpt":{"rendered":"<p>Parametry produktu: cena: 79.9 PLN marka: Dorina p\u0142e\u0107: Female kategoria: ONA \/ Odzie\u017c \/ Stroje k\u0105pielowe \/ Dwucz\u0119\u015bciowe kolor: pomara\u0144czowy Opis: Biustonosz k\u0105pielowy z kolekcji Dorina. Model wykonany z materia\u0142u<\/p>\n","protected":false},"featured_media":15266,"comment_status":"closed","ping_status":"open","template":"","meta":[],"class_list":{"0":"post-15265","1":"product","2":"type-product","3":"status-publish","5":"hentry","6":"product_cat-dwuczesciowe","7":"product_cat-odziez","8":"product_cat-ona","9":"product_cat-stroje-kapielowe","10":"product_tag-dorina","11":"product_tag-dorina-biustonosz-kapielowy-zanzi"},"yoast_head":"<!-- This site is optimized with the Yoast SEO plugin v15.6.2 - https:\/\/yoast.com\/wordpress\/plugins\/seo\/ -->\n<title>Dorina - Biustonosz k\u0105pielowy Zanzi<\/title>\n<meta name=\"robots\" content=\"index, follow, max-snippet:-1, max-image-preview:large, max-video-preview:-1\" \/>\n<link rel=\"canonical\" href=\"https:\/\/torebunia.pl\/sklep\/produkt\/dorina-biustonosz-kapielowy-zanzi\/\" \/>\n<meta property=\"og:locale\" content=\"pl_PL\" \/>\n<meta property=\"og:type\" content=\"article\" \/>\n<meta property=\"og:title\" content=\"Dorina - Biustonosz k\u0105pielowy Zanzi\" \/>\n<meta property=\"og:description\" content=\"Parametry produktu: cena: 79.9 PLN marka: Dorina p\u0142e\u0107: Female kategoria: ONA \/ Odzie\u017c \/ Stroje k\u0105pielowe \/ Dwucz\u0119\u015bciowe kolor: pomara\u0144czowy Opis: Biustonosz k\u0105pielowy z kolekcji Dorina. Model wykonany z materia\u0142u\" \/>\n<meta property=\"og:url\" content=\"https:\/\/torebunia.pl\/sklep\/produkt\/dorina-biustonosz-kapielowy-zanzi\/\" \/>\n<meta property=\"og:site_name\" content=\"Moje Blog\" \/>\n<meta property=\"article:modified_time\" content=\"2021-01-25T20:49:40+00:00\" \/>\n<meta property=\"og:image\" content=\"https:\/\/torebunia.pl\/sklep\/wp-content\/uploads\/2021\/01\/7b55322d99a6f66711c56fe60387f58e3b4c8aac.jpg\" \/>\n\t<meta property=\"og:image:width\" content=\"855\" \/>\n\t<meta property=\"og:image:height\" content=\"1290\" \/>\n<meta name=\"twitter:card\" content=\"summary_large_image\" \/>\n<script type=\"application\/ld+json\" class=\"yoast-schema-graph\">{\"@context\":\"https:\/\/schema.org\",\"@graph\":[{\"@type\":\"WebSite\",\"@id\":\"https:\/\/torebunia.pl\/sklep\/#website\",\"url\":\"https:\/\/torebunia.pl\/sklep\/\",\"name\":\"Moje Blog\",\"description\":\"Kolejna witryna WordPress\",\"potentialAction\":[{\"@type\":\"SearchAction\",\"target\":\"https:\/\/torebunia.pl\/sklep\/?s={search_term_string}\",\"query-input\":\"required name=search_term_string\"}],\"inLanguage\":\"pl-PL\"},{\"@type\":\"ImageObject\",\"@id\":\"https:\/\/torebunia.pl\/sklep\/produkt\/dorina-biustonosz-kapielowy-zanzi\/#primaryimage\",\"inLanguage\":\"pl-PL\",\"url\":\"https:\/\/torebunia.pl\/sklep\/wp-content\/uploads\/2021\/01\/7b55322d99a6f66711c56fe60387f58e3b4c8aac.jpg\",\"width\":855,\"height\":1290,\"caption\":\"Dorina - Biustonosz k\\u0105pielowy Zanzi\"},{\"@type\":\"WebPage\",\"@id\":\"https:\/\/torebunia.pl\/sklep\/produkt\/dorina-biustonosz-kapielowy-zanzi\/#webpage\",\"url\":\"https:\/\/torebunia.pl\/sklep\/produkt\/dorina-biustonosz-kapielowy-zanzi\/\",\"name\":\"Dorina - Biustonosz k\\u0105pielowy Zanzi\",\"isPartOf\":{\"@id\":\"https:\/\/torebunia.pl\/sklep\/#website\"},\"primaryImageOfPage\":{\"@id\":\"https:\/\/torebunia.pl\/sklep\/produkt\/dorina-biustonosz-kapielowy-zanzi\/#primaryimage\"},\"datePublished\":\"2020-03-10T00:39:58+00:00\",\"dateModified\":\"2021-01-25T20:49:40+00:00\",\"inLanguage\":\"pl-PL\",\"potentialAction\":[{\"@type\":\"ReadAction\",\"target\":[\"https:\/\/torebunia.pl\/sklep\/produkt\/dorina-biustonosz-kapielowy-zanzi\/\"]}]}]}<\/script>\n<!-- \/ Yoast SEO plugin. -->","_links":{"self":[{"href":"https:\/\/torebunia.pl\/sklep\/wp-json\/wp\/v2\/product\/15265","targetHints":{"allow":["GET"]}}],"collection":[{"href":"https:\/\/torebunia.pl\/sklep\/wp-json\/wp\/v2\/product"}],"about":[{"href":"https:\/\/torebunia.pl\/sklep\/wp-json\/wp\/v2\/types\/product"}],"replies":[{"embeddable":true,"href":"https:\/\/torebunia.pl\/sklep\/wp-json\/wp\/v2\/comments?post=15265"}],"wp:featuredmedia":[{"embeddable":true,"href":"https:\/\/torebunia.pl\/sklep\/wp-json\/wp\/v2\/media\/15266"}],"wp:attachment":[{"href":"https:\/\/torebunia.pl\/sklep\/wp-json\/wp\/v2\/media?parent=15265"}],"curies":[{"name":"wp","href":"https:\/\/api.w.org\/{rel}","templated":true}]}}