{"id":15221,"date":"2020-08-10T09:05:06","date_gmt":"2020-08-10T09:05:06","guid":{"rendered":"https:\/\/torebunia.pl\/sklep\/produkt\/emu-australia-botki-pioneer\/"},"modified":"2021-01-27T14:07:54","modified_gmt":"2021-01-27T14:07:54","slug":"emu-australia-botki-pioneer","status":"publish","type":"product","link":"https:\/\/torebunia.pl\/sklep\/produkt\/emu-australia-botki-pioneer\/","title":{"rendered":"Emu Australia &#8211; Botki Pioneer"},"content":{"rendered":"<p>Parametry produktu:<\/p>\n<ul>\n<li>cena: <strong>799.9 PLN<\/strong><\/li>\n<li>marka: <strong>Emu Australia<\/strong><\/li>\n<li>p\u0142e\u0107: <strong>Female<\/strong><\/li>\n<li>kategoria: <strong>ONA \/ Obuwie \/ Kozaki i botki \/ Botki<\/strong><\/li>\n<li>kolor: <strong>br\u0105zowy<\/strong><\/li>\n<\/ul>\n<p>Opis:<br \/>\nBotki z kolekcji Emu Australia. Model wykonany ze sk\u00f3ry naturalnej. &#8211; Posiada certyfikat Woolmark, przyznawany produktom z naturalnej, czystej we\u0142ny, kt\u00f3re zosta\u0142y wyprodukowane w manufakturach spe\u0142niaj\u0105cych odpowiednie, wysokie standardy. &#8211; Wn\u0119trze obuwia wykonane zosta\u0142o z wysokogatunkowej we\u0142ny merynos\u00f3w (australijskich owiec), co zapewnia lepsze utrzymywanie ciep\u0142a oraz dobr\u0105 cyrkulacj\u0119 powietrza. &#8211; Okr\u0105g\u0142y, usztywniony nosek. &#8211; Model z elastyczn\u0105 wstawk\u0105. &#8211; D\u0142ugo\u015b\u0107 wk\u0142adki wynosi: 24 cm. &#8211; Wymiary podane dla rozmiaru: 37. Obcas: p\u0142aski Ocieplenie: ocieplane Materia\u0142: sk\u00f3ra licowa Fason: sztyblety Zapi\u0119cie: brak zapi\u0119cia Sk\u0142ad: Cholewka: Sk\u00f3ra naturalna, Wn\u0119trze: We\u0142na merynos\u00f3w, Podeszwa: Materia\u0142 syntetyczny, ID produktu: 4920-OBD0K1 Kod producenta: W11692<\/p>\n","protected":false},"excerpt":{"rendered":"<p>Parametry produktu: cena: 799.9 PLN marka: Emu Australia p\u0142e\u0107: Female kategoria: ONA \/ Obuwie \/ Kozaki i botki \/ Botki kolor: br\u0105zowy Opis: Botki z kolekcji Emu Australia. Model wykonany<\/p>\n","protected":false},"featured_media":15222,"comment_status":"closed","ping_status":"open","template":"","meta":[],"class_list":{"0":"post-15221","1":"product","2":"type-product","3":"status-publish","5":"hentry","6":"product_cat-botki","7":"product_cat-kozaki-i-botki","8":"product_cat-obuwie","9":"product_cat-ona","10":"product_tag-emu-australia","11":"product_tag-emu-australia-botki-pioneer"},"yoast_head":"<!-- This site is optimized with the Yoast SEO plugin v15.6.2 - https:\/\/yoast.com\/wordpress\/plugins\/seo\/ -->\n<title>Emu Australia - Botki Pioneer<\/title>\n<meta name=\"robots\" content=\"index, follow, max-snippet:-1, max-image-preview:large, max-video-preview:-1\" \/>\n<link rel=\"canonical\" href=\"https:\/\/torebunia.pl\/sklep\/produkt\/emu-australia-botki-pioneer\/\" \/>\n<meta property=\"og:locale\" content=\"pl_PL\" \/>\n<meta property=\"og:type\" content=\"article\" \/>\n<meta property=\"og:title\" content=\"Emu Australia - Botki Pioneer\" \/>\n<meta property=\"og:description\" content=\"Parametry produktu: cena: 799.9 PLN marka: Emu Australia p\u0142e\u0107: Female kategoria: ONA \/ Obuwie \/ Kozaki i botki \/ Botki kolor: br\u0105zowy Opis: Botki z kolekcji Emu Australia. Model wykonany\" \/>\n<meta property=\"og:url\" content=\"https:\/\/torebunia.pl\/sklep\/produkt\/emu-australia-botki-pioneer\/\" \/>\n<meta property=\"og:site_name\" content=\"Moje Blog\" \/>\n<meta property=\"article:modified_time\" content=\"2021-01-27T14:07:54+00:00\" \/>\n<meta property=\"og:image\" content=\"https:\/\/torebunia.pl\/sklep\/wp-content\/uploads\/2021\/01\/30b0c3f906545dca226128d6810ea6e762c19330.jpg\" \/>\n\t<meta property=\"og:image:width\" content=\"855\" \/>\n\t<meta property=\"og:image:height\" content=\"1290\" \/>\n<meta name=\"twitter:card\" content=\"summary_large_image\" \/>\n<meta name=\"twitter:label1\" content=\"Est. reading time\">\n\t<meta name=\"twitter:data1\" content=\"1 minuta\">\n<script type=\"application\/ld+json\" class=\"yoast-schema-graph\">{\"@context\":\"https:\/\/schema.org\",\"@graph\":[{\"@type\":\"WebSite\",\"@id\":\"https:\/\/torebunia.pl\/sklep\/#website\",\"url\":\"https:\/\/torebunia.pl\/sklep\/\",\"name\":\"Moje Blog\",\"description\":\"Kolejna witryna WordPress\",\"potentialAction\":[{\"@type\":\"SearchAction\",\"target\":\"https:\/\/torebunia.pl\/sklep\/?s={search_term_string}\",\"query-input\":\"required name=search_term_string\"}],\"inLanguage\":\"pl-PL\"},{\"@type\":\"ImageObject\",\"@id\":\"https:\/\/torebunia.pl\/sklep\/produkt\/emu-australia-botki-pioneer\/#primaryimage\",\"inLanguage\":\"pl-PL\",\"url\":\"https:\/\/torebunia.pl\/sklep\/wp-content\/uploads\/2021\/01\/30b0c3f906545dca226128d6810ea6e762c19330.jpg\",\"width\":855,\"height\":1290,\"caption\":\"Emu Australia - Botki Pioneer\"},{\"@type\":\"WebPage\",\"@id\":\"https:\/\/torebunia.pl\/sklep\/produkt\/emu-australia-botki-pioneer\/#webpage\",\"url\":\"https:\/\/torebunia.pl\/sklep\/produkt\/emu-australia-botki-pioneer\/\",\"name\":\"Emu Australia - Botki Pioneer\",\"isPartOf\":{\"@id\":\"https:\/\/torebunia.pl\/sklep\/#website\"},\"primaryImageOfPage\":{\"@id\":\"https:\/\/torebunia.pl\/sklep\/produkt\/emu-australia-botki-pioneer\/#primaryimage\"},\"datePublished\":\"2020-08-10T09:05:06+00:00\",\"dateModified\":\"2021-01-27T14:07:54+00:00\",\"inLanguage\":\"pl-PL\",\"potentialAction\":[{\"@type\":\"ReadAction\",\"target\":[\"https:\/\/torebunia.pl\/sklep\/produkt\/emu-australia-botki-pioneer\/\"]}]}]}<\/script>\n<!-- \/ Yoast SEO plugin. -->","_links":{"self":[{"href":"https:\/\/torebunia.pl\/sklep\/wp-json\/wp\/v2\/product\/15221","targetHints":{"allow":["GET"]}}],"collection":[{"href":"https:\/\/torebunia.pl\/sklep\/wp-json\/wp\/v2\/product"}],"about":[{"href":"https:\/\/torebunia.pl\/sklep\/wp-json\/wp\/v2\/types\/product"}],"replies":[{"embeddable":true,"href":"https:\/\/torebunia.pl\/sklep\/wp-json\/wp\/v2\/comments?post=15221"}],"wp:featuredmedia":[{"embeddable":true,"href":"https:\/\/torebunia.pl\/sklep\/wp-json\/wp\/v2\/media\/15222"}],"wp:attachment":[{"href":"https:\/\/torebunia.pl\/sklep\/wp-json\/wp\/v2\/media?parent=15221"}],"curies":[{"name":"wp","href":"https:\/\/api.w.org\/{rel}","templated":true}]}}