{"id":15095,"date":"2021-01-14T04:35:19","date_gmt":"2021-01-14T04:35:19","guid":{"rendered":"https:\/\/torebunia.pl\/sklep\/produkt\/wrangler-bluza-bawelniana-2\/"},"modified":"2021-01-25T20:44:29","modified_gmt":"2021-01-25T20:44:29","slug":"wrangler-bluza-bawelniana-2","status":"publish","type":"product","link":"https:\/\/torebunia.pl\/sklep\/produkt\/wrangler-bluza-bawelniana-2\/","title":{"rendered":"Wrangler &#8211; Bluza bawe\u0142niana"},"content":{"rendered":"<p>Parametry produktu:<\/p>\n<ul>\n<li>cena: <strong>219.9 PLN<\/strong><\/li>\n<li>marka: <strong>Wrangler<\/strong><\/li>\n<li>p\u0142e\u0107: <strong>Female<\/strong><\/li>\n<li>kategoria: <strong>ONA \/ Odzie\u017c \/ Bluzy \/ Przez g\u0142ow\u0119<\/strong><\/li>\n<li>kolor: <strong>czarny<\/strong><\/li>\n<\/ul>\n<p>Opis:<br \/>\nBluza z kolekcji Wrangler. Model wykonany z cienkiej, lekko elastycznej dzianiny. &#8211; Prosty fason. &#8211; Obni\u017cona linia ramion. &#8211; Podwy\u017cszony ko\u0142nierz. &#8211; Model z nadrukiem. &#8211; Wyko\u0144czenie ze \u015bci\u0105gacza. &#8211; D\u0142ugo\u015b\u0107 r\u0119kawa(mierzona od ko\u0142nierza): 75 cm. &#8211; D\u0142ugo\u015b\u0107: 65 cm. &#8211; Szeroko\u015b\u0107 pod pachami: 56 cm. &#8211; Wymiary podane dla rozmiaru: S. Wz\u00f3r: nadruk Materia\u0142: bawe\u0142na Kaptur: bez kaptura Sk\u0142ad: 100 % Bawe\u0142na ID produktu: 4900-BLD0LJ Kod producenta: W6P8HY100<\/p>\n","protected":false},"excerpt":{"rendered":"<p>Parametry produktu: cena: 219.9 PLN marka: Wrangler p\u0142e\u0107: Female kategoria: ONA \/ Odzie\u017c \/ Bluzy \/ Przez g\u0142ow\u0119 kolor: czarny Opis: Bluza z kolekcji Wrangler. Model wykonany z cienkiej, lekko<\/p>\n","protected":false},"featured_media":15096,"comment_status":"closed","ping_status":"open","template":"","meta":[],"class_list":{"0":"post-15095","1":"product","2":"type-product","3":"status-publish","5":"hentry","6":"product_cat-bluzy","7":"product_cat-odziez","8":"product_cat-ona","9":"product_cat-przez-glowe","10":"product_tag-wrangler","11":"product_tag-wrangler-bluza-bawelniana"},"yoast_head":"<!-- This site is optimized with the Yoast SEO plugin v15.6.2 - https:\/\/yoast.com\/wordpress\/plugins\/seo\/ -->\n<title>Wrangler - Bluza bawe\u0142niana<\/title>\n<meta name=\"robots\" content=\"index, follow, max-snippet:-1, max-image-preview:large, max-video-preview:-1\" \/>\n<link rel=\"canonical\" href=\"https:\/\/torebunia.pl\/sklep\/produkt\/wrangler-bluza-bawelniana-2\/\" \/>\n<meta property=\"og:locale\" content=\"pl_PL\" \/>\n<meta property=\"og:type\" content=\"article\" \/>\n<meta property=\"og:title\" content=\"Wrangler - Bluza bawe\u0142niana\" \/>\n<meta property=\"og:description\" content=\"Parametry produktu: cena: 219.9 PLN marka: Wrangler p\u0142e\u0107: Female kategoria: ONA \/ Odzie\u017c \/ Bluzy \/ Przez g\u0142ow\u0119 kolor: czarny Opis: Bluza z kolekcji Wrangler. Model wykonany z cienkiej, lekko\" \/>\n<meta property=\"og:url\" content=\"https:\/\/torebunia.pl\/sklep\/produkt\/wrangler-bluza-bawelniana-2\/\" \/>\n<meta property=\"og:site_name\" content=\"Moje Blog\" \/>\n<meta property=\"article:modified_time\" content=\"2021-01-25T20:44:29+00:00\" \/>\n<meta property=\"og:image\" content=\"https:\/\/torebunia.pl\/sklep\/wp-content\/uploads\/2021\/01\/530daee155defe3bc24d9da6507cd2290ca52b02.jpg\" \/>\n\t<meta property=\"og:image:width\" content=\"855\" \/>\n\t<meta property=\"og:image:height\" content=\"1290\" \/>\n<meta name=\"twitter:card\" content=\"summary_large_image\" \/>\n<meta name=\"twitter:label1\" content=\"Est. reading time\">\n\t<meta name=\"twitter:data1\" content=\"1 minuta\">\n<script type=\"application\/ld+json\" class=\"yoast-schema-graph\">{\"@context\":\"https:\/\/schema.org\",\"@graph\":[{\"@type\":\"WebSite\",\"@id\":\"https:\/\/torebunia.pl\/sklep\/#website\",\"url\":\"https:\/\/torebunia.pl\/sklep\/\",\"name\":\"Moje Blog\",\"description\":\"Kolejna witryna WordPress\",\"potentialAction\":[{\"@type\":\"SearchAction\",\"target\":\"https:\/\/torebunia.pl\/sklep\/?s={search_term_string}\",\"query-input\":\"required name=search_term_string\"}],\"inLanguage\":\"pl-PL\"},{\"@type\":\"ImageObject\",\"@id\":\"https:\/\/torebunia.pl\/sklep\/produkt\/wrangler-bluza-bawelniana-2\/#primaryimage\",\"inLanguage\":\"pl-PL\",\"url\":\"https:\/\/torebunia.pl\/sklep\/wp-content\/uploads\/2021\/01\/530daee155defe3bc24d9da6507cd2290ca52b02.jpg\",\"width\":855,\"height\":1290,\"caption\":\"Wrangler - Bluza bawe\\u0142niana\"},{\"@type\":\"WebPage\",\"@id\":\"https:\/\/torebunia.pl\/sklep\/produkt\/wrangler-bluza-bawelniana-2\/#webpage\",\"url\":\"https:\/\/torebunia.pl\/sklep\/produkt\/wrangler-bluza-bawelniana-2\/\",\"name\":\"Wrangler - Bluza bawe\\u0142niana\",\"isPartOf\":{\"@id\":\"https:\/\/torebunia.pl\/sklep\/#website\"},\"primaryImageOfPage\":{\"@id\":\"https:\/\/torebunia.pl\/sklep\/produkt\/wrangler-bluza-bawelniana-2\/#primaryimage\"},\"datePublished\":\"2021-01-14T04:35:19+00:00\",\"dateModified\":\"2021-01-25T20:44:29+00:00\",\"inLanguage\":\"pl-PL\",\"potentialAction\":[{\"@type\":\"ReadAction\",\"target\":[\"https:\/\/torebunia.pl\/sklep\/produkt\/wrangler-bluza-bawelniana-2\/\"]}]}]}<\/script>\n<!-- \/ Yoast SEO plugin. -->","_links":{"self":[{"href":"https:\/\/torebunia.pl\/sklep\/wp-json\/wp\/v2\/product\/15095","targetHints":{"allow":["GET"]}}],"collection":[{"href":"https:\/\/torebunia.pl\/sklep\/wp-json\/wp\/v2\/product"}],"about":[{"href":"https:\/\/torebunia.pl\/sklep\/wp-json\/wp\/v2\/types\/product"}],"replies":[{"embeddable":true,"href":"https:\/\/torebunia.pl\/sklep\/wp-json\/wp\/v2\/comments?post=15095"}],"wp:featuredmedia":[{"embeddable":true,"href":"https:\/\/torebunia.pl\/sklep\/wp-json\/wp\/v2\/media\/15096"}],"wp:attachment":[{"href":"https:\/\/torebunia.pl\/sklep\/wp-json\/wp\/v2\/media?parent=15095"}],"curies":[{"name":"wp","href":"https:\/\/api.w.org\/{rel}","templated":true}]}}