{"id":15035,"date":"2020-05-23T04:43:42","date_gmt":"2020-05-23T04:43:42","guid":{"rendered":"https:\/\/torebunia.pl\/sklep\/produkt\/new-balance-buty-wl996fa\/"},"modified":"2021-01-27T14:06:21","modified_gmt":"2021-01-27T14:06:21","slug":"new-balance-buty-wl996fa","status":"publish","type":"product","link":"https:\/\/torebunia.pl\/sklep\/produkt\/new-balance-buty-wl996fa\/","title":{"rendered":"New Balance &#8211; Buty WL996FA"},"content":{"rendered":"<p>Parametry produktu:<\/p>\n<ul>\n<li>cena: <strong>369.9 PLN<\/strong><\/li>\n<li>marka: <strong>New Balance<\/strong><\/li>\n<li>p\u0142e\u0107: <strong>Female<\/strong><\/li>\n<li>kategoria: <strong>ONA \/ Obuwie \/ Sneakersy i sportowe \/ Sneakersy<\/strong><\/li>\n<li>kolor: <strong>kasztanowy<\/strong><\/li>\n<\/ul>\n<p>Opis:<br \/>\nButy z kolekcji New Balance. Model wykonany z po\u0142\u0105czenia materia\u0142u tekstylnego i sk\u00f3ry naturalnej. &#8211; Okr\u0105g\u0142y, usztywniony nosek. &#8211; Gumowa podeszwa. &#8211; \u017b\u0142obiona podeszwa. &#8211; Usztywniony zapi\u0119tek. &#8211; Tekstylne wn\u0119trze. &#8211; Wyci\u0105gana wk\u0142adka. &#8211; Sznurowany model. &#8211; D\u0142ugo\u015b\u0107 wk\u0142adki wynosi: 23 cm. &#8211; Wymiary podane dla rozmiaru: 36. Materia\u0142: tekstylny Sk\u0142ad: Cholewka: Materia\u0142 tekstylny, Sk\u00f3ra naturalna, Wn\u0119trze: Materia\u0142 tekstylny, Podeszwa: Materia\u0142 syntetyczny ID produktu: 4910-OBD2PF Kod producenta: WL996FA<\/p>\n","protected":false},"excerpt":{"rendered":"<p>Parametry produktu: cena: 369.9 PLN marka: New Balance p\u0142e\u0107: Female kategoria: ONA \/ Obuwie \/ Sneakersy i sportowe \/ Sneakersy kolor: kasztanowy Opis: Buty z kolekcji New Balance. Model wykonany<\/p>\n","protected":false},"featured_media":15036,"comment_status":"closed","ping_status":"open","template":"","meta":[],"class_list":{"0":"post-15035","1":"product","2":"type-product","3":"status-publish","5":"hentry","6":"product_cat-obuwie","7":"product_cat-ona","8":"product_cat-sneakersy","9":"product_cat-sneakersy-i-sportowe","10":"product_tag-new-balance","11":"product_tag-new-balance-buty-wl996fa"},"yoast_head":"<!-- This site is optimized with the Yoast SEO plugin v15.6.2 - https:\/\/yoast.com\/wordpress\/plugins\/seo\/ -->\n<title>New Balance - Buty WL996FA<\/title>\n<meta name=\"robots\" content=\"index, follow, max-snippet:-1, max-image-preview:large, max-video-preview:-1\" \/>\n<link rel=\"canonical\" href=\"https:\/\/torebunia.pl\/sklep\/produkt\/new-balance-buty-wl996fa\/\" \/>\n<meta property=\"og:locale\" content=\"pl_PL\" \/>\n<meta property=\"og:type\" content=\"article\" \/>\n<meta property=\"og:title\" content=\"New Balance - Buty WL996FA\" \/>\n<meta property=\"og:description\" content=\"Parametry produktu: cena: 369.9 PLN marka: New Balance p\u0142e\u0107: Female kategoria: ONA \/ Obuwie \/ Sneakersy i sportowe \/ Sneakersy kolor: kasztanowy Opis: Buty z kolekcji New Balance. Model wykonany\" \/>\n<meta property=\"og:url\" content=\"https:\/\/torebunia.pl\/sklep\/produkt\/new-balance-buty-wl996fa\/\" \/>\n<meta property=\"og:site_name\" content=\"Moje Blog\" \/>\n<meta property=\"article:modified_time\" content=\"2021-01-27T14:06:21+00:00\" \/>\n<meta property=\"og:image\" content=\"https:\/\/torebunia.pl\/sklep\/wp-content\/uploads\/2021\/01\/9ec54e8de33c69b9a4658973738876862b4caaee.jpg\" \/>\n\t<meta property=\"og:image:width\" content=\"855\" \/>\n\t<meta property=\"og:image:height\" content=\"1290\" \/>\n<meta name=\"twitter:card\" content=\"summary_large_image\" \/>\n<meta name=\"twitter:label1\" content=\"Est. reading time\">\n\t<meta name=\"twitter:data1\" content=\"1 minuta\">\n<script type=\"application\/ld+json\" class=\"yoast-schema-graph\">{\"@context\":\"https:\/\/schema.org\",\"@graph\":[{\"@type\":\"WebSite\",\"@id\":\"https:\/\/torebunia.pl\/sklep\/#website\",\"url\":\"https:\/\/torebunia.pl\/sklep\/\",\"name\":\"Moje Blog\",\"description\":\"Kolejna witryna WordPress\",\"potentialAction\":[{\"@type\":\"SearchAction\",\"target\":\"https:\/\/torebunia.pl\/sklep\/?s={search_term_string}\",\"query-input\":\"required name=search_term_string\"}],\"inLanguage\":\"pl-PL\"},{\"@type\":\"ImageObject\",\"@id\":\"https:\/\/torebunia.pl\/sklep\/produkt\/new-balance-buty-wl996fa\/#primaryimage\",\"inLanguage\":\"pl-PL\",\"url\":\"https:\/\/torebunia.pl\/sklep\/wp-content\/uploads\/2021\/01\/9ec54e8de33c69b9a4658973738876862b4caaee.jpg\",\"width\":855,\"height\":1290,\"caption\":\"New Balance - Buty WL996FA\"},{\"@type\":\"WebPage\",\"@id\":\"https:\/\/torebunia.pl\/sklep\/produkt\/new-balance-buty-wl996fa\/#webpage\",\"url\":\"https:\/\/torebunia.pl\/sklep\/produkt\/new-balance-buty-wl996fa\/\",\"name\":\"New Balance - Buty WL996FA\",\"isPartOf\":{\"@id\":\"https:\/\/torebunia.pl\/sklep\/#website\"},\"primaryImageOfPage\":{\"@id\":\"https:\/\/torebunia.pl\/sklep\/produkt\/new-balance-buty-wl996fa\/#primaryimage\"},\"datePublished\":\"2020-05-23T04:43:42+00:00\",\"dateModified\":\"2021-01-27T14:06:21+00:00\",\"inLanguage\":\"pl-PL\",\"potentialAction\":[{\"@type\":\"ReadAction\",\"target\":[\"https:\/\/torebunia.pl\/sklep\/produkt\/new-balance-buty-wl996fa\/\"]}]}]}<\/script>\n<!-- \/ Yoast SEO plugin. -->","_links":{"self":[{"href":"https:\/\/torebunia.pl\/sklep\/wp-json\/wp\/v2\/product\/15035","targetHints":{"allow":["GET"]}}],"collection":[{"href":"https:\/\/torebunia.pl\/sklep\/wp-json\/wp\/v2\/product"}],"about":[{"href":"https:\/\/torebunia.pl\/sklep\/wp-json\/wp\/v2\/types\/product"}],"replies":[{"embeddable":true,"href":"https:\/\/torebunia.pl\/sklep\/wp-json\/wp\/v2\/comments?post=15035"}],"wp:featuredmedia":[{"embeddable":true,"href":"https:\/\/torebunia.pl\/sklep\/wp-json\/wp\/v2\/media\/15036"}],"wp:attachment":[{"href":"https:\/\/torebunia.pl\/sklep\/wp-json\/wp\/v2\/media?parent=15035"}],"curies":[{"name":"wp","href":"https:\/\/api.w.org\/{rel}","templated":true}]}}