{"id":14985,"date":"2020-05-04T14:50:19","date_gmt":"2020-05-04T14:50:19","guid":{"rendered":"https:\/\/torebunia.pl\/sklep\/produkt\/converse-trampki-skorzane\/"},"modified":"2021-01-25T20:41:05","modified_gmt":"2021-01-25T20:41:05","slug":"converse-trampki-skorzane","status":"publish","type":"product","link":"https:\/\/torebunia.pl\/sklep\/produkt\/converse-trampki-skorzane\/","title":{"rendered":"Converse &#8211; Trampki sk\u00f3rzane"},"content":{"rendered":"<p>Parametry produktu:<\/p>\n<ul>\n<li>cena: <strong>419.9 PLN<\/strong><\/li>\n<li>marka: <strong>Converse<\/strong><\/li>\n<li>p\u0142e\u0107: <strong>Female<\/strong><\/li>\n<li>kategoria: <strong>ONA \/ Obuwie \/ Trampki i tenis\u00f3wki \/ Wysokie<\/strong><\/li>\n<li>kolor: <strong>bia\u0142y<\/strong><\/li>\n<\/ul>\n<p>Opis:<br \/>\nTrampki z kolekcji Converse. Model wykonany ze sk\u00f3ry naturalnej. &#8211; Okr\u0105g\u0142y, gumowany nosek. &#8211; Gumowa podeszwa. &#8211; Usztywniony zapi\u0119tek. &#8211; Tekstylne wn\u0119trze. &#8211; Model na platformie. &#8211; Sznurowany model. &#8211; Wysoko\u015b\u0107 platformy: 4,5 cm. &#8211; D\u0142ugo\u015b\u0107 wk\u0142adki wynosi: 23,5 cm. &#8211; Wymiary podane dla rozmiaru: 37. Obcas: platforma Materia\u0142: sk\u00f3ra licowa Sk\u0142ad: Cholewka: Sk\u00f3ra naturalna, Wn\u0119trze: Materia\u0142 tekstylny, Podeszwa: Materia\u0142 syntetyczny ID produktu: 4900-OBD2K9 Kod producenta: 561676C<\/p>\n","protected":false},"excerpt":{"rendered":"<p>Parametry produktu: cena: 419.9 PLN marka: Converse p\u0142e\u0107: Female kategoria: ONA \/ Obuwie \/ Trampki i tenis\u00f3wki \/ Wysokie kolor: bia\u0142y Opis: Trampki z kolekcji Converse. Model wykonany ze sk\u00f3ry<\/p>\n","protected":false},"featured_media":14986,"comment_status":"closed","ping_status":"open","template":"","meta":[],"class_list":{"0":"post-14985","1":"product","2":"type-product","3":"status-publish","5":"hentry","6":"product_cat-obuwie","7":"product_cat-ona","8":"product_cat-trampki-i-tenisowki","9":"product_cat-wysokie","10":"product_tag-converse","11":"product_tag-converse-trampki-skorzane"},"yoast_head":"<!-- This site is optimized with the Yoast SEO plugin v15.6.2 - https:\/\/yoast.com\/wordpress\/plugins\/seo\/ -->\n<title>Converse - Trampki sk\u00f3rzane<\/title>\n<meta name=\"robots\" content=\"index, follow, max-snippet:-1, max-image-preview:large, max-video-preview:-1\" \/>\n<link rel=\"canonical\" href=\"https:\/\/torebunia.pl\/sklep\/produkt\/converse-trampki-skorzane\/\" \/>\n<meta property=\"og:locale\" content=\"pl_PL\" \/>\n<meta property=\"og:type\" content=\"article\" \/>\n<meta property=\"og:title\" content=\"Converse - Trampki sk\u00f3rzane\" \/>\n<meta property=\"og:description\" content=\"Parametry produktu: cena: 419.9 PLN marka: Converse p\u0142e\u0107: Female kategoria: ONA \/ Obuwie \/ Trampki i tenis\u00f3wki \/ Wysokie kolor: bia\u0142y Opis: Trampki z kolekcji Converse. Model wykonany ze sk\u00f3ry\" \/>\n<meta property=\"og:url\" content=\"https:\/\/torebunia.pl\/sklep\/produkt\/converse-trampki-skorzane\/\" \/>\n<meta property=\"og:site_name\" content=\"Moje Blog\" \/>\n<meta property=\"article:modified_time\" content=\"2021-01-25T20:41:05+00:00\" \/>\n<meta property=\"og:image\" content=\"https:\/\/torebunia.pl\/sklep\/wp-content\/uploads\/2021\/01\/5800e5753bae5fe36b233f2a55e75b08db0de31f.jpg\" \/>\n\t<meta property=\"og:image:width\" content=\"855\" \/>\n\t<meta property=\"og:image:height\" content=\"1290\" \/>\n<meta name=\"twitter:card\" content=\"summary_large_image\" \/>\n<script type=\"application\/ld+json\" class=\"yoast-schema-graph\">{\"@context\":\"https:\/\/schema.org\",\"@graph\":[{\"@type\":\"WebSite\",\"@id\":\"https:\/\/torebunia.pl\/sklep\/#website\",\"url\":\"https:\/\/torebunia.pl\/sklep\/\",\"name\":\"Moje Blog\",\"description\":\"Kolejna witryna WordPress\",\"potentialAction\":[{\"@type\":\"SearchAction\",\"target\":\"https:\/\/torebunia.pl\/sklep\/?s={search_term_string}\",\"query-input\":\"required name=search_term_string\"}],\"inLanguage\":\"pl-PL\"},{\"@type\":\"ImageObject\",\"@id\":\"https:\/\/torebunia.pl\/sklep\/produkt\/converse-trampki-skorzane\/#primaryimage\",\"inLanguage\":\"pl-PL\",\"url\":\"https:\/\/torebunia.pl\/sklep\/wp-content\/uploads\/2021\/01\/5800e5753bae5fe36b233f2a55e75b08db0de31f.jpg\",\"width\":855,\"height\":1290,\"caption\":\"Converse - Trampki sk\\u00f3rzane\"},{\"@type\":\"WebPage\",\"@id\":\"https:\/\/torebunia.pl\/sklep\/produkt\/converse-trampki-skorzane\/#webpage\",\"url\":\"https:\/\/torebunia.pl\/sklep\/produkt\/converse-trampki-skorzane\/\",\"name\":\"Converse - Trampki sk\\u00f3rzane\",\"isPartOf\":{\"@id\":\"https:\/\/torebunia.pl\/sklep\/#website\"},\"primaryImageOfPage\":{\"@id\":\"https:\/\/torebunia.pl\/sklep\/produkt\/converse-trampki-skorzane\/#primaryimage\"},\"datePublished\":\"2020-05-04T14:50:19+00:00\",\"dateModified\":\"2021-01-25T20:41:05+00:00\",\"inLanguage\":\"pl-PL\",\"potentialAction\":[{\"@type\":\"ReadAction\",\"target\":[\"https:\/\/torebunia.pl\/sklep\/produkt\/converse-trampki-skorzane\/\"]}]}]}<\/script>\n<!-- \/ Yoast SEO plugin. -->","_links":{"self":[{"href":"https:\/\/torebunia.pl\/sklep\/wp-json\/wp\/v2\/product\/14985","targetHints":{"allow":["GET"]}}],"collection":[{"href":"https:\/\/torebunia.pl\/sklep\/wp-json\/wp\/v2\/product"}],"about":[{"href":"https:\/\/torebunia.pl\/sklep\/wp-json\/wp\/v2\/types\/product"}],"replies":[{"embeddable":true,"href":"https:\/\/torebunia.pl\/sklep\/wp-json\/wp\/v2\/comments?post=14985"}],"wp:featuredmedia":[{"embeddable":true,"href":"https:\/\/torebunia.pl\/sklep\/wp-json\/wp\/v2\/media\/14986"}],"wp:attachment":[{"href":"https:\/\/torebunia.pl\/sklep\/wp-json\/wp\/v2\/media?parent=14985"}],"curies":[{"name":"wp","href":"https:\/\/api.w.org\/{rel}","templated":true}]}}