{"id":14931,"date":"2020-04-07T21:45:22","date_gmt":"2020-04-07T21:45:22","guid":{"rendered":"https:\/\/torebunia.pl\/sklep\/produkt\/etam-szorty-pizamowe-josie-2\/"},"modified":"2021-01-25T20:39:29","modified_gmt":"2021-01-25T20:39:29","slug":"etam-szorty-pizamowe-josie-2","status":"publish","type":"product","link":"https:\/\/torebunia.pl\/sklep\/produkt\/etam-szorty-pizamowe-josie-2\/","title":{"rendered":"Etam &#8211; Szorty pi\u017camowe Josie"},"content":{"rendered":"<p>Parametry produktu:<\/p>\n<ul>\n<li>cena: <strong>69.9 PLN<\/strong><\/li>\n<li>marka: <strong>Etam<\/strong><\/li>\n<li>p\u0142e\u0107: <strong>Female<\/strong><\/li>\n<li>kategoria: <strong>ONA \/ Odzie\u017c \/ Bielizna \/ Pi\u017camy<\/strong><\/li>\n<li>kolor: <strong>multikolor<\/strong><\/li>\n<\/ul>\n<p>Opis:<br \/>\nSzorty pi\u017camowe z kolekcji Etam. Model wykonany z wzorzystej dzianiny. &#8211; W pasie w\u0105ska, elastyczna listwa. &#8211; Koronkowe wstawki. &#8211; Wzorzysta dzianina. Wz\u00f3r: wzorzyste Rodzaj: d\u00f3\u0142 Materia\u0142: dzianina Sk\u0142ad: Materia\u0142 1: 5 % Elastan, 95 % Wiskoza, Materia\u0142 2: 10 % Elastan, 90 % Poliamid ID produktu: 4901-BID10G Kod producenta: 651456269<\/p>\n","protected":false},"excerpt":{"rendered":"<p>Parametry produktu: cena: 69.9 PLN marka: Etam p\u0142e\u0107: Female kategoria: ONA \/ Odzie\u017c \/ Bielizna \/ Pi\u017camy kolor: multikolor Opis: Szorty pi\u017camowe z kolekcji Etam. Model wykonany z wzorzystej dzianiny.<\/p>\n","protected":false},"featured_media":14932,"comment_status":"closed","ping_status":"open","template":"","meta":[],"class_list":{"0":"post-14931","1":"product","2":"type-product","3":"status-publish","5":"hentry","6":"product_cat-bielizna","7":"product_cat-odziez","8":"product_cat-ona","9":"product_cat-pizamy","10":"product_tag-etam","11":"product_tag-etam-szorty-pizamowe-josie"},"yoast_head":"<!-- This site is optimized with the Yoast SEO plugin v15.6.2 - https:\/\/yoast.com\/wordpress\/plugins\/seo\/ -->\n<title>Etam - Szorty pi\u017camowe Josie<\/title>\n<meta name=\"robots\" content=\"index, follow, max-snippet:-1, max-image-preview:large, max-video-preview:-1\" \/>\n<link rel=\"canonical\" href=\"https:\/\/torebunia.pl\/sklep\/produkt\/etam-szorty-pizamowe-josie-2\/\" \/>\n<meta property=\"og:locale\" content=\"pl_PL\" \/>\n<meta property=\"og:type\" content=\"article\" \/>\n<meta property=\"og:title\" content=\"Etam - Szorty pi\u017camowe Josie\" \/>\n<meta property=\"og:description\" content=\"Parametry produktu: cena: 69.9 PLN marka: Etam p\u0142e\u0107: Female kategoria: ONA \/ Odzie\u017c \/ Bielizna \/ Pi\u017camy kolor: multikolor Opis: Szorty pi\u017camowe z kolekcji Etam. Model wykonany z wzorzystej dzianiny.\" \/>\n<meta property=\"og:url\" content=\"https:\/\/torebunia.pl\/sklep\/produkt\/etam-szorty-pizamowe-josie-2\/\" \/>\n<meta property=\"og:site_name\" content=\"Moje Blog\" \/>\n<meta property=\"article:modified_time\" content=\"2021-01-25T20:39:29+00:00\" \/>\n<meta property=\"og:image\" content=\"https:\/\/torebunia.pl\/sklep\/wp-content\/uploads\/2021\/01\/e75c87e7ac08d8df5ad32ee3d38737e493c4df30-1.jpg\" \/>\n\t<meta property=\"og:image:width\" content=\"855\" \/>\n\t<meta property=\"og:image:height\" content=\"1290\" \/>\n<meta name=\"twitter:card\" content=\"summary_large_image\" \/>\n<script type=\"application\/ld+json\" class=\"yoast-schema-graph\">{\"@context\":\"https:\/\/schema.org\",\"@graph\":[{\"@type\":\"WebSite\",\"@id\":\"https:\/\/torebunia.pl\/sklep\/#website\",\"url\":\"https:\/\/torebunia.pl\/sklep\/\",\"name\":\"Moje Blog\",\"description\":\"Kolejna witryna WordPress\",\"potentialAction\":[{\"@type\":\"SearchAction\",\"target\":\"https:\/\/torebunia.pl\/sklep\/?s={search_term_string}\",\"query-input\":\"required name=search_term_string\"}],\"inLanguage\":\"pl-PL\"},{\"@type\":\"ImageObject\",\"@id\":\"https:\/\/torebunia.pl\/sklep\/produkt\/etam-szorty-pizamowe-josie-2\/#primaryimage\",\"inLanguage\":\"pl-PL\",\"url\":\"https:\/\/torebunia.pl\/sklep\/wp-content\/uploads\/2021\/01\/e75c87e7ac08d8df5ad32ee3d38737e493c4df30-1.jpg\",\"width\":855,\"height\":1290,\"caption\":\"Etam - Szorty pi\\u017camowe Josie\"},{\"@type\":\"WebPage\",\"@id\":\"https:\/\/torebunia.pl\/sklep\/produkt\/etam-szorty-pizamowe-josie-2\/#webpage\",\"url\":\"https:\/\/torebunia.pl\/sklep\/produkt\/etam-szorty-pizamowe-josie-2\/\",\"name\":\"Etam - Szorty pi\\u017camowe Josie\",\"isPartOf\":{\"@id\":\"https:\/\/torebunia.pl\/sklep\/#website\"},\"primaryImageOfPage\":{\"@id\":\"https:\/\/torebunia.pl\/sklep\/produkt\/etam-szorty-pizamowe-josie-2\/#primaryimage\"},\"datePublished\":\"2020-04-07T21:45:22+00:00\",\"dateModified\":\"2021-01-25T20:39:29+00:00\",\"inLanguage\":\"pl-PL\",\"potentialAction\":[{\"@type\":\"ReadAction\",\"target\":[\"https:\/\/torebunia.pl\/sklep\/produkt\/etam-szorty-pizamowe-josie-2\/\"]}]}]}<\/script>\n<!-- \/ Yoast SEO plugin. -->","_links":{"self":[{"href":"https:\/\/torebunia.pl\/sklep\/wp-json\/wp\/v2\/product\/14931","targetHints":{"allow":["GET"]}}],"collection":[{"href":"https:\/\/torebunia.pl\/sklep\/wp-json\/wp\/v2\/product"}],"about":[{"href":"https:\/\/torebunia.pl\/sklep\/wp-json\/wp\/v2\/types\/product"}],"replies":[{"embeddable":true,"href":"https:\/\/torebunia.pl\/sklep\/wp-json\/wp\/v2\/comments?post=14931"}],"wp:featuredmedia":[{"embeddable":true,"href":"https:\/\/torebunia.pl\/sklep\/wp-json\/wp\/v2\/media\/14932"}],"wp:attachment":[{"href":"https:\/\/torebunia.pl\/sklep\/wp-json\/wp\/v2\/media?parent=14931"}],"curies":[{"name":"wp","href":"https:\/\/api.w.org\/{rel}","templated":true}]}}