{"id":1487,"date":"2020-12-03T16:43:12","date_gmt":"2020-12-03T16:43:12","guid":{"rendered":"https:\/\/torebunia.pl\/sklep\/produkt\/answear-sukienka-3\/"},"modified":"2021-01-25T14:02:26","modified_gmt":"2021-01-25T14:02:26","slug":"answear-sukienka-3","status":"publish","type":"product","link":"https:\/\/torebunia.pl\/sklep\/produkt\/answear-sukienka-3\/","title":{"rendered":"Answear &#8211; Sukienka"},"content":{"rendered":"<p>Parametry produktu:<\/p>\n<ul>\n<li>cena: <strong>189.9 PLN<\/strong><\/li>\n<li>marka: <strong>ANSWEAR<\/strong><\/li>\n<li>p\u0142e\u0107: <strong>Female<\/strong><\/li>\n<li>kategoria: <strong>ONA \/ Odzie\u017c \/ Sukienki<\/strong><\/li>\n<li>kolor: <strong>czerwony<\/strong><\/li>\n<\/ul>\n<p>Opis:<br \/>\nSukienka z kolekcji Answear. Rozkloszowany model wykonany z g\u0142adkiej tkaniny. &#8211; Rozkloszowany fason. &#8211; Model z ozdobnymi falbanami. &#8211; Zak\u0142adany dekolt. &#8211; Cienki materia\u0142. &#8211; Szeroko\u015b\u0107 pod pachami: 45,5 cm. &#8211; D\u0142ugo\u015b\u0107: 86 cm. &#8211; Wymiary podane dla rozmiaru: S. Wz\u00f3r: g\u0142adkie Materia\u0142: tkanina Dekolt: szpic D\u0142ugo\u015b\u0107: mini R\u0119kaw: trzy czwarte Fason: rozkloszowany Okazje: koktajl Sk\u0142ad: 100 % Poliester ID produktu: -100-SUD061 Kod producenta: BANG2.OJ<\/p>\n","protected":false},"excerpt":{"rendered":"<p>Parametry produktu: cena: 189.9 PLN marka: ANSWEAR p\u0142e\u0107: Female kategoria: ONA \/ Odzie\u017c \/ Sukienki kolor: czerwony Opis: Sukienka z kolekcji Answear. Rozkloszowany model wykonany z g\u0142adkiej tkaniny. &#8211; Rozkloszowany<\/p>\n","protected":false},"featured_media":1488,"comment_status":"closed","ping_status":"open","template":"","meta":[],"class_list":{"0":"post-1487","1":"product","2":"type-product","3":"status-publish","5":"hentry","6":"product_cat-odziez","7":"product_cat-ona","8":"product_cat-sukienki","9":"product_tag-answear","10":"product_tag-answear-sukienka"},"yoast_head":"<!-- This site is optimized with the Yoast SEO plugin v15.6.2 - https:\/\/yoast.com\/wordpress\/plugins\/seo\/ -->\n<title>Answear - Sukienka<\/title>\n<meta name=\"robots\" content=\"index, follow, max-snippet:-1, max-image-preview:large, max-video-preview:-1\" \/>\n<link rel=\"canonical\" href=\"https:\/\/torebunia.pl\/sklep\/produkt\/answear-sukienka-3\/\" \/>\n<meta property=\"og:locale\" content=\"pl_PL\" \/>\n<meta property=\"og:type\" content=\"article\" \/>\n<meta property=\"og:title\" content=\"Answear - Sukienka\" \/>\n<meta property=\"og:description\" content=\"Parametry produktu: cena: 189.9 PLN marka: ANSWEAR p\u0142e\u0107: Female kategoria: ONA \/ Odzie\u017c \/ Sukienki kolor: czerwony Opis: Sukienka z kolekcji Answear. Rozkloszowany model wykonany z g\u0142adkiej tkaniny. &#8211; Rozkloszowany\" \/>\n<meta property=\"og:url\" content=\"https:\/\/torebunia.pl\/sklep\/produkt\/answear-sukienka-3\/\" \/>\n<meta property=\"og:site_name\" content=\"Moje Blog\" \/>\n<meta property=\"article:modified_time\" content=\"2021-01-25T14:02:26+00:00\" \/>\n<meta property=\"og:image\" content=\"https:\/\/torebunia.pl\/sklep\/wp-content\/uploads\/2021\/01\/623f73fea81a26fcd34953d3330a4ef5971ed886.jpg\" \/>\n\t<meta property=\"og:image:width\" content=\"855\" \/>\n\t<meta property=\"og:image:height\" content=\"1290\" \/>\n<meta name=\"twitter:card\" content=\"summary_large_image\" \/>\n<script type=\"application\/ld+json\" class=\"yoast-schema-graph\">{\"@context\":\"https:\/\/schema.org\",\"@graph\":[{\"@type\":\"WebSite\",\"@id\":\"https:\/\/torebunia.pl\/sklep\/#website\",\"url\":\"https:\/\/torebunia.pl\/sklep\/\",\"name\":\"Moje Blog\",\"description\":\"Kolejna witryna WordPress\",\"potentialAction\":[{\"@type\":\"SearchAction\",\"target\":\"https:\/\/torebunia.pl\/sklep\/?s={search_term_string}\",\"query-input\":\"required name=search_term_string\"}],\"inLanguage\":\"pl-PL\"},{\"@type\":\"ImageObject\",\"@id\":\"https:\/\/torebunia.pl\/sklep\/produkt\/answear-sukienka-3\/#primaryimage\",\"inLanguage\":\"pl-PL\",\"url\":\"https:\/\/torebunia.pl\/sklep\/wp-content\/uploads\/2021\/01\/623f73fea81a26fcd34953d3330a4ef5971ed886.jpg\",\"width\":855,\"height\":1290,\"caption\":\"Answear - Sukienka\"},{\"@type\":\"WebPage\",\"@id\":\"https:\/\/torebunia.pl\/sklep\/produkt\/answear-sukienka-3\/#webpage\",\"url\":\"https:\/\/torebunia.pl\/sklep\/produkt\/answear-sukienka-3\/\",\"name\":\"Answear - Sukienka\",\"isPartOf\":{\"@id\":\"https:\/\/torebunia.pl\/sklep\/#website\"},\"primaryImageOfPage\":{\"@id\":\"https:\/\/torebunia.pl\/sklep\/produkt\/answear-sukienka-3\/#primaryimage\"},\"datePublished\":\"2020-12-03T16:43:12+00:00\",\"dateModified\":\"2021-01-25T14:02:26+00:00\",\"inLanguage\":\"pl-PL\",\"potentialAction\":[{\"@type\":\"ReadAction\",\"target\":[\"https:\/\/torebunia.pl\/sklep\/produkt\/answear-sukienka-3\/\"]}]}]}<\/script>\n<!-- \/ Yoast SEO plugin. -->","_links":{"self":[{"href":"https:\/\/torebunia.pl\/sklep\/wp-json\/wp\/v2\/product\/1487","targetHints":{"allow":["GET"]}}],"collection":[{"href":"https:\/\/torebunia.pl\/sklep\/wp-json\/wp\/v2\/product"}],"about":[{"href":"https:\/\/torebunia.pl\/sklep\/wp-json\/wp\/v2\/types\/product"}],"replies":[{"embeddable":true,"href":"https:\/\/torebunia.pl\/sklep\/wp-json\/wp\/v2\/comments?post=1487"}],"wp:featuredmedia":[{"embeddable":true,"href":"https:\/\/torebunia.pl\/sklep\/wp-json\/wp\/v2\/media\/1488"}],"wp:attachment":[{"href":"https:\/\/torebunia.pl\/sklep\/wp-json\/wp\/v2\/media?parent=1487"}],"curies":[{"name":"wp","href":"https:\/\/api.w.org\/{rel}","templated":true}]}}