{"id":14867,"date":"2020-06-01T13:25:28","date_gmt":"2020-06-01T13:25:28","guid":{"rendered":"https:\/\/torebunia.pl\/sklep\/produkt\/jacqueline-de-yong-kurtka-8\/"},"modified":"2021-01-27T13:22:49","modified_gmt":"2021-01-27T13:22:49","slug":"jacqueline-de-yong-kurtka-8","status":"publish","type":"product","link":"https:\/\/torebunia.pl\/sklep\/produkt\/jacqueline-de-yong-kurtka-8\/","title":{"rendered":"Jacqueline de Yong &#8211; Kurtka"},"content":{"rendered":"<p>Parametry produktu:<\/p>\n<ul>\n<li>cena: <strong>129.9 PLN<\/strong><\/li>\n<li>marka: <strong>Jacqueline de Yong<\/strong><\/li>\n<li>p\u0142e\u0107: <strong>Female<\/strong><\/li>\n<li>kategoria: <strong>ONA \/ Odzie\u017c \/ Kurtki i p\u0142aszcze \/ Kurtki kr\u00f3tkie<\/strong><\/li>\n<li>kolor: <strong>z\u0142oty br\u0105z<\/strong><\/li>\n<\/ul>\n<p>Opis:<br \/>\nKurtka z kolekcji Jacqueline de Yong. Mocno ocieplony model wykonany z pikowanego materia\u0142u. &#8211; Podwy\u017cszony ko\u0142nierz. &#8211; Zapi\u0119cie na suwak. &#8211; Wsuwane kieszenie zewn\u0119trzne. &#8211; Ocieplony model na podszewce. &#8211; D\u0142ugo\u015b\u0107 r\u0119kawa: 60 cm. &#8211; D\u0142ugo\u015b\u0107: 60 cm. &#8211; Szeroko\u015b\u0107 pod pachami: 48 cm. &#8211; Szeroko\u015b\u0107 w ramionach: 40 cm. &#8211; Wymiary podane dla rozmiaru: S. Podszewka: z podszewk\u0105 Kaptur: bez kaptura Ocieplenie: ocieplane Sk\u0142ad: 100 % Poliester ID produktu: 4900-KUD056 Kod producenta: 15221646<\/p>\n","protected":false},"excerpt":{"rendered":"<p>Parametry produktu: cena: 129.9 PLN marka: Jacqueline de Yong p\u0142e\u0107: Female kategoria: ONA \/ Odzie\u017c \/ Kurtki i p\u0142aszcze \/ Kurtki kr\u00f3tkie kolor: z\u0142oty br\u0105z Opis: Kurtka z kolekcji Jacqueline<\/p>\n","protected":false},"featured_media":14868,"comment_status":"closed","ping_status":"open","template":"","meta":[],"class_list":{"0":"post-14867","1":"product","2":"type-product","3":"status-publish","5":"hentry","6":"product_cat-kurtki-i-plaszcze","7":"product_cat-kurtki-krotkie","8":"product_cat-odziez","9":"product_cat-ona","10":"product_tag-jacqueline-de-yong","11":"product_tag-jacqueline-de-yong-kurtka"},"yoast_head":"<!-- This site is optimized with the Yoast SEO plugin v15.6.2 - https:\/\/yoast.com\/wordpress\/plugins\/seo\/ -->\n<title>Jacqueline de Yong - Kurtka<\/title>\n<meta name=\"robots\" content=\"index, follow, max-snippet:-1, max-image-preview:large, max-video-preview:-1\" \/>\n<link rel=\"canonical\" href=\"https:\/\/torebunia.pl\/sklep\/produkt\/jacqueline-de-yong-kurtka-8\/\" \/>\n<meta property=\"og:locale\" content=\"pl_PL\" \/>\n<meta property=\"og:type\" content=\"article\" \/>\n<meta property=\"og:title\" content=\"Jacqueline de Yong - Kurtka\" \/>\n<meta property=\"og:description\" content=\"Parametry produktu: cena: 129.9 PLN marka: Jacqueline de Yong p\u0142e\u0107: Female kategoria: ONA \/ Odzie\u017c \/ Kurtki i p\u0142aszcze \/ Kurtki kr\u00f3tkie kolor: z\u0142oty br\u0105z Opis: Kurtka z kolekcji Jacqueline\" \/>\n<meta property=\"og:url\" content=\"https:\/\/torebunia.pl\/sklep\/produkt\/jacqueline-de-yong-kurtka-8\/\" \/>\n<meta property=\"og:site_name\" content=\"Moje Blog\" \/>\n<meta property=\"article:modified_time\" content=\"2021-01-27T13:22:49+00:00\" \/>\n<meta property=\"og:image\" content=\"https:\/\/torebunia.pl\/sklep\/wp-content\/uploads\/2021\/01\/380046a7f999e2c693f9d634eda49fa2491f73ba.jpg\" \/>\n\t<meta property=\"og:image:width\" content=\"855\" \/>\n\t<meta property=\"og:image:height\" content=\"1290\" \/>\n<meta name=\"twitter:card\" content=\"summary_large_image\" \/>\n<meta name=\"twitter:label1\" content=\"Est. reading time\">\n\t<meta name=\"twitter:data1\" content=\"1 minuta\">\n<script type=\"application\/ld+json\" class=\"yoast-schema-graph\">{\"@context\":\"https:\/\/schema.org\",\"@graph\":[{\"@type\":\"WebSite\",\"@id\":\"https:\/\/torebunia.pl\/sklep\/#website\",\"url\":\"https:\/\/torebunia.pl\/sklep\/\",\"name\":\"Moje Blog\",\"description\":\"Kolejna witryna WordPress\",\"potentialAction\":[{\"@type\":\"SearchAction\",\"target\":\"https:\/\/torebunia.pl\/sklep\/?s={search_term_string}\",\"query-input\":\"required name=search_term_string\"}],\"inLanguage\":\"pl-PL\"},{\"@type\":\"ImageObject\",\"@id\":\"https:\/\/torebunia.pl\/sklep\/produkt\/jacqueline-de-yong-kurtka-8\/#primaryimage\",\"inLanguage\":\"pl-PL\",\"url\":\"https:\/\/torebunia.pl\/sklep\/wp-content\/uploads\/2021\/01\/380046a7f999e2c693f9d634eda49fa2491f73ba.jpg\",\"width\":855,\"height\":1290,\"caption\":\"Jacqueline de Yong - Kurtka\"},{\"@type\":\"WebPage\",\"@id\":\"https:\/\/torebunia.pl\/sklep\/produkt\/jacqueline-de-yong-kurtka-8\/#webpage\",\"url\":\"https:\/\/torebunia.pl\/sklep\/produkt\/jacqueline-de-yong-kurtka-8\/\",\"name\":\"Jacqueline de Yong - Kurtka\",\"isPartOf\":{\"@id\":\"https:\/\/torebunia.pl\/sklep\/#website\"},\"primaryImageOfPage\":{\"@id\":\"https:\/\/torebunia.pl\/sklep\/produkt\/jacqueline-de-yong-kurtka-8\/#primaryimage\"},\"datePublished\":\"2020-06-01T13:25:28+00:00\",\"dateModified\":\"2021-01-27T13:22:49+00:00\",\"inLanguage\":\"pl-PL\",\"potentialAction\":[{\"@type\":\"ReadAction\",\"target\":[\"https:\/\/torebunia.pl\/sklep\/produkt\/jacqueline-de-yong-kurtka-8\/\"]}]}]}<\/script>\n<!-- \/ Yoast SEO plugin. -->","_links":{"self":[{"href":"https:\/\/torebunia.pl\/sklep\/wp-json\/wp\/v2\/product\/14867","targetHints":{"allow":["GET"]}}],"collection":[{"href":"https:\/\/torebunia.pl\/sklep\/wp-json\/wp\/v2\/product"}],"about":[{"href":"https:\/\/torebunia.pl\/sklep\/wp-json\/wp\/v2\/types\/product"}],"replies":[{"embeddable":true,"href":"https:\/\/torebunia.pl\/sklep\/wp-json\/wp\/v2\/comments?post=14867"}],"wp:featuredmedia":[{"embeddable":true,"href":"https:\/\/torebunia.pl\/sklep\/wp-json\/wp\/v2\/media\/14868"}],"wp:attachment":[{"href":"https:\/\/torebunia.pl\/sklep\/wp-json\/wp\/v2\/media?parent=14867"}],"curies":[{"name":"wp","href":"https:\/\/api.w.org\/{rel}","templated":true}]}}