{"id":1485,"date":"2020-10-04T13:26:25","date_gmt":"2020-10-04T13:26:25","guid":{"rendered":"https:\/\/torebunia.pl\/sklep\/produkt\/calvin-klein-underwear-biustonosz-2\/"},"modified":"2021-01-25T14:02:23","modified_gmt":"2021-01-25T14:02:23","slug":"calvin-klein-underwear-biustonosz-2","status":"publish","type":"product","link":"https:\/\/torebunia.pl\/sklep\/produkt\/calvin-klein-underwear-biustonosz-2\/","title":{"rendered":"Calvin Klein Underwear &#8211; Biustonosz"},"content":{"rendered":"<p>Parametry produktu:<\/p>\n<ul>\n<li>cena: <strong>129.9 PLN<\/strong><\/li>\n<li>marka: <strong>Calvin Klein Underwear<\/strong><\/li>\n<li>p\u0142e\u0107: <strong>Female<\/strong><\/li>\n<li>kategoria: <strong>ONA \/ Odzie\u017c \/ Bielizna \/ Biustonosze<\/strong><\/li>\n<li>kolor: <strong>brzoskwiniowy<\/strong><\/li>\n<\/ul>\n<p>Opis:<br \/>\nBiustonosz w fasonie sportowym z kolekcji Calvin Klein Underwear. Model wykonany z komfortowego materia\u0142u. &#8211; Model wyko\u0144czony elastyczn\u0105 listw\u0105. &#8211; G\u0142adka miseczka. &#8211; Mi\u0119kka miseczka. &#8211; Regulowane rami\u0105czka. Miseczka: mi\u0119kka Miseczka: bez fiszbin\u00f3w Wz\u00f3r: aplikacja Materia\u0142: dzianina Sk\u0142ad: 55 % Bawe\u0142na, 8 % Elastan, 37 % Modal ID produktu: 4901-BID0GF Kod producenta: 000QF5727E<\/p>\n","protected":false},"excerpt":{"rendered":"<p>Parametry produktu: cena: 129.9 PLN marka: Calvin Klein Underwear p\u0142e\u0107: Female kategoria: ONA \/ Odzie\u017c \/ Bielizna \/ Biustonosze kolor: brzoskwiniowy Opis: Biustonosz w fasonie sportowym z kolekcji Calvin Klein<\/p>\n","protected":false},"featured_media":1486,"comment_status":"closed","ping_status":"open","template":"","meta":[],"class_list":{"0":"post-1485","1":"product","2":"type-product","3":"status-publish","5":"hentry","6":"product_cat-bielizna","7":"product_cat-biustonosze","8":"product_cat-odziez","9":"product_cat-ona","10":"product_tag-calvin-klein-underwear","11":"product_tag-calvin-klein-underwear-biustonosz"},"yoast_head":"<!-- This site is optimized with the Yoast SEO plugin v15.6.2 - https:\/\/yoast.com\/wordpress\/plugins\/seo\/ -->\n<title>Calvin Klein Underwear - Biustonosz<\/title>\n<meta name=\"robots\" content=\"index, follow, max-snippet:-1, max-image-preview:large, max-video-preview:-1\" \/>\n<link rel=\"canonical\" href=\"https:\/\/torebunia.pl\/sklep\/produkt\/calvin-klein-underwear-biustonosz-2\/\" \/>\n<meta property=\"og:locale\" content=\"pl_PL\" \/>\n<meta property=\"og:type\" content=\"article\" \/>\n<meta property=\"og:title\" content=\"Calvin Klein Underwear - Biustonosz\" \/>\n<meta property=\"og:description\" content=\"Parametry produktu: cena: 129.9 PLN marka: Calvin Klein Underwear p\u0142e\u0107: Female kategoria: ONA \/ Odzie\u017c \/ Bielizna \/ Biustonosze kolor: brzoskwiniowy Opis: Biustonosz w fasonie sportowym z kolekcji Calvin Klein\" \/>\n<meta property=\"og:url\" content=\"https:\/\/torebunia.pl\/sklep\/produkt\/calvin-klein-underwear-biustonosz-2\/\" \/>\n<meta property=\"og:site_name\" content=\"Moje Blog\" \/>\n<meta property=\"article:modified_time\" content=\"2021-01-25T14:02:23+00:00\" \/>\n<meta property=\"og:image\" content=\"https:\/\/torebunia.pl\/sklep\/wp-content\/uploads\/2021\/01\/439683fbf92f8900047bf7ab5f1fdfbb36a4be50.jpg\" \/>\n\t<meta property=\"og:image:width\" content=\"855\" \/>\n\t<meta property=\"og:image:height\" content=\"1290\" \/>\n<meta name=\"twitter:card\" content=\"summary_large_image\" \/>\n<script type=\"application\/ld+json\" class=\"yoast-schema-graph\">{\"@context\":\"https:\/\/schema.org\",\"@graph\":[{\"@type\":\"WebSite\",\"@id\":\"https:\/\/torebunia.pl\/sklep\/#website\",\"url\":\"https:\/\/torebunia.pl\/sklep\/\",\"name\":\"Moje Blog\",\"description\":\"Kolejna witryna WordPress\",\"potentialAction\":[{\"@type\":\"SearchAction\",\"target\":\"https:\/\/torebunia.pl\/sklep\/?s={search_term_string}\",\"query-input\":\"required name=search_term_string\"}],\"inLanguage\":\"pl-PL\"},{\"@type\":\"ImageObject\",\"@id\":\"https:\/\/torebunia.pl\/sklep\/produkt\/calvin-klein-underwear-biustonosz-2\/#primaryimage\",\"inLanguage\":\"pl-PL\",\"url\":\"https:\/\/torebunia.pl\/sklep\/wp-content\/uploads\/2021\/01\/439683fbf92f8900047bf7ab5f1fdfbb36a4be50.jpg\",\"width\":855,\"height\":1290,\"caption\":\"Calvin Klein Underwear - Biustonosz\"},{\"@type\":\"WebPage\",\"@id\":\"https:\/\/torebunia.pl\/sklep\/produkt\/calvin-klein-underwear-biustonosz-2\/#webpage\",\"url\":\"https:\/\/torebunia.pl\/sklep\/produkt\/calvin-klein-underwear-biustonosz-2\/\",\"name\":\"Calvin Klein Underwear - Biustonosz\",\"isPartOf\":{\"@id\":\"https:\/\/torebunia.pl\/sklep\/#website\"},\"primaryImageOfPage\":{\"@id\":\"https:\/\/torebunia.pl\/sklep\/produkt\/calvin-klein-underwear-biustonosz-2\/#primaryimage\"},\"datePublished\":\"2020-10-04T13:26:25+00:00\",\"dateModified\":\"2021-01-25T14:02:23+00:00\",\"inLanguage\":\"pl-PL\",\"potentialAction\":[{\"@type\":\"ReadAction\",\"target\":[\"https:\/\/torebunia.pl\/sklep\/produkt\/calvin-klein-underwear-biustonosz-2\/\"]}]}]}<\/script>\n<!-- \/ Yoast SEO plugin. -->","_links":{"self":[{"href":"https:\/\/torebunia.pl\/sklep\/wp-json\/wp\/v2\/product\/1485","targetHints":{"allow":["GET"]}}],"collection":[{"href":"https:\/\/torebunia.pl\/sklep\/wp-json\/wp\/v2\/product"}],"about":[{"href":"https:\/\/torebunia.pl\/sklep\/wp-json\/wp\/v2\/types\/product"}],"replies":[{"embeddable":true,"href":"https:\/\/torebunia.pl\/sklep\/wp-json\/wp\/v2\/comments?post=1485"}],"wp:featuredmedia":[{"embeddable":true,"href":"https:\/\/torebunia.pl\/sklep\/wp-json\/wp\/v2\/media\/1486"}],"wp:attachment":[{"href":"https:\/\/torebunia.pl\/sklep\/wp-json\/wp\/v2\/media?parent=1485"}],"curies":[{"name":"wp","href":"https:\/\/api.w.org\/{rel}","templated":true}]}}