{"id":1481,"date":"2020-11-03T22:06:25","date_gmt":"2020-11-03T22:06:25","guid":{"rendered":"https:\/\/torebunia.pl\/sklep\/produkt\/nike-sportswear-bluza\/"},"modified":"2021-01-25T14:02:15","modified_gmt":"2021-01-25T14:02:15","slug":"nike-sportswear-bluza","status":"publish","type":"product","link":"https:\/\/torebunia.pl\/sklep\/produkt\/nike-sportswear-bluza\/","title":{"rendered":"Nike Sportswear &#8211; Bluza"},"content":{"rendered":"<p>Parametry produktu:<\/p>\n<ul>\n<li>cena: <strong>229.9 PLN<\/strong><\/li>\n<li>marka: <strong>Nike Sportswear<\/strong><\/li>\n<li>p\u0142e\u0107: <strong>Female<\/strong><\/li>\n<li>kategoria: <strong>ONA \/ Odzie\u017c \/ Bluzy \/ Przez g\u0142ow\u0119<\/strong><\/li>\n<li>kolor: <strong>czarny<\/strong><\/li>\n<\/ul>\n<p>Opis:<br \/>\nBluza z kolekcji Nike Sportswear. Model wykonany z po\u0142\u0105czenia g\u0142adkiej i wzorzystej dzianiny. &#8211; Okr\u0105g\u0142y dekolt. &#8211; Obni\u017cona linia ramion. &#8211; Lu\u017any fason. &#8211; Wyko\u0144czenie ze \u015bci\u0105gacza. &#8211; D\u0142ugo\u015b\u0107 r\u0119kawa(mierzona od dekoltu): 77 cm. &#8211; D\u0142ugo\u015b\u0107: 49 cm. &#8211; Szeroko\u015b\u0107 pod pachami: 50 cm. &#8211; Wymiary podane dla rozmiaru: S. Wz\u00f3r: g\u0142adkie Wz\u00f3r: wzorzyste Materia\u0142: bawe\u0142na Kaptur: bez kaptura Sk\u0142ad: Materia\u0142 1: 80 % Bawe\u0142na, 20 % Poliester, Materia\u0142 2: 100 % Poliester, \u015aci\u0105gacz: 97 % Bawe\u0142na, 3 % Elastan ID produktu: 4901-BLD054 Kod producenta: CJ2469<\/p>\n","protected":false},"excerpt":{"rendered":"<p>Parametry produktu: cena: 229.9 PLN marka: Nike Sportswear p\u0142e\u0107: Female kategoria: ONA \/ Odzie\u017c \/ Bluzy \/ Przez g\u0142ow\u0119 kolor: czarny Opis: Bluza z kolekcji Nike Sportswear. Model wykonany z<\/p>\n","protected":false},"featured_media":1482,"comment_status":"closed","ping_status":"open","template":"","meta":[],"class_list":{"0":"post-1481","1":"product","2":"type-product","3":"status-publish","5":"hentry","6":"product_cat-bluzy","7":"product_cat-odziez","8":"product_cat-ona","9":"product_cat-przez-glowe","10":"product_tag-nike-sportswear","11":"product_tag-nike-sportswear-bluza"},"yoast_head":"<!-- This site is optimized with the Yoast SEO plugin v15.6.2 - https:\/\/yoast.com\/wordpress\/plugins\/seo\/ -->\n<title>Nike Sportswear - Bluza<\/title>\n<meta name=\"robots\" content=\"index, follow, max-snippet:-1, max-image-preview:large, max-video-preview:-1\" \/>\n<link rel=\"canonical\" href=\"https:\/\/torebunia.pl\/sklep\/produkt\/nike-sportswear-bluza\/\" \/>\n<meta property=\"og:locale\" content=\"pl_PL\" \/>\n<meta property=\"og:type\" content=\"article\" \/>\n<meta property=\"og:title\" content=\"Nike Sportswear - Bluza\" \/>\n<meta property=\"og:description\" content=\"Parametry produktu: cena: 229.9 PLN marka: Nike Sportswear p\u0142e\u0107: Female kategoria: ONA \/ Odzie\u017c \/ Bluzy \/ Przez g\u0142ow\u0119 kolor: czarny Opis: Bluza z kolekcji Nike Sportswear. Model wykonany z\" \/>\n<meta property=\"og:url\" content=\"https:\/\/torebunia.pl\/sklep\/produkt\/nike-sportswear-bluza\/\" \/>\n<meta property=\"og:site_name\" content=\"Moje Blog\" \/>\n<meta property=\"article:modified_time\" content=\"2021-01-25T14:02:15+00:00\" \/>\n<meta property=\"og:image\" content=\"https:\/\/torebunia.pl\/sklep\/wp-content\/uploads\/2021\/01\/ba2c561c6961d1c44975d76e5e7f5d7dc4b8b061.jpg\" \/>\n\t<meta property=\"og:image:width\" content=\"855\" \/>\n\t<meta property=\"og:image:height\" content=\"1290\" \/>\n<meta name=\"twitter:card\" content=\"summary_large_image\" \/>\n<meta name=\"twitter:label1\" content=\"Est. reading time\">\n\t<meta name=\"twitter:data1\" content=\"1 minuta\">\n<script type=\"application\/ld+json\" class=\"yoast-schema-graph\">{\"@context\":\"https:\/\/schema.org\",\"@graph\":[{\"@type\":\"WebSite\",\"@id\":\"https:\/\/torebunia.pl\/sklep\/#website\",\"url\":\"https:\/\/torebunia.pl\/sklep\/\",\"name\":\"Moje Blog\",\"description\":\"Kolejna witryna WordPress\",\"potentialAction\":[{\"@type\":\"SearchAction\",\"target\":\"https:\/\/torebunia.pl\/sklep\/?s={search_term_string}\",\"query-input\":\"required name=search_term_string\"}],\"inLanguage\":\"pl-PL\"},{\"@type\":\"ImageObject\",\"@id\":\"https:\/\/torebunia.pl\/sklep\/produkt\/nike-sportswear-bluza\/#primaryimage\",\"inLanguage\":\"pl-PL\",\"url\":\"https:\/\/torebunia.pl\/sklep\/wp-content\/uploads\/2021\/01\/ba2c561c6961d1c44975d76e5e7f5d7dc4b8b061.jpg\",\"width\":855,\"height\":1290,\"caption\":\"Nike Sportswear - Bluza\"},{\"@type\":\"WebPage\",\"@id\":\"https:\/\/torebunia.pl\/sklep\/produkt\/nike-sportswear-bluza\/#webpage\",\"url\":\"https:\/\/torebunia.pl\/sklep\/produkt\/nike-sportswear-bluza\/\",\"name\":\"Nike Sportswear - Bluza\",\"isPartOf\":{\"@id\":\"https:\/\/torebunia.pl\/sklep\/#website\"},\"primaryImageOfPage\":{\"@id\":\"https:\/\/torebunia.pl\/sklep\/produkt\/nike-sportswear-bluza\/#primaryimage\"},\"datePublished\":\"2020-11-03T22:06:25+00:00\",\"dateModified\":\"2021-01-25T14:02:15+00:00\",\"inLanguage\":\"pl-PL\",\"potentialAction\":[{\"@type\":\"ReadAction\",\"target\":[\"https:\/\/torebunia.pl\/sklep\/produkt\/nike-sportswear-bluza\/\"]}]}]}<\/script>\n<!-- \/ Yoast SEO plugin. -->","_links":{"self":[{"href":"https:\/\/torebunia.pl\/sklep\/wp-json\/wp\/v2\/product\/1481","targetHints":{"allow":["GET"]}}],"collection":[{"href":"https:\/\/torebunia.pl\/sklep\/wp-json\/wp\/v2\/product"}],"about":[{"href":"https:\/\/torebunia.pl\/sklep\/wp-json\/wp\/v2\/types\/product"}],"replies":[{"embeddable":true,"href":"https:\/\/torebunia.pl\/sklep\/wp-json\/wp\/v2\/comments?post=1481"}],"wp:featuredmedia":[{"embeddable":true,"href":"https:\/\/torebunia.pl\/sklep\/wp-json\/wp\/v2\/media\/1482"}],"wp:attachment":[{"href":"https:\/\/torebunia.pl\/sklep\/wp-json\/wp\/v2\/media?parent=1481"}],"curies":[{"name":"wp","href":"https:\/\/api.w.org\/{rel}","templated":true}]}}