{"id":1469,"date":"2020-04-08T14:13:07","date_gmt":"2020-04-08T14:13:07","guid":{"rendered":"https:\/\/torebunia.pl\/sklep\/produkt\/karl-lagerfeld-torebka-skorzana\/"},"modified":"2021-01-25T14:01:54","modified_gmt":"2021-01-25T14:01:54","slug":"karl-lagerfeld-torebka-skorzana","status":"publish","type":"product","link":"https:\/\/torebunia.pl\/sklep\/produkt\/karl-lagerfeld-torebka-skorzana\/","title":{"rendered":"Karl Lagerfeld &#8211; Torebka sk\u00f3rzana"},"content":{"rendered":"<p>Parametry produktu:<\/p>\n<ul>\n<li>cena: <strong>1429.0 PLN<\/strong><\/li>\n<li>marka: <strong>Karl Lagerfeld<\/strong><\/li>\n<li>p\u0142e\u0107: <strong>Female<\/strong><\/li>\n<li>kategoria: <strong>ONA \/ Akcesoria \/ Torebki \/ Crossbody i listonoszki<\/strong><\/li>\n<li>kolor: <strong>pomara\u0144czowy<\/strong><\/li>\n<\/ul>\n<p>Opis:<br \/>\nMa\u0142a torebka z kolekcji Karl Lagerfeld. Model zapinany wykonany ze sk\u00f3ry naturalnej. &#8211; Zapi\u0119cie na magnes. &#8211; Torebka do noszenia w r\u0119ku lub na ramieniu. &#8211; Nieodpinany d\u0142ugi pasek bez regulacji. &#8211; Nie mie\u015bci formatu A4. &#8211; Do\u0142\u0105czony pokrowiec. &#8211; D\u0142ugo\u015b\u0107 uchwyt\u00f3w: 26 cm. &#8211; G\u0142\u0119boko\u015b\u0107: 7 cm. &#8211; Wysoko\u015b\u0107: 11,5 cm. &#8211; Szeroko\u015b\u0107 u podstawy: 17 cm. Wz\u00f3r: g\u0142adkie Wielko\u015b\u0107: nie mie\u015bci A4 Materia\u0142: sk\u00f3ra licowa Sk\u0142ad: Materia\u0142 zasadniczy: 100 % Sk\u00f3ra naturalna ID produktu: 4900-TOD100 Kod producenta: 205W3068<\/p>\n","protected":false},"excerpt":{"rendered":"<p>Parametry produktu: cena: 1429.0 PLN marka: Karl Lagerfeld p\u0142e\u0107: Female kategoria: ONA \/ Akcesoria \/ Torebki \/ Crossbody i listonoszki kolor: pomara\u0144czowy Opis: Ma\u0142a torebka z kolekcji Karl Lagerfeld. Model<\/p>\n","protected":false},"featured_media":1470,"comment_status":"closed","ping_status":"open","template":"","meta":[],"class_list":{"0":"post-1469","1":"product","2":"type-product","3":"status-publish","5":"hentry","6":"product_cat-akcesoria","7":"product_cat-crossbody-i-listonoszki","8":"product_cat-ona","9":"product_cat-torebki","10":"product_tag-karl-lagerfeld","11":"product_tag-karl-lagerfeld-torebka-skorzana"},"yoast_head":"<!-- This site is optimized with the Yoast SEO plugin v15.6.2 - https:\/\/yoast.com\/wordpress\/plugins\/seo\/ -->\n<title>Karl Lagerfeld - Torebka sk\u00f3rzana<\/title>\n<meta name=\"robots\" content=\"index, follow, max-snippet:-1, max-image-preview:large, max-video-preview:-1\" \/>\n<link rel=\"canonical\" href=\"https:\/\/torebunia.pl\/sklep\/produkt\/karl-lagerfeld-torebka-skorzana\/\" \/>\n<meta property=\"og:locale\" content=\"pl_PL\" \/>\n<meta property=\"og:type\" content=\"article\" \/>\n<meta property=\"og:title\" content=\"Karl Lagerfeld - Torebka sk\u00f3rzana\" \/>\n<meta property=\"og:description\" content=\"Parametry produktu: cena: 1429.0 PLN marka: Karl Lagerfeld p\u0142e\u0107: Female kategoria: ONA \/ Akcesoria \/ Torebki \/ Crossbody i listonoszki kolor: pomara\u0144czowy Opis: Ma\u0142a torebka z kolekcji Karl Lagerfeld. Model\" \/>\n<meta property=\"og:url\" content=\"https:\/\/torebunia.pl\/sklep\/produkt\/karl-lagerfeld-torebka-skorzana\/\" \/>\n<meta property=\"og:site_name\" content=\"Moje Blog\" \/>\n<meta property=\"article:modified_time\" content=\"2021-01-25T14:01:54+00:00\" \/>\n<meta property=\"og:image\" content=\"https:\/\/torebunia.pl\/sklep\/wp-content\/uploads\/2021\/01\/a98fdc772e4eb8fad4b6645bbe6fceeae70af720.jpg\" \/>\n\t<meta property=\"og:image:width\" content=\"855\" \/>\n\t<meta property=\"og:image:height\" content=\"1290\" \/>\n<meta name=\"twitter:card\" content=\"summary_large_image\" \/>\n<meta name=\"twitter:label1\" content=\"Est. reading time\">\n\t<meta name=\"twitter:data1\" content=\"1 minuta\">\n<script type=\"application\/ld+json\" class=\"yoast-schema-graph\">{\"@context\":\"https:\/\/schema.org\",\"@graph\":[{\"@type\":\"WebSite\",\"@id\":\"https:\/\/torebunia.pl\/sklep\/#website\",\"url\":\"https:\/\/torebunia.pl\/sklep\/\",\"name\":\"Moje Blog\",\"description\":\"Kolejna witryna WordPress\",\"potentialAction\":[{\"@type\":\"SearchAction\",\"target\":\"https:\/\/torebunia.pl\/sklep\/?s={search_term_string}\",\"query-input\":\"required name=search_term_string\"}],\"inLanguage\":\"pl-PL\"},{\"@type\":\"ImageObject\",\"@id\":\"https:\/\/torebunia.pl\/sklep\/produkt\/karl-lagerfeld-torebka-skorzana\/#primaryimage\",\"inLanguage\":\"pl-PL\",\"url\":\"https:\/\/torebunia.pl\/sklep\/wp-content\/uploads\/2021\/01\/a98fdc772e4eb8fad4b6645bbe6fceeae70af720.jpg\",\"width\":855,\"height\":1290,\"caption\":\"Karl Lagerfeld - Torebka sk\\u00f3rzana\"},{\"@type\":\"WebPage\",\"@id\":\"https:\/\/torebunia.pl\/sklep\/produkt\/karl-lagerfeld-torebka-skorzana\/#webpage\",\"url\":\"https:\/\/torebunia.pl\/sklep\/produkt\/karl-lagerfeld-torebka-skorzana\/\",\"name\":\"Karl Lagerfeld - Torebka sk\\u00f3rzana\",\"isPartOf\":{\"@id\":\"https:\/\/torebunia.pl\/sklep\/#website\"},\"primaryImageOfPage\":{\"@id\":\"https:\/\/torebunia.pl\/sklep\/produkt\/karl-lagerfeld-torebka-skorzana\/#primaryimage\"},\"datePublished\":\"2020-04-08T14:13:07+00:00\",\"dateModified\":\"2021-01-25T14:01:54+00:00\",\"inLanguage\":\"pl-PL\",\"potentialAction\":[{\"@type\":\"ReadAction\",\"target\":[\"https:\/\/torebunia.pl\/sklep\/produkt\/karl-lagerfeld-torebka-skorzana\/\"]}]}]}<\/script>\n<!-- \/ Yoast SEO plugin. -->","_links":{"self":[{"href":"https:\/\/torebunia.pl\/sklep\/wp-json\/wp\/v2\/product\/1469","targetHints":{"allow":["GET"]}}],"collection":[{"href":"https:\/\/torebunia.pl\/sklep\/wp-json\/wp\/v2\/product"}],"about":[{"href":"https:\/\/torebunia.pl\/sklep\/wp-json\/wp\/v2\/types\/product"}],"replies":[{"embeddable":true,"href":"https:\/\/torebunia.pl\/sklep\/wp-json\/wp\/v2\/comments?post=1469"}],"wp:featuredmedia":[{"embeddable":true,"href":"https:\/\/torebunia.pl\/sklep\/wp-json\/wp\/v2\/media\/1470"}],"wp:attachment":[{"href":"https:\/\/torebunia.pl\/sklep\/wp-json\/wp\/v2\/media?parent=1469"}],"curies":[{"name":"wp","href":"https:\/\/api.w.org\/{rel}","templated":true}]}}