{"id":14531,"date":"2020-04-01T19:19:34","date_gmt":"2020-04-01T19:19:34","guid":{"rendered":"https:\/\/torebunia.pl\/sklep\/produkt\/g-star-raw-bluzka-2\/"},"modified":"2021-01-27T14:02:39","modified_gmt":"2021-01-27T14:02:39","slug":"g-star-raw-bluzka-2","status":"publish","type":"product","link":"https:\/\/torebunia.pl\/sklep\/produkt\/g-star-raw-bluzka-2\/","title":{"rendered":"G-Star Raw &#8211; Bluzka"},"content":{"rendered":"<p>Parametry produktu:<\/p>\n<ul>\n<li>cena: <strong>419.9 PLN<\/strong><\/li>\n<li>marka: <strong>G-Star Raw<\/strong><\/li>\n<li>p\u0142e\u0107: <strong>Female<\/strong><\/li>\n<li>kategoria: <strong>ONA \/ Odzie\u017c \/ Bluzki i koszule \/ Bluzki<\/strong><\/li>\n<li>kolor: <strong>jasny szary<\/strong><\/li>\n<\/ul>\n<p>Opis:<br \/>\nBluzka z kolekcji G-Star Raw. Model wykonany z g\u0142adkiej tkaniny. Posiada okr\u0105g\u0142y dekolt. &#8211; Prosty fason. &#8211; Kr\u00f3tki r\u0119kaw. &#8211; Okr\u0105g\u0142y dekolt. &#8211; Cienka, nieelastyczna tkanina. &#8211; G\u0142adka tkanina. Wz\u00f3r: g\u0142adkie Fason: regular Dekolt: okr\u0105g\u0142y R\u0119kaw: kr\u00f3tki Okazje: casual Sk\u0142ad: 100 % Lyocell ID produktu: 4900-TSD0T2 Kod producenta: D17065.C292.B561<\/p>\n","protected":false},"excerpt":{"rendered":"<p>Parametry produktu: cena: 419.9 PLN marka: G-Star Raw p\u0142e\u0107: Female kategoria: ONA \/ Odzie\u017c \/ Bluzki i koszule \/ Bluzki kolor: jasny szary Opis: Bluzka z kolekcji G-Star Raw. Model<\/p>\n","protected":false},"featured_media":14532,"comment_status":"closed","ping_status":"open","template":"","meta":[],"class_list":{"0":"post-14531","1":"product","2":"type-product","3":"status-publish","5":"hentry","6":"product_cat-bluzki","7":"product_cat-bluzki-i-koszule","8":"product_cat-odziez","9":"product_cat-ona","10":"product_tag-g-star-raw","11":"product_tag-g-star-raw-bluzka"},"yoast_head":"<!-- This site is optimized with the Yoast SEO plugin v15.6.2 - https:\/\/yoast.com\/wordpress\/plugins\/seo\/ -->\n<title>G-Star Raw - Bluzka<\/title>\n<meta name=\"robots\" content=\"index, follow, max-snippet:-1, max-image-preview:large, max-video-preview:-1\" \/>\n<link rel=\"canonical\" href=\"https:\/\/torebunia.pl\/sklep\/produkt\/g-star-raw-bluzka-2\/\" \/>\n<meta property=\"og:locale\" content=\"pl_PL\" \/>\n<meta property=\"og:type\" content=\"article\" \/>\n<meta property=\"og:title\" content=\"G-Star Raw - Bluzka\" \/>\n<meta property=\"og:description\" content=\"Parametry produktu: cena: 419.9 PLN marka: G-Star Raw p\u0142e\u0107: Female kategoria: ONA \/ Odzie\u017c \/ Bluzki i koszule \/ Bluzki kolor: jasny szary Opis: Bluzka z kolekcji G-Star Raw. Model\" \/>\n<meta property=\"og:url\" content=\"https:\/\/torebunia.pl\/sklep\/produkt\/g-star-raw-bluzka-2\/\" \/>\n<meta property=\"og:site_name\" content=\"Moje Blog\" \/>\n<meta property=\"article:modified_time\" content=\"2021-01-27T14:02:39+00:00\" \/>\n<meta property=\"og:image\" content=\"https:\/\/torebunia.pl\/sklep\/wp-content\/uploads\/2021\/01\/ef74ca8a79e01554018ceecc7d28875c9f5f3995.jpg\" \/>\n\t<meta property=\"og:image:width\" content=\"855\" \/>\n\t<meta property=\"og:image:height\" content=\"1290\" \/>\n<meta name=\"twitter:card\" content=\"summary_large_image\" \/>\n<script type=\"application\/ld+json\" class=\"yoast-schema-graph\">{\"@context\":\"https:\/\/schema.org\",\"@graph\":[{\"@type\":\"WebSite\",\"@id\":\"https:\/\/torebunia.pl\/sklep\/#website\",\"url\":\"https:\/\/torebunia.pl\/sklep\/\",\"name\":\"Moje Blog\",\"description\":\"Kolejna witryna WordPress\",\"potentialAction\":[{\"@type\":\"SearchAction\",\"target\":\"https:\/\/torebunia.pl\/sklep\/?s={search_term_string}\",\"query-input\":\"required name=search_term_string\"}],\"inLanguage\":\"pl-PL\"},{\"@type\":\"ImageObject\",\"@id\":\"https:\/\/torebunia.pl\/sklep\/produkt\/g-star-raw-bluzka-2\/#primaryimage\",\"inLanguage\":\"pl-PL\",\"url\":\"https:\/\/torebunia.pl\/sklep\/wp-content\/uploads\/2021\/01\/ef74ca8a79e01554018ceecc7d28875c9f5f3995.jpg\",\"width\":855,\"height\":1290,\"caption\":\"G-Star Raw - Bluzka\"},{\"@type\":\"WebPage\",\"@id\":\"https:\/\/torebunia.pl\/sklep\/produkt\/g-star-raw-bluzka-2\/#webpage\",\"url\":\"https:\/\/torebunia.pl\/sklep\/produkt\/g-star-raw-bluzka-2\/\",\"name\":\"G-Star Raw - Bluzka\",\"isPartOf\":{\"@id\":\"https:\/\/torebunia.pl\/sklep\/#website\"},\"primaryImageOfPage\":{\"@id\":\"https:\/\/torebunia.pl\/sklep\/produkt\/g-star-raw-bluzka-2\/#primaryimage\"},\"datePublished\":\"2020-04-01T19:19:34+00:00\",\"dateModified\":\"2021-01-27T14:02:39+00:00\",\"inLanguage\":\"pl-PL\",\"potentialAction\":[{\"@type\":\"ReadAction\",\"target\":[\"https:\/\/torebunia.pl\/sklep\/produkt\/g-star-raw-bluzka-2\/\"]}]}]}<\/script>\n<!-- \/ Yoast SEO plugin. -->","_links":{"self":[{"href":"https:\/\/torebunia.pl\/sklep\/wp-json\/wp\/v2\/product\/14531","targetHints":{"allow":["GET"]}}],"collection":[{"href":"https:\/\/torebunia.pl\/sklep\/wp-json\/wp\/v2\/product"}],"about":[{"href":"https:\/\/torebunia.pl\/sklep\/wp-json\/wp\/v2\/types\/product"}],"replies":[{"embeddable":true,"href":"https:\/\/torebunia.pl\/sklep\/wp-json\/wp\/v2\/comments?post=14531"}],"wp:featuredmedia":[{"embeddable":true,"href":"https:\/\/torebunia.pl\/sklep\/wp-json\/wp\/v2\/media\/14532"}],"wp:attachment":[{"href":"https:\/\/torebunia.pl\/sklep\/wp-json\/wp\/v2\/media?parent=14531"}],"curies":[{"name":"wp","href":"https:\/\/api.w.org\/{rel}","templated":true}]}}