{"id":14475,"date":"2020-06-28T20:41:22","date_gmt":"2020-06-28T20:41:22","guid":{"rendered":"https:\/\/torebunia.pl\/sklep\/produkt\/columbia-bluza-3\/"},"modified":"2021-01-27T14:01:55","modified_gmt":"2021-01-27T14:01:55","slug":"columbia-bluza-3","status":"publish","type":"product","link":"https:\/\/torebunia.pl\/sklep\/produkt\/columbia-bluza-3\/","title":{"rendered":"Columbia &#8211; Bluza"},"content":{"rendered":"<p>Parametry produktu:<\/p>\n<ul>\n<li>cena: <strong>199.9 PLN<\/strong><\/li>\n<li>marka: <strong>Columbia<\/strong><\/li>\n<li>p\u0142e\u0107: <strong>Female<\/strong><\/li>\n<li>kategoria: <strong>ONA \/ Odzie\u017c \/ Bluzy \/ Rozpinane<\/strong><\/li>\n<li>kolor: <strong>czerwony<\/strong><\/li>\n<\/ul>\n<p>Opis:<br \/>\nBluza z kolekcji Columbia. Model zapinany na suwak wykonany z cienkiej, elastycznej dzianiny. &#8211; Prosty fason. &#8211; Zapinane kieszenie. &#8211; Cienka, elastyczna dzianina. &#8211; Zapi\u0119cie na suwak. &#8211; D\u0142ugo\u015b\u0107 r\u0119kawa: 61 cm. &#8211; D\u0142ugo\u015b\u0107: 63 cm. &#8211; Szeroko\u015b\u0107 pod pachami: 62 cm. &#8211; Wymiary podane dla rozmiaru: S. Wz\u00f3r: g\u0142adkie Kaptur: bez kaptura Sk\u0142ad: 100 % Poliester ID produktu: 4910-BLD01L Kod producenta: 1465351<\/p>\n","protected":false},"excerpt":{"rendered":"<p>Parametry produktu: cena: 199.9 PLN marka: Columbia p\u0142e\u0107: Female kategoria: ONA \/ Odzie\u017c \/ Bluzy \/ Rozpinane kolor: czerwony Opis: Bluza z kolekcji Columbia. Model zapinany na suwak wykonany z<\/p>\n","protected":false},"featured_media":14476,"comment_status":"closed","ping_status":"open","template":"","meta":[],"class_list":{"0":"post-14475","1":"product","2":"type-product","3":"status-publish","5":"hentry","6":"product_cat-bluzy","7":"product_cat-odziez","8":"product_cat-ona","9":"product_cat-rozpinane","10":"product_tag-columbia","11":"product_tag-columbia-bluza"},"yoast_head":"<!-- This site is optimized with the Yoast SEO plugin v15.6.2 - https:\/\/yoast.com\/wordpress\/plugins\/seo\/ -->\n<title>Columbia - Bluza<\/title>\n<meta name=\"robots\" content=\"index, follow, max-snippet:-1, max-image-preview:large, max-video-preview:-1\" \/>\n<link rel=\"canonical\" href=\"https:\/\/torebunia.pl\/sklep\/produkt\/columbia-bluza-3\/\" \/>\n<meta property=\"og:locale\" content=\"pl_PL\" \/>\n<meta property=\"og:type\" content=\"article\" \/>\n<meta property=\"og:title\" content=\"Columbia - Bluza\" \/>\n<meta property=\"og:description\" content=\"Parametry produktu: cena: 199.9 PLN marka: Columbia p\u0142e\u0107: Female kategoria: ONA \/ Odzie\u017c \/ Bluzy \/ Rozpinane kolor: czerwony Opis: Bluza z kolekcji Columbia. Model zapinany na suwak wykonany z\" \/>\n<meta property=\"og:url\" content=\"https:\/\/torebunia.pl\/sklep\/produkt\/columbia-bluza-3\/\" \/>\n<meta property=\"og:site_name\" content=\"Moje Blog\" \/>\n<meta property=\"article:modified_time\" content=\"2021-01-27T14:01:55+00:00\" \/>\n<meta property=\"og:image\" content=\"https:\/\/torebunia.pl\/sklep\/wp-content\/uploads\/2021\/01\/be5e964b8e0156750bda2d179bfcbc72c8ec4dd2.jpg\" \/>\n\t<meta property=\"og:image:width\" content=\"855\" \/>\n\t<meta property=\"og:image:height\" content=\"1290\" \/>\n<meta name=\"twitter:card\" content=\"summary_large_image\" \/>\n<script type=\"application\/ld+json\" class=\"yoast-schema-graph\">{\"@context\":\"https:\/\/schema.org\",\"@graph\":[{\"@type\":\"WebSite\",\"@id\":\"https:\/\/torebunia.pl\/sklep\/#website\",\"url\":\"https:\/\/torebunia.pl\/sklep\/\",\"name\":\"Moje Blog\",\"description\":\"Kolejna witryna WordPress\",\"potentialAction\":[{\"@type\":\"SearchAction\",\"target\":\"https:\/\/torebunia.pl\/sklep\/?s={search_term_string}\",\"query-input\":\"required name=search_term_string\"}],\"inLanguage\":\"pl-PL\"},{\"@type\":\"ImageObject\",\"@id\":\"https:\/\/torebunia.pl\/sklep\/produkt\/columbia-bluza-3\/#primaryimage\",\"inLanguage\":\"pl-PL\",\"url\":\"https:\/\/torebunia.pl\/sklep\/wp-content\/uploads\/2021\/01\/be5e964b8e0156750bda2d179bfcbc72c8ec4dd2.jpg\",\"width\":855,\"height\":1290,\"caption\":\"Columbia - Bluza\"},{\"@type\":\"WebPage\",\"@id\":\"https:\/\/torebunia.pl\/sklep\/produkt\/columbia-bluza-3\/#webpage\",\"url\":\"https:\/\/torebunia.pl\/sklep\/produkt\/columbia-bluza-3\/\",\"name\":\"Columbia - Bluza\",\"isPartOf\":{\"@id\":\"https:\/\/torebunia.pl\/sklep\/#website\"},\"primaryImageOfPage\":{\"@id\":\"https:\/\/torebunia.pl\/sklep\/produkt\/columbia-bluza-3\/#primaryimage\"},\"datePublished\":\"2020-06-28T20:41:22+00:00\",\"dateModified\":\"2021-01-27T14:01:55+00:00\",\"inLanguage\":\"pl-PL\",\"potentialAction\":[{\"@type\":\"ReadAction\",\"target\":[\"https:\/\/torebunia.pl\/sklep\/produkt\/columbia-bluza-3\/\"]}]}]}<\/script>\n<!-- \/ Yoast SEO plugin. -->","_links":{"self":[{"href":"https:\/\/torebunia.pl\/sklep\/wp-json\/wp\/v2\/product\/14475","targetHints":{"allow":["GET"]}}],"collection":[{"href":"https:\/\/torebunia.pl\/sklep\/wp-json\/wp\/v2\/product"}],"about":[{"href":"https:\/\/torebunia.pl\/sklep\/wp-json\/wp\/v2\/types\/product"}],"replies":[{"embeddable":true,"href":"https:\/\/torebunia.pl\/sklep\/wp-json\/wp\/v2\/comments?post=14475"}],"wp:featuredmedia":[{"embeddable":true,"href":"https:\/\/torebunia.pl\/sklep\/wp-json\/wp\/v2\/media\/14476"}],"wp:attachment":[{"href":"https:\/\/torebunia.pl\/sklep\/wp-json\/wp\/v2\/media?parent=14475"}],"curies":[{"name":"wp","href":"https:\/\/api.w.org\/{rel}","templated":true}]}}