{"id":1447,"date":"2020-10-22T00:55:14","date_gmt":"2020-10-22T00:55:14","guid":{"rendered":"https:\/\/torebunia.pl\/sklep\/produkt\/vila-spodnica\/"},"modified":"2021-01-25T14:01:09","modified_gmt":"2021-01-25T14:01:09","slug":"vila-spodnica","status":"publish","type":"product","link":"https:\/\/torebunia.pl\/sklep\/produkt\/vila-spodnica\/","title":{"rendered":"Vila &#8211; Sp\u00f3dnica"},"content":{"rendered":"<p>Parametry produktu:<\/p>\n<ul>\n<li>cena: <strong>169.9 PLN<\/strong><\/li>\n<li>marka: <strong>Vila<\/strong><\/li>\n<li>p\u0142e\u0107: <strong>Female<\/strong><\/li>\n<li>kategoria: <strong>ONA \/ Odzie\u017c \/ Sp\u00f3dnice<\/strong><\/li>\n<li>kolor: <strong>br\u0105zowy<\/strong><\/li>\n<\/ul>\n<p>Opis:<br \/>\nSp\u00f3dnica z kolekcji Vila. Model o rozkloszowanym kroju, wykonany z g\u0142adkiej tkaniny. &#8211; Wsuwane kieszenie. &#8211; Rozkloszowany fason. &#8211; W pasie szeroka, elastyczna listwa. &#8211; Cienka, nieelastyczna tkanina. &#8211; Plisowany model. &#8211; Szeroko\u015b\u0107 w pasie: 32 cm. &#8211; D\u0142ugo\u015b\u0107: 46 cm. &#8211; Wymiary podane dla rozmiaru: 36. Wz\u00f3r: g\u0142adkie Materia\u0142: tkanina D\u0142ugo\u015b\u0107: mini Okazje: casual Fason: rozkloszowany Sk\u0142ad: Podszewka: 100 % Poliester, Materia\u0142 zasadniczy: 10 % Elastan, 90 % Poliester ID produktu: 4901-SDD02Y Kod producenta: 14056024<\/p>\n","protected":false},"excerpt":{"rendered":"<p>Parametry produktu: cena: 169.9 PLN marka: Vila p\u0142e\u0107: Female kategoria: ONA \/ Odzie\u017c \/ Sp\u00f3dnice kolor: br\u0105zowy Opis: Sp\u00f3dnica z kolekcji Vila. Model o rozkloszowanym kroju, wykonany z g\u0142adkiej tkaniny.<\/p>\n","protected":false},"featured_media":1448,"comment_status":"closed","ping_status":"open","template":"","meta":[],"class_list":{"0":"post-1447","1":"product","2":"type-product","3":"status-publish","5":"hentry","6":"product_cat-odziez","7":"product_cat-ona","8":"product_cat-spodnice","9":"product_tag-vila","10":"product_tag-vila-spodnica"},"yoast_head":"<!-- This site is optimized with the Yoast SEO plugin v15.6.2 - https:\/\/yoast.com\/wordpress\/plugins\/seo\/ -->\n<title>Vila - Sp\u00f3dnica<\/title>\n<meta name=\"robots\" content=\"index, follow, max-snippet:-1, max-image-preview:large, max-video-preview:-1\" \/>\n<link rel=\"canonical\" href=\"https:\/\/torebunia.pl\/sklep\/produkt\/vila-spodnica\/\" \/>\n<meta property=\"og:locale\" content=\"pl_PL\" \/>\n<meta property=\"og:type\" content=\"article\" \/>\n<meta property=\"og:title\" content=\"Vila - Sp\u00f3dnica\" \/>\n<meta property=\"og:description\" content=\"Parametry produktu: cena: 169.9 PLN marka: Vila p\u0142e\u0107: Female kategoria: ONA \/ Odzie\u017c \/ Sp\u00f3dnice kolor: br\u0105zowy Opis: Sp\u00f3dnica z kolekcji Vila. Model o rozkloszowanym kroju, wykonany z g\u0142adkiej tkaniny.\" \/>\n<meta property=\"og:url\" content=\"https:\/\/torebunia.pl\/sklep\/produkt\/vila-spodnica\/\" \/>\n<meta property=\"og:site_name\" content=\"Moje Blog\" \/>\n<meta property=\"article:modified_time\" content=\"2021-01-25T14:01:09+00:00\" \/>\n<meta property=\"og:image\" content=\"https:\/\/torebunia.pl\/sklep\/wp-content\/uploads\/2021\/01\/a420171e7d380092cc4e13b74f1f831da13b4d75.jpg\" \/>\n\t<meta property=\"og:image:width\" content=\"855\" \/>\n\t<meta property=\"og:image:height\" content=\"1290\" \/>\n<meta name=\"twitter:card\" content=\"summary_large_image\" \/>\n<script type=\"application\/ld+json\" class=\"yoast-schema-graph\">{\"@context\":\"https:\/\/schema.org\",\"@graph\":[{\"@type\":\"WebSite\",\"@id\":\"https:\/\/torebunia.pl\/sklep\/#website\",\"url\":\"https:\/\/torebunia.pl\/sklep\/\",\"name\":\"Moje Blog\",\"description\":\"Kolejna witryna WordPress\",\"potentialAction\":[{\"@type\":\"SearchAction\",\"target\":\"https:\/\/torebunia.pl\/sklep\/?s={search_term_string}\",\"query-input\":\"required name=search_term_string\"}],\"inLanguage\":\"pl-PL\"},{\"@type\":\"ImageObject\",\"@id\":\"https:\/\/torebunia.pl\/sklep\/produkt\/vila-spodnica\/#primaryimage\",\"inLanguage\":\"pl-PL\",\"url\":\"https:\/\/torebunia.pl\/sklep\/wp-content\/uploads\/2021\/01\/a420171e7d380092cc4e13b74f1f831da13b4d75.jpg\",\"width\":855,\"height\":1290,\"caption\":\"Vila - Sp\\u00f3dnica\"},{\"@type\":\"WebPage\",\"@id\":\"https:\/\/torebunia.pl\/sklep\/produkt\/vila-spodnica\/#webpage\",\"url\":\"https:\/\/torebunia.pl\/sklep\/produkt\/vila-spodnica\/\",\"name\":\"Vila - Sp\\u00f3dnica\",\"isPartOf\":{\"@id\":\"https:\/\/torebunia.pl\/sklep\/#website\"},\"primaryImageOfPage\":{\"@id\":\"https:\/\/torebunia.pl\/sklep\/produkt\/vila-spodnica\/#primaryimage\"},\"datePublished\":\"2020-10-22T00:55:14+00:00\",\"dateModified\":\"2021-01-25T14:01:09+00:00\",\"inLanguage\":\"pl-PL\",\"potentialAction\":[{\"@type\":\"ReadAction\",\"target\":[\"https:\/\/torebunia.pl\/sklep\/produkt\/vila-spodnica\/\"]}]}]}<\/script>\n<!-- \/ Yoast SEO plugin. -->","_links":{"self":[{"href":"https:\/\/torebunia.pl\/sklep\/wp-json\/wp\/v2\/product\/1447","targetHints":{"allow":["GET"]}}],"collection":[{"href":"https:\/\/torebunia.pl\/sklep\/wp-json\/wp\/v2\/product"}],"about":[{"href":"https:\/\/torebunia.pl\/sklep\/wp-json\/wp\/v2\/types\/product"}],"replies":[{"embeddable":true,"href":"https:\/\/torebunia.pl\/sklep\/wp-json\/wp\/v2\/comments?post=1447"}],"wp:featuredmedia":[{"embeddable":true,"href":"https:\/\/torebunia.pl\/sklep\/wp-json\/wp\/v2\/media\/1448"}],"wp:attachment":[{"href":"https:\/\/torebunia.pl\/sklep\/wp-json\/wp\/v2\/media?parent=1447"}],"curies":[{"name":"wp","href":"https:\/\/api.w.org\/{rel}","templated":true}]}}