{"id":1433,"date":"2020-08-09T02:12:42","date_gmt":"2020-08-09T02:12:42","guid":{"rendered":"https:\/\/torebunia.pl\/sklep\/produkt\/marc-opolo-kurtka-puchowa-2\/"},"modified":"2021-01-25T14:00:44","modified_gmt":"2021-01-25T14:00:44","slug":"marc-opolo-kurtka-puchowa-2","status":"publish","type":"product","link":"https:\/\/torebunia.pl\/sklep\/produkt\/marc-opolo-kurtka-puchowa-2\/","title":{"rendered":"Marc O&#8217;Polo &#8211; Kurtka puchowa"},"content":{"rendered":"<p>Parametry produktu:<\/p>\n<ul>\n<li>cena: <strong>1289.0 PLN<\/strong><\/li>\n<li>marka: <strong>Marc O&#8217;Polo<\/strong><\/li>\n<li>p\u0142e\u0107: <strong>Female<\/strong><\/li>\n<li>kategoria: <strong>ONA \/ Odzie\u017c \/ Kurtki i p\u0142aszcze \/ Kurtki d\u0142ugie<\/strong><\/li>\n<li>kolor: <strong>be\u017cowy<\/strong><\/li>\n<\/ul>\n<p>Opis:<br \/>\nKurtka puchowa z kolekcji Marc O&#8217;Polo. Ocieplony model wykonany z g\u0142adkiej tkaniny. &#8211; Wype\u0142nienie z naturalnego puchu i pierza. &#8211; Pikowany model. &#8211; Model z kapturem. &#8211; Zapinane kieszenie. &#8211; Zapi\u0119cie na suwak i zatrzaski. &#8211; Ocieplony model na podszewce. &#8211; D\u0142ugo\u015b\u0107 r\u0119kawa: 63 cm. &#8211; D\u0142ugo\u015b\u0107: 95 cm. &#8211; Szeroko\u015b\u0107 pod pachami: 47 cm. &#8211; Szeroko\u015b\u0107 w ramionach: 37 cm. &#8211; Wymiary podane dla rozmiaru: 36. Podszewka: z podszewk\u0105 Kaptur: z kapturem Ocieplenie: puchowe Sk\u0142ad: Podszewka: 100 % Poliamid, Wype\u0142nienie: 30 % Pierze, 70 % Puch, Materia\u0142 zasadniczy: 100 % Poliester, Wstawki: 2 % Elastan, 80 % Poliakryl, 18 % We\u0142na ID produktu: 4900-KPD053 Kod producenta: 009032971141<\/p>\n","protected":false},"excerpt":{"rendered":"<p>Parametry produktu: cena: 1289.0 PLN marka: Marc O&#8217;Polo p\u0142e\u0107: Female kategoria: ONA \/ Odzie\u017c \/ Kurtki i p\u0142aszcze \/ Kurtki d\u0142ugie kolor: be\u017cowy Opis: Kurtka puchowa z kolekcji Marc O&#8217;Polo.<\/p>\n","protected":false},"featured_media":1434,"comment_status":"closed","ping_status":"open","template":"","meta":[],"class_list":{"0":"post-1433","1":"product","2":"type-product","3":"status-publish","5":"hentry","6":"product_cat-kurtki-dlugie","7":"product_cat-kurtki-i-plaszcze","8":"product_cat-odziez","9":"product_cat-ona","10":"product_tag-marc-opolo","11":"product_tag-marc-opolo-kurtka-puchowa"},"yoast_head":"<!-- This site is optimized with the Yoast SEO plugin v15.6.2 - https:\/\/yoast.com\/wordpress\/plugins\/seo\/ -->\n<title>Marc O&#039;Polo - Kurtka puchowa<\/title>\n<meta name=\"robots\" content=\"index, follow, max-snippet:-1, max-image-preview:large, max-video-preview:-1\" \/>\n<link rel=\"canonical\" href=\"https:\/\/torebunia.pl\/sklep\/produkt\/marc-opolo-kurtka-puchowa-2\/\" \/>\n<meta property=\"og:locale\" content=\"pl_PL\" \/>\n<meta property=\"og:type\" content=\"article\" \/>\n<meta property=\"og:title\" content=\"Marc O&#039;Polo - Kurtka puchowa\" \/>\n<meta property=\"og:description\" content=\"Parametry produktu: cena: 1289.0 PLN marka: Marc O&#8217;Polo p\u0142e\u0107: Female kategoria: ONA \/ Odzie\u017c \/ Kurtki i p\u0142aszcze \/ Kurtki d\u0142ugie kolor: be\u017cowy Opis: Kurtka puchowa z kolekcji Marc O&#8217;Polo.\" \/>\n<meta property=\"og:url\" content=\"https:\/\/torebunia.pl\/sklep\/produkt\/marc-opolo-kurtka-puchowa-2\/\" \/>\n<meta property=\"og:site_name\" content=\"Moje Blog\" \/>\n<meta property=\"article:modified_time\" content=\"2021-01-25T14:00:44+00:00\" \/>\n<meta property=\"og:image\" content=\"https:\/\/torebunia.pl\/sklep\/wp-content\/uploads\/2021\/01\/cacbe2bf8e5135386892886189585b1b21d3d89b.jpg\" \/>\n\t<meta property=\"og:image:width\" content=\"855\" \/>\n\t<meta property=\"og:image:height\" content=\"1290\" \/>\n<meta name=\"twitter:card\" content=\"summary_large_image\" \/>\n<meta name=\"twitter:label1\" content=\"Est. reading time\">\n\t<meta name=\"twitter:data1\" content=\"1 minuta\">\n<script type=\"application\/ld+json\" class=\"yoast-schema-graph\">{\"@context\":\"https:\/\/schema.org\",\"@graph\":[{\"@type\":\"WebSite\",\"@id\":\"https:\/\/torebunia.pl\/sklep\/#website\",\"url\":\"https:\/\/torebunia.pl\/sklep\/\",\"name\":\"Moje Blog\",\"description\":\"Kolejna witryna WordPress\",\"potentialAction\":[{\"@type\":\"SearchAction\",\"target\":\"https:\/\/torebunia.pl\/sklep\/?s={search_term_string}\",\"query-input\":\"required name=search_term_string\"}],\"inLanguage\":\"pl-PL\"},{\"@type\":\"ImageObject\",\"@id\":\"https:\/\/torebunia.pl\/sklep\/produkt\/marc-opolo-kurtka-puchowa-2\/#primaryimage\",\"inLanguage\":\"pl-PL\",\"url\":\"https:\/\/torebunia.pl\/sklep\/wp-content\/uploads\/2021\/01\/cacbe2bf8e5135386892886189585b1b21d3d89b.jpg\",\"width\":855,\"height\":1290,\"caption\":\"Marc O'Polo - Kurtka puchowa\"},{\"@type\":\"WebPage\",\"@id\":\"https:\/\/torebunia.pl\/sklep\/produkt\/marc-opolo-kurtka-puchowa-2\/#webpage\",\"url\":\"https:\/\/torebunia.pl\/sklep\/produkt\/marc-opolo-kurtka-puchowa-2\/\",\"name\":\"Marc O'Polo - Kurtka puchowa\",\"isPartOf\":{\"@id\":\"https:\/\/torebunia.pl\/sklep\/#website\"},\"primaryImageOfPage\":{\"@id\":\"https:\/\/torebunia.pl\/sklep\/produkt\/marc-opolo-kurtka-puchowa-2\/#primaryimage\"},\"datePublished\":\"2020-08-09T02:12:42+00:00\",\"dateModified\":\"2021-01-25T14:00:44+00:00\",\"inLanguage\":\"pl-PL\",\"potentialAction\":[{\"@type\":\"ReadAction\",\"target\":[\"https:\/\/torebunia.pl\/sklep\/produkt\/marc-opolo-kurtka-puchowa-2\/\"]}]}]}<\/script>\n<!-- \/ Yoast SEO plugin. -->","_links":{"self":[{"href":"https:\/\/torebunia.pl\/sklep\/wp-json\/wp\/v2\/product\/1433","targetHints":{"allow":["GET"]}}],"collection":[{"href":"https:\/\/torebunia.pl\/sklep\/wp-json\/wp\/v2\/product"}],"about":[{"href":"https:\/\/torebunia.pl\/sklep\/wp-json\/wp\/v2\/types\/product"}],"replies":[{"embeddable":true,"href":"https:\/\/torebunia.pl\/sklep\/wp-json\/wp\/v2\/comments?post=1433"}],"wp:featuredmedia":[{"embeddable":true,"href":"https:\/\/torebunia.pl\/sklep\/wp-json\/wp\/v2\/media\/1434"}],"wp:attachment":[{"href":"https:\/\/torebunia.pl\/sklep\/wp-json\/wp\/v2\/media?parent=1433"}],"curies":[{"name":"wp","href":"https:\/\/api.w.org\/{rel}","templated":true}]}}