{"id":14293,"date":"2020-10-10T02:49:52","date_gmt":"2020-10-10T02:49:52","guid":{"rendered":"https:\/\/torebunia.pl\/sklep\/produkt\/g-star-raw-koszula-2\/"},"modified":"2021-01-25T20:19:37","modified_gmt":"2021-01-25T20:19:37","slug":"g-star-raw-koszula-2","status":"publish","type":"product","link":"https:\/\/torebunia.pl\/sklep\/produkt\/g-star-raw-koszula-2\/","title":{"rendered":"G-Star Raw &#8211; Koszula"},"content":{"rendered":"<p>Parametry produktu:<\/p>\n<ul>\n<li>cena: <strong>469.9 PLN<\/strong><\/li>\n<li>marka: <strong>G-Star Raw<\/strong><\/li>\n<li>p\u0142e\u0107: <strong>Female<\/strong><\/li>\n<li>kategoria: <strong>ONA \/ Odzie\u017c \/ Bluzki i koszule \/ Koszule<\/strong><\/li>\n<li>kolor: <strong>jasny niebieski<\/strong><\/li>\n<\/ul>\n<p>Opis:<br \/>\nKoszula z kolekcji G-Star Raw. Model wykonany z g\u0142adkiej tkaniny. &#8211; Lu\u017any fason. &#8211; D\u0142ugi r\u0119kaw. &#8211; Model z ko\u0142nierzykiem. &#8211; Zapi\u0119cie na zatrzaski. &#8211; Kieszonki na piersi. &#8211; Cienka, nieelastyczna tkanina. &#8211; D\u0142ugo\u015b\u0107 r\u0119kawa: 85 cm. &#8211; D\u0142ugo\u015b\u0107 z przodu: 71 cm. &#8211; D\u0142ugo\u015b\u0107 z ty\u0142u: 80 cm. &#8211; Szeroko\u015b\u0107 pod pachami: 53 cm. &#8211; Wymiary podane dla rozmiaru: S. Wz\u00f3r: g\u0142adkie R\u0119kaw: d\u0142ugi Materia\u0142: bawe\u0142na Ko\u0142nierzyk: klasyczny Okazje: casual Fason: relaxed Sk\u0142ad: 100 % Bawe\u0142na ID produktu: 4900-KDD02Y Kod producenta: D17551.C432.082<\/p>\n","protected":false},"excerpt":{"rendered":"<p>Parametry produktu: cena: 469.9 PLN marka: G-Star Raw p\u0142e\u0107: Female kategoria: ONA \/ Odzie\u017c \/ Bluzki i koszule \/ Koszule kolor: jasny niebieski Opis: Koszula z kolekcji G-Star Raw. Model<\/p>\n","protected":false},"featured_media":14294,"comment_status":"closed","ping_status":"open","template":"","meta":[],"class_list":{"0":"post-14293","1":"product","2":"type-product","3":"status-publish","5":"hentry","6":"product_cat-bluzki-i-koszule","7":"product_cat-koszule","8":"product_cat-odziez","9":"product_cat-ona","10":"product_tag-g-star-raw","11":"product_tag-g-star-raw-koszula"},"yoast_head":"<!-- This site is optimized with the Yoast SEO plugin v15.6.2 - https:\/\/yoast.com\/wordpress\/plugins\/seo\/ -->\n<title>G-Star Raw - Koszula<\/title>\n<meta name=\"robots\" content=\"index, follow, max-snippet:-1, max-image-preview:large, max-video-preview:-1\" \/>\n<link rel=\"canonical\" href=\"https:\/\/torebunia.pl\/sklep\/produkt\/g-star-raw-koszula-2\/\" \/>\n<meta property=\"og:locale\" content=\"pl_PL\" \/>\n<meta property=\"og:type\" content=\"article\" \/>\n<meta property=\"og:title\" content=\"G-Star Raw - Koszula\" \/>\n<meta property=\"og:description\" content=\"Parametry produktu: cena: 469.9 PLN marka: G-Star Raw p\u0142e\u0107: Female kategoria: ONA \/ Odzie\u017c \/ Bluzki i koszule \/ Koszule kolor: jasny niebieski Opis: Koszula z kolekcji G-Star Raw. Model\" \/>\n<meta property=\"og:url\" content=\"https:\/\/torebunia.pl\/sklep\/produkt\/g-star-raw-koszula-2\/\" \/>\n<meta property=\"og:site_name\" content=\"Moje Blog\" \/>\n<meta property=\"article:modified_time\" content=\"2021-01-25T20:19:37+00:00\" \/>\n<meta property=\"og:image\" content=\"https:\/\/torebunia.pl\/sklep\/wp-content\/uploads\/2021\/01\/432b7796681678af0c94ac58fb1195af9d12aafd.jpg\" \/>\n\t<meta property=\"og:image:width\" content=\"855\" \/>\n\t<meta property=\"og:image:height\" content=\"1290\" \/>\n<meta name=\"twitter:card\" content=\"summary_large_image\" \/>\n<meta name=\"twitter:label1\" content=\"Est. reading time\">\n\t<meta name=\"twitter:data1\" content=\"1 minuta\">\n<script type=\"application\/ld+json\" class=\"yoast-schema-graph\">{\"@context\":\"https:\/\/schema.org\",\"@graph\":[{\"@type\":\"WebSite\",\"@id\":\"https:\/\/torebunia.pl\/sklep\/#website\",\"url\":\"https:\/\/torebunia.pl\/sklep\/\",\"name\":\"Moje Blog\",\"description\":\"Kolejna witryna WordPress\",\"potentialAction\":[{\"@type\":\"SearchAction\",\"target\":\"https:\/\/torebunia.pl\/sklep\/?s={search_term_string}\",\"query-input\":\"required name=search_term_string\"}],\"inLanguage\":\"pl-PL\"},{\"@type\":\"ImageObject\",\"@id\":\"https:\/\/torebunia.pl\/sklep\/produkt\/g-star-raw-koszula-2\/#primaryimage\",\"inLanguage\":\"pl-PL\",\"url\":\"https:\/\/torebunia.pl\/sklep\/wp-content\/uploads\/2021\/01\/432b7796681678af0c94ac58fb1195af9d12aafd.jpg\",\"width\":855,\"height\":1290,\"caption\":\"G-Star Raw - Koszula\"},{\"@type\":\"WebPage\",\"@id\":\"https:\/\/torebunia.pl\/sklep\/produkt\/g-star-raw-koszula-2\/#webpage\",\"url\":\"https:\/\/torebunia.pl\/sklep\/produkt\/g-star-raw-koszula-2\/\",\"name\":\"G-Star Raw - Koszula\",\"isPartOf\":{\"@id\":\"https:\/\/torebunia.pl\/sklep\/#website\"},\"primaryImageOfPage\":{\"@id\":\"https:\/\/torebunia.pl\/sklep\/produkt\/g-star-raw-koszula-2\/#primaryimage\"},\"datePublished\":\"2020-10-10T02:49:52+00:00\",\"dateModified\":\"2021-01-25T20:19:37+00:00\",\"inLanguage\":\"pl-PL\",\"potentialAction\":[{\"@type\":\"ReadAction\",\"target\":[\"https:\/\/torebunia.pl\/sklep\/produkt\/g-star-raw-koszula-2\/\"]}]}]}<\/script>\n<!-- \/ Yoast SEO plugin. -->","_links":{"self":[{"href":"https:\/\/torebunia.pl\/sklep\/wp-json\/wp\/v2\/product\/14293","targetHints":{"allow":["GET"]}}],"collection":[{"href":"https:\/\/torebunia.pl\/sklep\/wp-json\/wp\/v2\/product"}],"about":[{"href":"https:\/\/torebunia.pl\/sklep\/wp-json\/wp\/v2\/types\/product"}],"replies":[{"embeddable":true,"href":"https:\/\/torebunia.pl\/sklep\/wp-json\/wp\/v2\/comments?post=14293"}],"wp:featuredmedia":[{"embeddable":true,"href":"https:\/\/torebunia.pl\/sklep\/wp-json\/wp\/v2\/media\/14294"}],"wp:attachment":[{"href":"https:\/\/torebunia.pl\/sklep\/wp-json\/wp\/v2\/media?parent=14293"}],"curies":[{"name":"wp","href":"https:\/\/api.w.org\/{rel}","templated":true}]}}