{"id":1429,"date":"2020-03-31T12:49:51","date_gmt":"2020-03-31T12:49:51","guid":{"rendered":"https:\/\/torebunia.pl\/sklep\/produkt\/tommy-jeans-workery-skorzane\/"},"modified":"2021-01-25T14:00:36","modified_gmt":"2021-01-25T14:00:36","slug":"tommy-jeans-workery-skorzane","status":"publish","type":"product","link":"https:\/\/torebunia.pl\/sklep\/produkt\/tommy-jeans-workery-skorzane\/","title":{"rendered":"Tommy Jeans &#8211; Workery sk\u00f3rzane"},"content":{"rendered":"<p>Parametry produktu:<\/p>\n<ul>\n<li>cena: <strong>849.9 PLN<\/strong><\/li>\n<li>marka: <strong>Tommy Jeans<\/strong><\/li>\n<li>p\u0142e\u0107: <strong>Female<\/strong><\/li>\n<li>kategoria: <strong>ONA \/ Obuwie \/ Kozaki i botki \/ Botki<\/strong><\/li>\n<li>kolor: <strong>czarny<\/strong><\/li>\n<\/ul>\n<p>Opis:<br \/>\nWorkery z kolekcji Tommy Jeans. Model wykonany z po\u0142\u0105czenia sk\u00f3ry naturalnej i materia\u0142u tekstylnego. &#8211; Okr\u0105g\u0142y, usztywniony nosek. &#8211; Usztywniony zapi\u0119tek. &#8211; \u017b\u0142obiona podeszwa. &#8211; Sznurowany model. &#8211; Komfortowe wn\u0119trze. &#8211; D\u0142ugo\u015b\u0107 wk\u0142adki wynosi: 32,5 cm. &#8211; Wymiary podane dla rozmiaru: 37. Materia\u0142: tekstylny Obcas: p\u0142aski Ocieplenie: nieocieplane Materia\u0142: sk\u00f3ra licowa Fason: workery Zapi\u0119cie: sznurowanie Wysoko\u015b\u0107 obcasa: bez obcasa Sk\u0142ad: Cholewka: Materia\u0142 tekstylny, Sk\u00f3ra naturalna, Wn\u0119trze: Materia\u0142 tekstylny, Sk\u00f3ra naturalna, Podeszwa: Materia\u0142 syntetyczny ID produktu: 4900-OBD0S7 Kod producenta: EN0EN011440GL<\/p>\n","protected":false},"excerpt":{"rendered":"<p>Parametry produktu: cena: 849.9 PLN marka: Tommy Jeans p\u0142e\u0107: Female kategoria: ONA \/ Obuwie \/ Kozaki i botki \/ Botki kolor: czarny Opis: Workery z kolekcji Tommy Jeans. Model wykonany<\/p>\n","protected":false},"featured_media":1430,"comment_status":"closed","ping_status":"open","template":"","meta":[],"class_list":{"0":"post-1429","1":"product","2":"type-product","3":"status-publish","5":"hentry","6":"product_cat-botki","7":"product_cat-kozaki-i-botki","8":"product_cat-obuwie","9":"product_cat-ona","10":"product_tag-tommy-jeans","11":"product_tag-tommy-jeans-workery-skorzane"},"yoast_head":"<!-- This site is optimized with the Yoast SEO plugin v15.6.2 - https:\/\/yoast.com\/wordpress\/plugins\/seo\/ -->\n<title>Tommy Jeans - Workery sk\u00f3rzane<\/title>\n<meta name=\"robots\" content=\"index, follow, max-snippet:-1, max-image-preview:large, max-video-preview:-1\" \/>\n<link rel=\"canonical\" href=\"https:\/\/torebunia.pl\/sklep\/produkt\/tommy-jeans-workery-skorzane\/\" \/>\n<meta property=\"og:locale\" content=\"pl_PL\" \/>\n<meta property=\"og:type\" content=\"article\" \/>\n<meta property=\"og:title\" content=\"Tommy Jeans - Workery sk\u00f3rzane\" \/>\n<meta property=\"og:description\" content=\"Parametry produktu: cena: 849.9 PLN marka: Tommy Jeans p\u0142e\u0107: Female kategoria: ONA \/ Obuwie \/ Kozaki i botki \/ Botki kolor: czarny Opis: Workery z kolekcji Tommy Jeans. Model wykonany\" \/>\n<meta property=\"og:url\" content=\"https:\/\/torebunia.pl\/sklep\/produkt\/tommy-jeans-workery-skorzane\/\" \/>\n<meta property=\"og:site_name\" content=\"Moje Blog\" \/>\n<meta property=\"article:modified_time\" content=\"2021-01-25T14:00:36+00:00\" \/>\n<meta property=\"og:image\" content=\"https:\/\/torebunia.pl\/sklep\/wp-content\/uploads\/2021\/01\/0822aef39921016d05501b205517ec061fe4d1c1.jpg\" \/>\n\t<meta property=\"og:image:width\" content=\"855\" \/>\n\t<meta property=\"og:image:height\" content=\"1290\" \/>\n<meta name=\"twitter:card\" content=\"summary_large_image\" \/>\n<meta name=\"twitter:label1\" content=\"Est. reading time\">\n\t<meta name=\"twitter:data1\" content=\"1 minuta\">\n<script type=\"application\/ld+json\" class=\"yoast-schema-graph\">{\"@context\":\"https:\/\/schema.org\",\"@graph\":[{\"@type\":\"WebSite\",\"@id\":\"https:\/\/torebunia.pl\/sklep\/#website\",\"url\":\"https:\/\/torebunia.pl\/sklep\/\",\"name\":\"Moje Blog\",\"description\":\"Kolejna witryna WordPress\",\"potentialAction\":[{\"@type\":\"SearchAction\",\"target\":\"https:\/\/torebunia.pl\/sklep\/?s={search_term_string}\",\"query-input\":\"required name=search_term_string\"}],\"inLanguage\":\"pl-PL\"},{\"@type\":\"ImageObject\",\"@id\":\"https:\/\/torebunia.pl\/sklep\/produkt\/tommy-jeans-workery-skorzane\/#primaryimage\",\"inLanguage\":\"pl-PL\",\"url\":\"https:\/\/torebunia.pl\/sklep\/wp-content\/uploads\/2021\/01\/0822aef39921016d05501b205517ec061fe4d1c1.jpg\",\"width\":855,\"height\":1290,\"caption\":\"Tommy Jeans - Workery sk\\u00f3rzane\"},{\"@type\":\"WebPage\",\"@id\":\"https:\/\/torebunia.pl\/sklep\/produkt\/tommy-jeans-workery-skorzane\/#webpage\",\"url\":\"https:\/\/torebunia.pl\/sklep\/produkt\/tommy-jeans-workery-skorzane\/\",\"name\":\"Tommy Jeans - Workery sk\\u00f3rzane\",\"isPartOf\":{\"@id\":\"https:\/\/torebunia.pl\/sklep\/#website\"},\"primaryImageOfPage\":{\"@id\":\"https:\/\/torebunia.pl\/sklep\/produkt\/tommy-jeans-workery-skorzane\/#primaryimage\"},\"datePublished\":\"2020-03-31T12:49:51+00:00\",\"dateModified\":\"2021-01-25T14:00:36+00:00\",\"inLanguage\":\"pl-PL\",\"potentialAction\":[{\"@type\":\"ReadAction\",\"target\":[\"https:\/\/torebunia.pl\/sklep\/produkt\/tommy-jeans-workery-skorzane\/\"]}]}]}<\/script>\n<!-- \/ Yoast SEO plugin. -->","_links":{"self":[{"href":"https:\/\/torebunia.pl\/sklep\/wp-json\/wp\/v2\/product\/1429","targetHints":{"allow":["GET"]}}],"collection":[{"href":"https:\/\/torebunia.pl\/sklep\/wp-json\/wp\/v2\/product"}],"about":[{"href":"https:\/\/torebunia.pl\/sklep\/wp-json\/wp\/v2\/types\/product"}],"replies":[{"embeddable":true,"href":"https:\/\/torebunia.pl\/sklep\/wp-json\/wp\/v2\/comments?post=1429"}],"wp:featuredmedia":[{"embeddable":true,"href":"https:\/\/torebunia.pl\/sklep\/wp-json\/wp\/v2\/media\/1430"}],"wp:attachment":[{"href":"https:\/\/torebunia.pl\/sklep\/wp-json\/wp\/v2\/media?parent=1429"}],"curies":[{"name":"wp","href":"https:\/\/api.w.org\/{rel}","templated":true}]}}