{"id":14087,"date":"2020-07-27T18:20:42","date_gmt":"2020-07-27T18:20:42","guid":{"rendered":"https:\/\/torebunia.pl\/sklep\/produkt\/adidas-originals-bluza-16\/"},"modified":"2021-01-25T20:13:39","modified_gmt":"2021-01-25T20:13:39","slug":"adidas-originals-bluza-16","status":"publish","type":"product","link":"https:\/\/torebunia.pl\/sklep\/produkt\/adidas-originals-bluza-16\/","title":{"rendered":"adidas Originals &#8211; Bluza"},"content":{"rendered":"<p>Parametry produktu:<\/p>\n<ul>\n<li>cena: <strong>269.9 PLN<\/strong><\/li>\n<li>marka: <strong>adidas Originals<\/strong><\/li>\n<li>p\u0142e\u0107: <strong>Female<\/strong><\/li>\n<li>kategoria: <strong>ONA \/ Odzie\u017c \/ Bluzy \/ Przez g\u0142ow\u0119<\/strong><\/li>\n<li>kolor: <strong>czerwony<\/strong><\/li>\n<\/ul>\n<p>Opis:<br \/>\nBluza z kapturem z kolekcji adidas Originals. Model wykonany z dzianiny z nadrukiem. &#8211; Lu\u017any fason. &#8211; Obni\u017cona linia ramion. &#8211; Wsuwana kiesze\u0144. &#8211; Model z kapturem. &#8211; Niezapinany model. &#8211; Cienka, elastyczna dzianina. &#8211; Model z nadrukiem. &#8211; Wyko\u0144czenie ze \u015bci\u0105gacza. &#8211; Szeroko\u015b\u0107 pod pachami: 60 cm. &#8211; D\u0142ugo\u015b\u0107 r\u0119kawa(mierzona od kaptura): 74,5 cm. &#8211; D\u0142ugo\u015b\u0107: 66 cm. &#8211; Wymiary podane dla rozmiaru: 36. Wz\u00f3r: nadruk Kaptur: z kapturem Sk\u0142ad: 70 % Bawe\u0142na, 30 % Poliester z recyklingu ID produktu: 4910-BLD0CL Kod producenta: EC1882<\/p>\n","protected":false},"excerpt":{"rendered":"<p>Parametry produktu: cena: 269.9 PLN marka: adidas Originals p\u0142e\u0107: Female kategoria: ONA \/ Odzie\u017c \/ Bluzy \/ Przez g\u0142ow\u0119 kolor: czerwony Opis: Bluza z kapturem z kolekcji adidas Originals. Model<\/p>\n","protected":false},"featured_media":14088,"comment_status":"closed","ping_status":"open","template":"","meta":[],"class_list":{"0":"post-14087","1":"product","2":"type-product","3":"status-publish","5":"hentry","6":"product_cat-bluzy","7":"product_cat-odziez","8":"product_cat-ona","9":"product_cat-przez-glowe","10":"product_tag-adidas-originals","11":"product_tag-adidas-originals-bluza"},"yoast_head":"<!-- This site is optimized with the Yoast SEO plugin v15.6.2 - https:\/\/yoast.com\/wordpress\/plugins\/seo\/ -->\n<title>adidas Originals - Bluza<\/title>\n<meta name=\"robots\" content=\"index, follow, max-snippet:-1, max-image-preview:large, max-video-preview:-1\" \/>\n<link rel=\"canonical\" href=\"https:\/\/torebunia.pl\/sklep\/produkt\/adidas-originals-bluza-16\/\" \/>\n<meta property=\"og:locale\" content=\"pl_PL\" \/>\n<meta property=\"og:type\" content=\"article\" \/>\n<meta property=\"og:title\" content=\"adidas Originals - Bluza\" \/>\n<meta property=\"og:description\" content=\"Parametry produktu: cena: 269.9 PLN marka: adidas Originals p\u0142e\u0107: Female kategoria: ONA \/ Odzie\u017c \/ Bluzy \/ Przez g\u0142ow\u0119 kolor: czerwony Opis: Bluza z kapturem z kolekcji adidas Originals. Model\" \/>\n<meta property=\"og:url\" content=\"https:\/\/torebunia.pl\/sklep\/produkt\/adidas-originals-bluza-16\/\" \/>\n<meta property=\"og:site_name\" content=\"Moje Blog\" \/>\n<meta property=\"article:modified_time\" content=\"2021-01-25T20:13:39+00:00\" \/>\n<meta property=\"og:image\" content=\"https:\/\/torebunia.pl\/sklep\/wp-content\/uploads\/2021\/01\/fca60c455a0825e151ebdc5a335fb87aaf0b02f7.jpg\" \/>\n\t<meta property=\"og:image:width\" content=\"855\" \/>\n\t<meta property=\"og:image:height\" content=\"1290\" \/>\n<meta name=\"twitter:card\" content=\"summary_large_image\" \/>\n<meta name=\"twitter:label1\" content=\"Est. reading time\">\n\t<meta name=\"twitter:data1\" content=\"1 minuta\">\n<script type=\"application\/ld+json\" class=\"yoast-schema-graph\">{\"@context\":\"https:\/\/schema.org\",\"@graph\":[{\"@type\":\"WebSite\",\"@id\":\"https:\/\/torebunia.pl\/sklep\/#website\",\"url\":\"https:\/\/torebunia.pl\/sklep\/\",\"name\":\"Moje Blog\",\"description\":\"Kolejna witryna WordPress\",\"potentialAction\":[{\"@type\":\"SearchAction\",\"target\":\"https:\/\/torebunia.pl\/sklep\/?s={search_term_string}\",\"query-input\":\"required name=search_term_string\"}],\"inLanguage\":\"pl-PL\"},{\"@type\":\"ImageObject\",\"@id\":\"https:\/\/torebunia.pl\/sklep\/produkt\/adidas-originals-bluza-16\/#primaryimage\",\"inLanguage\":\"pl-PL\",\"url\":\"https:\/\/torebunia.pl\/sklep\/wp-content\/uploads\/2021\/01\/fca60c455a0825e151ebdc5a335fb87aaf0b02f7.jpg\",\"width\":855,\"height\":1290,\"caption\":\"adidas Originals - Bluza\"},{\"@type\":\"WebPage\",\"@id\":\"https:\/\/torebunia.pl\/sklep\/produkt\/adidas-originals-bluza-16\/#webpage\",\"url\":\"https:\/\/torebunia.pl\/sklep\/produkt\/adidas-originals-bluza-16\/\",\"name\":\"adidas Originals - Bluza\",\"isPartOf\":{\"@id\":\"https:\/\/torebunia.pl\/sklep\/#website\"},\"primaryImageOfPage\":{\"@id\":\"https:\/\/torebunia.pl\/sklep\/produkt\/adidas-originals-bluza-16\/#primaryimage\"},\"datePublished\":\"2020-07-27T18:20:42+00:00\",\"dateModified\":\"2021-01-25T20:13:39+00:00\",\"inLanguage\":\"pl-PL\",\"potentialAction\":[{\"@type\":\"ReadAction\",\"target\":[\"https:\/\/torebunia.pl\/sklep\/produkt\/adidas-originals-bluza-16\/\"]}]}]}<\/script>\n<!-- \/ Yoast SEO plugin. -->","_links":{"self":[{"href":"https:\/\/torebunia.pl\/sklep\/wp-json\/wp\/v2\/product\/14087","targetHints":{"allow":["GET"]}}],"collection":[{"href":"https:\/\/torebunia.pl\/sklep\/wp-json\/wp\/v2\/product"}],"about":[{"href":"https:\/\/torebunia.pl\/sklep\/wp-json\/wp\/v2\/types\/product"}],"replies":[{"embeddable":true,"href":"https:\/\/torebunia.pl\/sklep\/wp-json\/wp\/v2\/comments?post=14087"}],"wp:featuredmedia":[{"embeddable":true,"href":"https:\/\/torebunia.pl\/sklep\/wp-json\/wp\/v2\/media\/14088"}],"wp:attachment":[{"href":"https:\/\/torebunia.pl\/sklep\/wp-json\/wp\/v2\/media?parent=14087"}],"curies":[{"name":"wp","href":"https:\/\/api.w.org\/{rel}","templated":true}]}}