{"id":14029,"date":"2020-04-26T08:58:17","date_gmt":"2020-04-26T08:58:17","guid":{"rendered":"https:\/\/torebunia.pl\/sklep\/produkt\/goe-botki-zamszowe\/"},"modified":"2021-01-25T20:12:04","modified_gmt":"2021-01-25T20:12:04","slug":"goe-botki-zamszowe","status":"publish","type":"product","link":"https:\/\/torebunia.pl\/sklep\/produkt\/goe-botki-zamszowe\/","title":{"rendered":"GOE &#8211; Botki zamszowe"},"content":{"rendered":"<p>Parametry produktu:<\/p>\n<ul>\n<li>cena: <strong>349.9 PLN<\/strong><\/li>\n<li>marka: <strong>GOE<\/strong><\/li>\n<li>p\u0142e\u0107: <strong>Female<\/strong><\/li>\n<li>kategoria: <strong>ONA \/ Obuwie \/ Kozaki i botki \/ Botki<\/strong><\/li>\n<li>kolor: <strong>czarny<\/strong><\/li>\n<\/ul>\n<p>Opis:<br \/>\nBotki z kolekcji GOE. Model wykonany ze sk\u00f3ry zamszowej. &#8211; Zapi\u0119cie na suwak. &#8211; Spiczasty nosek. &#8211; Usztywniony zapi\u0119tek. &#8211; Model na obcasie typu s\u0142upek. &#8211; Wysoko\u015b\u0107 obcasa: 9 cm. Materia\u0142: sk\u00f3ra zamszowa Obcas: s\u0142upek Ocieplenie: lekko ocieplane Wysoko\u015b\u0107 obcasa: powy\u017cej 8 cm Zapi\u0119cie: na zamek Sk\u0142ad: Cholewka: Sk\u00f3ra zamszowa, Wn\u0119trze: Materia\u0142 tekstylny, Podeszwa: Materia\u0142 syntetyczny ID produktu: -100-OBD011 Kod producenta: GG2N3075<\/p>\n","protected":false},"excerpt":{"rendered":"<p>Parametry produktu: cena: 349.9 PLN marka: GOE p\u0142e\u0107: Female kategoria: ONA \/ Obuwie \/ Kozaki i botki \/ Botki kolor: czarny Opis: Botki z kolekcji GOE. Model wykonany ze sk\u00f3ry<\/p>\n","protected":false},"featured_media":14030,"comment_status":"closed","ping_status":"open","template":"","meta":[],"class_list":{"0":"post-14029","1":"product","2":"type-product","3":"status-publish","5":"hentry","6":"product_cat-botki","7":"product_cat-kozaki-i-botki","8":"product_cat-obuwie","9":"product_cat-ona","10":"product_tag-goe","11":"product_tag-goe-botki-zamszowe"},"yoast_head":"<!-- This site is optimized with the Yoast SEO plugin v15.6.2 - https:\/\/yoast.com\/wordpress\/plugins\/seo\/ -->\n<title>GOE - Botki zamszowe<\/title>\n<meta name=\"robots\" content=\"index, follow, max-snippet:-1, max-image-preview:large, max-video-preview:-1\" \/>\n<link rel=\"canonical\" href=\"https:\/\/torebunia.pl\/sklep\/produkt\/goe-botki-zamszowe\/\" \/>\n<meta property=\"og:locale\" content=\"pl_PL\" \/>\n<meta property=\"og:type\" content=\"article\" \/>\n<meta property=\"og:title\" content=\"GOE - Botki zamszowe\" \/>\n<meta property=\"og:description\" content=\"Parametry produktu: cena: 349.9 PLN marka: GOE p\u0142e\u0107: Female kategoria: ONA \/ Obuwie \/ Kozaki i botki \/ Botki kolor: czarny Opis: Botki z kolekcji GOE. Model wykonany ze sk\u00f3ry\" \/>\n<meta property=\"og:url\" content=\"https:\/\/torebunia.pl\/sklep\/produkt\/goe-botki-zamszowe\/\" \/>\n<meta property=\"og:site_name\" content=\"Moje Blog\" \/>\n<meta property=\"article:modified_time\" content=\"2021-01-25T20:12:04+00:00\" \/>\n<meta property=\"og:image\" content=\"https:\/\/torebunia.pl\/sklep\/wp-content\/uploads\/2021\/01\/2bcdde1c1abd87b8e7361c6bdc142540e9be001b.jpg\" \/>\n\t<meta property=\"og:image:width\" content=\"855\" \/>\n\t<meta property=\"og:image:height\" content=\"1290\" \/>\n<meta name=\"twitter:card\" content=\"summary_large_image\" \/>\n<script type=\"application\/ld+json\" class=\"yoast-schema-graph\">{\"@context\":\"https:\/\/schema.org\",\"@graph\":[{\"@type\":\"WebSite\",\"@id\":\"https:\/\/torebunia.pl\/sklep\/#website\",\"url\":\"https:\/\/torebunia.pl\/sklep\/\",\"name\":\"Moje Blog\",\"description\":\"Kolejna witryna WordPress\",\"potentialAction\":[{\"@type\":\"SearchAction\",\"target\":\"https:\/\/torebunia.pl\/sklep\/?s={search_term_string}\",\"query-input\":\"required name=search_term_string\"}],\"inLanguage\":\"pl-PL\"},{\"@type\":\"ImageObject\",\"@id\":\"https:\/\/torebunia.pl\/sklep\/produkt\/goe-botki-zamszowe\/#primaryimage\",\"inLanguage\":\"pl-PL\",\"url\":\"https:\/\/torebunia.pl\/sklep\/wp-content\/uploads\/2021\/01\/2bcdde1c1abd87b8e7361c6bdc142540e9be001b.jpg\",\"width\":855,\"height\":1290,\"caption\":\"GOE - Botki zamszowe\"},{\"@type\":\"WebPage\",\"@id\":\"https:\/\/torebunia.pl\/sklep\/produkt\/goe-botki-zamszowe\/#webpage\",\"url\":\"https:\/\/torebunia.pl\/sklep\/produkt\/goe-botki-zamszowe\/\",\"name\":\"GOE - Botki zamszowe\",\"isPartOf\":{\"@id\":\"https:\/\/torebunia.pl\/sklep\/#website\"},\"primaryImageOfPage\":{\"@id\":\"https:\/\/torebunia.pl\/sklep\/produkt\/goe-botki-zamszowe\/#primaryimage\"},\"datePublished\":\"2020-04-26T08:58:17+00:00\",\"dateModified\":\"2021-01-25T20:12:04+00:00\",\"inLanguage\":\"pl-PL\",\"potentialAction\":[{\"@type\":\"ReadAction\",\"target\":[\"https:\/\/torebunia.pl\/sklep\/produkt\/goe-botki-zamszowe\/\"]}]}]}<\/script>\n<!-- \/ Yoast SEO plugin. -->","_links":{"self":[{"href":"https:\/\/torebunia.pl\/sklep\/wp-json\/wp\/v2\/product\/14029","targetHints":{"allow":["GET"]}}],"collection":[{"href":"https:\/\/torebunia.pl\/sklep\/wp-json\/wp\/v2\/product"}],"about":[{"href":"https:\/\/torebunia.pl\/sklep\/wp-json\/wp\/v2\/types\/product"}],"replies":[{"embeddable":true,"href":"https:\/\/torebunia.pl\/sklep\/wp-json\/wp\/v2\/comments?post=14029"}],"wp:featuredmedia":[{"embeddable":true,"href":"https:\/\/torebunia.pl\/sklep\/wp-json\/wp\/v2\/media\/14030"}],"wp:attachment":[{"href":"https:\/\/torebunia.pl\/sklep\/wp-json\/wp\/v2\/media?parent=14029"}],"curies":[{"name":"wp","href":"https:\/\/api.w.org\/{rel}","templated":true}]}}