{"id":13923,"date":"2020-06-29T10:34:28","date_gmt":"2020-06-29T10:34:28","guid":{"rendered":"https:\/\/torebunia.pl\/sklep\/produkt\/mango-kardigan-rias-2\/"},"modified":"2021-01-25T20:09:10","modified_gmt":"2021-01-25T20:09:10","slug":"mango-kardigan-rias-2","status":"publish","type":"product","link":"https:\/\/torebunia.pl\/sklep\/produkt\/mango-kardigan-rias-2\/","title":{"rendered":"Mango &#8211; Kardigan RIAS"},"content":{"rendered":"<p>Parametry produktu:<\/p>\n<ul>\n<li>cena: <strong>249.99 PLN<\/strong><\/li>\n<li>marka: <strong>Mango<\/strong><\/li>\n<li>p\u0142e\u0107: <strong>Female<\/strong><\/li>\n<li>kategoria: <strong>ONA \/ Odzie\u017c \/ Swetry \/ Rozpinane<\/strong><\/li>\n<li>kolor: <strong>jasny szary<\/strong><\/li>\n<\/ul>\n<p>Opis:<br \/>\nKardigan z kolekcji Mango. Model z okr\u0105g\u0142ym dekoltem, wykonany z cienkiej dzianiny z we\u0142n\u0105. &#8211; Prosty fason. &#8211; Niezapinany model. &#8211; D\u0142ugi r\u0119kaw. &#8211; R\u0119kawy wyko\u0144czone \u015bci\u0105gaczem. &#8211; Efektowny splot. Wz\u00f3r: g\u0142adkie Dekolt: okr\u0105g\u0142y Materia\u0142: z domieszk\u0105 we\u0142ny Dzianina: gruba Sk\u0142ad: 55 % Akryl, 2 % Elastan, 12 % Poliamid, 17 % Poliester, 10 % We\u0142na, 4 % Alpaka ID produktu: -100-SWD037 Kod producenta: 77037611<\/p>\n","protected":false},"excerpt":{"rendered":"<p>Parametry produktu: cena: 249.99 PLN marka: Mango p\u0142e\u0107: Female kategoria: ONA \/ Odzie\u017c \/ Swetry \/ Rozpinane kolor: jasny szary Opis: Kardigan z kolekcji Mango. Model z okr\u0105g\u0142ym dekoltem, wykonany<\/p>\n","protected":false},"featured_media":13924,"comment_status":"closed","ping_status":"open","template":"","meta":[],"class_list":{"0":"post-13923","1":"product","2":"type-product","3":"status-publish","5":"hentry","6":"product_cat-odziez","7":"product_cat-ona","8":"product_cat-rozpinane","9":"product_cat-swetry","10":"product_tag-mango","11":"product_tag-mango-kardigan-rias"},"yoast_head":"<!-- This site is optimized with the Yoast SEO plugin v15.6.2 - https:\/\/yoast.com\/wordpress\/plugins\/seo\/ -->\n<title>Mango - Kardigan RIAS<\/title>\n<meta name=\"robots\" content=\"index, follow, max-snippet:-1, max-image-preview:large, max-video-preview:-1\" \/>\n<link rel=\"canonical\" href=\"https:\/\/torebunia.pl\/sklep\/produkt\/mango-kardigan-rias-2\/\" \/>\n<meta property=\"og:locale\" content=\"pl_PL\" \/>\n<meta property=\"og:type\" content=\"article\" \/>\n<meta property=\"og:title\" content=\"Mango - Kardigan RIAS\" \/>\n<meta property=\"og:description\" content=\"Parametry produktu: cena: 249.99 PLN marka: Mango p\u0142e\u0107: Female kategoria: ONA \/ Odzie\u017c \/ Swetry \/ Rozpinane kolor: jasny szary Opis: Kardigan z kolekcji Mango. Model z okr\u0105g\u0142ym dekoltem, wykonany\" \/>\n<meta property=\"og:url\" content=\"https:\/\/torebunia.pl\/sklep\/produkt\/mango-kardigan-rias-2\/\" \/>\n<meta property=\"og:site_name\" content=\"Moje Blog\" \/>\n<meta property=\"article:modified_time\" content=\"2021-01-25T20:09:10+00:00\" \/>\n<meta property=\"og:image\" content=\"https:\/\/torebunia.pl\/sklep\/wp-content\/uploads\/2021\/01\/490fd81f29b09f2b8d14040ef14fe254c8189a11-1.jpg\" \/>\n\t<meta property=\"og:image:width\" content=\"855\" \/>\n\t<meta property=\"og:image:height\" content=\"1290\" \/>\n<meta name=\"twitter:card\" content=\"summary_large_image\" \/>\n<script type=\"application\/ld+json\" class=\"yoast-schema-graph\">{\"@context\":\"https:\/\/schema.org\",\"@graph\":[{\"@type\":\"WebSite\",\"@id\":\"https:\/\/torebunia.pl\/sklep\/#website\",\"url\":\"https:\/\/torebunia.pl\/sklep\/\",\"name\":\"Moje Blog\",\"description\":\"Kolejna witryna WordPress\",\"potentialAction\":[{\"@type\":\"SearchAction\",\"target\":\"https:\/\/torebunia.pl\/sklep\/?s={search_term_string}\",\"query-input\":\"required name=search_term_string\"}],\"inLanguage\":\"pl-PL\"},{\"@type\":\"ImageObject\",\"@id\":\"https:\/\/torebunia.pl\/sklep\/produkt\/mango-kardigan-rias-2\/#primaryimage\",\"inLanguage\":\"pl-PL\",\"url\":\"https:\/\/torebunia.pl\/sklep\/wp-content\/uploads\/2021\/01\/490fd81f29b09f2b8d14040ef14fe254c8189a11-1.jpg\",\"width\":855,\"height\":1290,\"caption\":\"Mango - Kardigan RIAS\"},{\"@type\":\"WebPage\",\"@id\":\"https:\/\/torebunia.pl\/sklep\/produkt\/mango-kardigan-rias-2\/#webpage\",\"url\":\"https:\/\/torebunia.pl\/sklep\/produkt\/mango-kardigan-rias-2\/\",\"name\":\"Mango - Kardigan RIAS\",\"isPartOf\":{\"@id\":\"https:\/\/torebunia.pl\/sklep\/#website\"},\"primaryImageOfPage\":{\"@id\":\"https:\/\/torebunia.pl\/sklep\/produkt\/mango-kardigan-rias-2\/#primaryimage\"},\"datePublished\":\"2020-06-29T10:34:28+00:00\",\"dateModified\":\"2021-01-25T20:09:10+00:00\",\"inLanguage\":\"pl-PL\",\"potentialAction\":[{\"@type\":\"ReadAction\",\"target\":[\"https:\/\/torebunia.pl\/sklep\/produkt\/mango-kardigan-rias-2\/\"]}]}]}<\/script>\n<!-- \/ Yoast SEO plugin. -->","_links":{"self":[{"href":"https:\/\/torebunia.pl\/sklep\/wp-json\/wp\/v2\/product\/13923","targetHints":{"allow":["GET"]}}],"collection":[{"href":"https:\/\/torebunia.pl\/sklep\/wp-json\/wp\/v2\/product"}],"about":[{"href":"https:\/\/torebunia.pl\/sklep\/wp-json\/wp\/v2\/types\/product"}],"replies":[{"embeddable":true,"href":"https:\/\/torebunia.pl\/sklep\/wp-json\/wp\/v2\/comments?post=13923"}],"wp:featuredmedia":[{"embeddable":true,"href":"https:\/\/torebunia.pl\/sklep\/wp-json\/wp\/v2\/media\/13924"}],"wp:attachment":[{"href":"https:\/\/torebunia.pl\/sklep\/wp-json\/wp\/v2\/media?parent=13923"}],"curies":[{"name":"wp","href":"https:\/\/api.w.org\/{rel}","templated":true}]}}