{"id":1389,"date":"2020-09-18T04:44:46","date_gmt":"2020-09-18T04:44:46","guid":{"rendered":"https:\/\/torebunia.pl\/sklep\/produkt\/mango-szorty-regent\/"},"modified":"2021-01-27T11:32:58","modified_gmt":"2021-01-27T11:32:58","slug":"mango-szorty-regent","status":"publish","type":"product","link":"https:\/\/torebunia.pl\/sklep\/produkt\/mango-szorty-regent\/","title":{"rendered":"Mango &#8211; Szorty Regent"},"content":{"rendered":"<p>Parametry produktu:<\/p>\n<ul>\n<li>cena: <strong>119.99 PLN<\/strong><\/li>\n<li>marka: <strong>Mango<\/strong><\/li>\n<li>p\u0142e\u0107: <strong>Female<\/strong><\/li>\n<li>kategoria: <strong>ONA \/ Odzie\u017c \/ Szorty<\/strong><\/li>\n<li>kolor: <strong>czarny<\/strong><\/li>\n<\/ul>\n<p>Opis:<br \/>\nSzorty z kolekcji Mango. Model wykonany z tkaniny. &#8211; Zapi\u0119cie na kryty suwak. &#8211; Podwy\u017cszony stan. &#8211; Model z zak\u0142adanym przodem. Wz\u00f3r: g\u0142adkie Materia\u0142: tkanina Materia\u0142: z elastanem Okazje: casual Talia: high Sk\u0142ad: 5 % Elastan, 65 % Poliester, 30 % Wiskoza ID produktu: -100-SDD00G Kod producenta: 77995916<\/p>\n","protected":false},"excerpt":{"rendered":"<p>Parametry produktu: cena: 119.99 PLN marka: Mango p\u0142e\u0107: Female kategoria: ONA \/ Odzie\u017c \/ Szorty kolor: czarny Opis: Szorty z kolekcji Mango. Model wykonany z tkaniny. &#8211; Zapi\u0119cie na kryty<\/p>\n","protected":false},"featured_media":1390,"comment_status":"closed","ping_status":"open","template":"","meta":[],"class_list":{"0":"post-1389","1":"product","2":"type-product","3":"status-publish","5":"hentry","6":"product_cat-odziez","7":"product_cat-ona","8":"product_cat-szorty","9":"product_tag-mango","10":"product_tag-mango-szorty-regent"},"yoast_head":"<!-- This site is optimized with the Yoast SEO plugin v15.6.2 - https:\/\/yoast.com\/wordpress\/plugins\/seo\/ -->\n<title>Mango - Szorty Regent<\/title>\n<meta name=\"robots\" content=\"index, follow, max-snippet:-1, max-image-preview:large, max-video-preview:-1\" \/>\n<link rel=\"canonical\" href=\"https:\/\/torebunia.pl\/sklep\/produkt\/mango-szorty-regent\/\" \/>\n<meta property=\"og:locale\" content=\"pl_PL\" \/>\n<meta property=\"og:type\" content=\"article\" \/>\n<meta property=\"og:title\" content=\"Mango - Szorty Regent\" \/>\n<meta property=\"og:description\" content=\"Parametry produktu: cena: 119.99 PLN marka: Mango p\u0142e\u0107: Female kategoria: ONA \/ Odzie\u017c \/ Szorty kolor: czarny Opis: Szorty z kolekcji Mango. Model wykonany z tkaniny. &#8211; Zapi\u0119cie na kryty\" \/>\n<meta property=\"og:url\" content=\"https:\/\/torebunia.pl\/sklep\/produkt\/mango-szorty-regent\/\" \/>\n<meta property=\"og:site_name\" content=\"Moje Blog\" \/>\n<meta property=\"article:modified_time\" content=\"2021-01-27T11:32:58+00:00\" \/>\n<meta property=\"og:image\" content=\"https:\/\/torebunia.pl\/sklep\/wp-content\/uploads\/2021\/01\/da45877cb6025b7da798c68249a3db3b1cd69a8b.jpg\" \/>\n\t<meta property=\"og:image:width\" content=\"855\" \/>\n\t<meta property=\"og:image:height\" content=\"1290\" \/>\n<meta name=\"twitter:card\" content=\"summary_large_image\" \/>\n<script type=\"application\/ld+json\" class=\"yoast-schema-graph\">{\"@context\":\"https:\/\/schema.org\",\"@graph\":[{\"@type\":\"WebSite\",\"@id\":\"https:\/\/torebunia.pl\/sklep\/#website\",\"url\":\"https:\/\/torebunia.pl\/sklep\/\",\"name\":\"Moje Blog\",\"description\":\"Kolejna witryna WordPress\",\"potentialAction\":[{\"@type\":\"SearchAction\",\"target\":\"https:\/\/torebunia.pl\/sklep\/?s={search_term_string}\",\"query-input\":\"required name=search_term_string\"}],\"inLanguage\":\"pl-PL\"},{\"@type\":\"ImageObject\",\"@id\":\"https:\/\/torebunia.pl\/sklep\/produkt\/mango-szorty-regent\/#primaryimage\",\"inLanguage\":\"pl-PL\",\"url\":\"https:\/\/torebunia.pl\/sklep\/wp-content\/uploads\/2021\/01\/da45877cb6025b7da798c68249a3db3b1cd69a8b.jpg\",\"width\":855,\"height\":1290,\"caption\":\"Mango - Szorty Regent\"},{\"@type\":\"WebPage\",\"@id\":\"https:\/\/torebunia.pl\/sklep\/produkt\/mango-szorty-regent\/#webpage\",\"url\":\"https:\/\/torebunia.pl\/sklep\/produkt\/mango-szorty-regent\/\",\"name\":\"Mango - Szorty Regent\",\"isPartOf\":{\"@id\":\"https:\/\/torebunia.pl\/sklep\/#website\"},\"primaryImageOfPage\":{\"@id\":\"https:\/\/torebunia.pl\/sklep\/produkt\/mango-szorty-regent\/#primaryimage\"},\"datePublished\":\"2020-09-18T04:44:46+00:00\",\"dateModified\":\"2021-01-27T11:32:58+00:00\",\"inLanguage\":\"pl-PL\",\"potentialAction\":[{\"@type\":\"ReadAction\",\"target\":[\"https:\/\/torebunia.pl\/sklep\/produkt\/mango-szorty-regent\/\"]}]}]}<\/script>\n<!-- \/ Yoast SEO plugin. -->","_links":{"self":[{"href":"https:\/\/torebunia.pl\/sklep\/wp-json\/wp\/v2\/product\/1389","targetHints":{"allow":["GET"]}}],"collection":[{"href":"https:\/\/torebunia.pl\/sklep\/wp-json\/wp\/v2\/product"}],"about":[{"href":"https:\/\/torebunia.pl\/sklep\/wp-json\/wp\/v2\/types\/product"}],"replies":[{"embeddable":true,"href":"https:\/\/torebunia.pl\/sklep\/wp-json\/wp\/v2\/comments?post=1389"}],"wp:featuredmedia":[{"embeddable":true,"href":"https:\/\/torebunia.pl\/sklep\/wp-json\/wp\/v2\/media\/1390"}],"wp:attachment":[{"href":"https:\/\/torebunia.pl\/sklep\/wp-json\/wp\/v2\/media?parent=1389"}],"curies":[{"name":"wp","href":"https:\/\/api.w.org\/{rel}","templated":true}]}}