{"id":13793,"date":"2021-01-11T16:41:42","date_gmt":"2021-01-11T16:41:42","guid":{"rendered":"https:\/\/torebunia.pl\/sklep\/produkt\/skagen-zegarek-skw2804\/"},"modified":"2021-01-25T20:05:32","modified_gmt":"2021-01-25T20:05:32","slug":"skagen-zegarek-skw2804","status":"publish","type":"product","link":"https:\/\/torebunia.pl\/sklep\/produkt\/skagen-zegarek-skw2804\/","title":{"rendered":"Skagen &#8211; Zegarek SKW2804"},"content":{"rendered":"<p>Parametry produktu:<\/p>\n<ul>\n<li>cena: <strong>449.9 PLN<\/strong><\/li>\n<li>marka: <strong>Skagen<\/strong><\/li>\n<li>p\u0142e\u0107: <strong>Female<\/strong><\/li>\n<li>kategoria: <strong>ONA \/ Akcesoria \/ Zegarki<\/strong><\/li>\n<li>kolor: <strong>zielony<\/strong><\/li>\n<\/ul>\n<p>Opis:<br \/>\nZegarek z kolekcji Skagen. Model z okr\u0105g\u0142\u0105 tarcz\u0105 i paskiem z tworzywa. &#8211; Kszta\u0142t koperty: okr\u0105g\u0142y. &#8211; Materia\u0142 paska: tworzywo sztuczne. &#8211; Wodoszczelno\u015b\u0107: WR. 30M (3ATM) &#8211; odporny na zachlapania. &#8211; Szk\u0142o: mineralne (utwardzane, bardzo odporne na st\u0142uczenia, ci\u0119\u017cko je zarysowa\u0107). &#8211; Mechanizm: kwarcowy, zasilany bateri\u0105. &#8211; \u015arednica koperty: 36 mm. &#8211; Grubo\u015b\u0107 koperty: 9 mm. &#8211; Szeroko\u015b\u0107 paska: 16 mm. Sk\u0142ad: Aluminium, Materia\u0142 syntetyczny, Szk\u0142o mineralne ID produktu: 100-AKD14T Kod producenta: SKW2804<\/p>\n","protected":false},"excerpt":{"rendered":"<p>Parametry produktu: cena: 449.9 PLN marka: Skagen p\u0142e\u0107: Female kategoria: ONA \/ Akcesoria \/ Zegarki kolor: zielony Opis: Zegarek z kolekcji Skagen. Model z okr\u0105g\u0142\u0105 tarcz\u0105 i paskiem z tworzywa.<\/p>\n","protected":false},"featured_media":13794,"comment_status":"closed","ping_status":"open","template":"","meta":[],"class_list":{"0":"post-13793","1":"product","2":"type-product","3":"status-publish","5":"hentry","6":"product_cat-akcesoria","7":"product_cat-ona","8":"product_cat-zegarki","9":"product_tag-skagen","10":"product_tag-skagen-zegarek-skw2804"},"yoast_head":"<!-- This site is optimized with the Yoast SEO plugin v15.6.2 - https:\/\/yoast.com\/wordpress\/plugins\/seo\/ -->\n<title>Skagen - Zegarek SKW2804<\/title>\n<meta name=\"robots\" content=\"index, follow, max-snippet:-1, max-image-preview:large, max-video-preview:-1\" \/>\n<link rel=\"canonical\" href=\"https:\/\/torebunia.pl\/sklep\/produkt\/skagen-zegarek-skw2804\/\" \/>\n<meta property=\"og:locale\" content=\"pl_PL\" \/>\n<meta property=\"og:type\" content=\"article\" \/>\n<meta property=\"og:title\" content=\"Skagen - Zegarek SKW2804\" \/>\n<meta property=\"og:description\" content=\"Parametry produktu: cena: 449.9 PLN marka: Skagen p\u0142e\u0107: Female kategoria: ONA \/ Akcesoria \/ Zegarki kolor: zielony Opis: Zegarek z kolekcji Skagen. Model z okr\u0105g\u0142\u0105 tarcz\u0105 i paskiem z tworzywa.\" \/>\n<meta property=\"og:url\" content=\"https:\/\/torebunia.pl\/sklep\/produkt\/skagen-zegarek-skw2804\/\" \/>\n<meta property=\"og:site_name\" content=\"Moje Blog\" \/>\n<meta property=\"article:modified_time\" content=\"2021-01-25T20:05:32+00:00\" \/>\n<meta property=\"og:image\" content=\"https:\/\/torebunia.pl\/sklep\/wp-content\/uploads\/2021\/01\/8aee7f57239bd3567e8e9388e5b5d03244c04677.jpg\" \/>\n\t<meta property=\"og:image:width\" content=\"855\" \/>\n\t<meta property=\"og:image:height\" content=\"1290\" \/>\n<meta name=\"twitter:card\" content=\"summary_large_image\" \/>\n<script type=\"application\/ld+json\" class=\"yoast-schema-graph\">{\"@context\":\"https:\/\/schema.org\",\"@graph\":[{\"@type\":\"WebSite\",\"@id\":\"https:\/\/torebunia.pl\/sklep\/#website\",\"url\":\"https:\/\/torebunia.pl\/sklep\/\",\"name\":\"Moje Blog\",\"description\":\"Kolejna witryna WordPress\",\"potentialAction\":[{\"@type\":\"SearchAction\",\"target\":\"https:\/\/torebunia.pl\/sklep\/?s={search_term_string}\",\"query-input\":\"required name=search_term_string\"}],\"inLanguage\":\"pl-PL\"},{\"@type\":\"ImageObject\",\"@id\":\"https:\/\/torebunia.pl\/sklep\/produkt\/skagen-zegarek-skw2804\/#primaryimage\",\"inLanguage\":\"pl-PL\",\"url\":\"https:\/\/torebunia.pl\/sklep\/wp-content\/uploads\/2021\/01\/8aee7f57239bd3567e8e9388e5b5d03244c04677.jpg\",\"width\":855,\"height\":1290,\"caption\":\"Skagen - Zegarek SKW2804\"},{\"@type\":\"WebPage\",\"@id\":\"https:\/\/torebunia.pl\/sklep\/produkt\/skagen-zegarek-skw2804\/#webpage\",\"url\":\"https:\/\/torebunia.pl\/sklep\/produkt\/skagen-zegarek-skw2804\/\",\"name\":\"Skagen - Zegarek SKW2804\",\"isPartOf\":{\"@id\":\"https:\/\/torebunia.pl\/sklep\/#website\"},\"primaryImageOfPage\":{\"@id\":\"https:\/\/torebunia.pl\/sklep\/produkt\/skagen-zegarek-skw2804\/#primaryimage\"},\"datePublished\":\"2021-01-11T16:41:42+00:00\",\"dateModified\":\"2021-01-25T20:05:32+00:00\",\"inLanguage\":\"pl-PL\",\"potentialAction\":[{\"@type\":\"ReadAction\",\"target\":[\"https:\/\/torebunia.pl\/sklep\/produkt\/skagen-zegarek-skw2804\/\"]}]}]}<\/script>\n<!-- \/ Yoast SEO plugin. -->","_links":{"self":[{"href":"https:\/\/torebunia.pl\/sklep\/wp-json\/wp\/v2\/product\/13793","targetHints":{"allow":["GET"]}}],"collection":[{"href":"https:\/\/torebunia.pl\/sklep\/wp-json\/wp\/v2\/product"}],"about":[{"href":"https:\/\/torebunia.pl\/sklep\/wp-json\/wp\/v2\/types\/product"}],"replies":[{"embeddable":true,"href":"https:\/\/torebunia.pl\/sklep\/wp-json\/wp\/v2\/comments?post=13793"}],"wp:featuredmedia":[{"embeddable":true,"href":"https:\/\/torebunia.pl\/sklep\/wp-json\/wp\/v2\/media\/13794"}],"wp:attachment":[{"href":"https:\/\/torebunia.pl\/sklep\/wp-json\/wp\/v2\/media?parent=13793"}],"curies":[{"name":"wp","href":"https:\/\/api.w.org\/{rel}","templated":true}]}}