{"id":13583,"date":"2020-07-07T01:27:49","date_gmt":"2020-07-07T01:27:49","guid":{"rendered":"https:\/\/torebunia.pl\/sklep\/produkt\/tommy-jeans-bluza-7\/"},"modified":"2021-01-27T14:00:50","modified_gmt":"2021-01-27T14:00:50","slug":"tommy-jeans-bluza-7","status":"publish","type":"product","link":"https:\/\/torebunia.pl\/sklep\/produkt\/tommy-jeans-bluza-7\/","title":{"rendered":"Tommy Jeans &#8211; Bluza"},"content":{"rendered":"<p>Parametry produktu:<\/p>\n<ul>\n<li>cena: <strong>359.9 PLN<\/strong><\/li>\n<li>marka: <strong>Tommy Jeans<\/strong><\/li>\n<li>p\u0142e\u0107: <strong>Female<\/strong><\/li>\n<li>kategoria: <strong>ONA \/ Odzie\u017c \/ Bluzy \/ Przez g\u0142ow\u0119<\/strong><\/li>\n<li>kolor: <strong>r\u00f3\u017cowy<\/strong><\/li>\n<\/ul>\n<p>Opis:<br \/>\nBluza z kolekcji Tommy Jeans. Model wykonany z cienkiej, lekko elastycznej dzianiny. &#8211; Mi\u0119kko wy\u015bcie\u0142any model. &#8211; Prosty fason. &#8211; D\u0142ugi r\u0119kaw. &#8211; Model z nadrukiem. &#8211; Wyko\u0144czenie ze \u015bci\u0105gacza. &#8211; D\u0142ugo\u015b\u0107 r\u0119kawa: 64,5 cm. &#8211; D\u0142ugo\u015b\u0107: 62,5 cm. &#8211; Szeroko\u015b\u0107 pod pachami: 53 cm. &#8211; Wymiary podane dla rozmiaru: S. Wz\u00f3r: nadruk Kaptur: bez kaptura Sk\u0142ad: 70 % Bawe\u0142na, 30 % Poliester ID produktu: 4900-BLD05G Kod producenta: DW0DW08973<\/p>\n","protected":false},"excerpt":{"rendered":"<p>Parametry produktu: cena: 359.9 PLN marka: Tommy Jeans p\u0142e\u0107: Female kategoria: ONA \/ Odzie\u017c \/ Bluzy \/ Przez g\u0142ow\u0119 kolor: r\u00f3\u017cowy Opis: Bluza z kolekcji Tommy Jeans. Model wykonany z<\/p>\n","protected":false},"featured_media":13584,"comment_status":"closed","ping_status":"open","template":"","meta":[],"class_list":{"0":"post-13583","1":"product","2":"type-product","3":"status-publish","5":"hentry","6":"product_cat-bluzy","7":"product_cat-odziez","8":"product_cat-ona","9":"product_cat-przez-glowe","10":"product_tag-tommy-jeans","11":"product_tag-tommy-jeans-bluza"},"yoast_head":"<!-- This site is optimized with the Yoast SEO plugin v15.6.2 - https:\/\/yoast.com\/wordpress\/plugins\/seo\/ -->\n<title>Tommy Jeans - Bluza<\/title>\n<meta name=\"robots\" content=\"index, follow, max-snippet:-1, max-image-preview:large, max-video-preview:-1\" \/>\n<link rel=\"canonical\" href=\"https:\/\/torebunia.pl\/sklep\/produkt\/tommy-jeans-bluza-7\/\" \/>\n<meta property=\"og:locale\" content=\"pl_PL\" \/>\n<meta property=\"og:type\" content=\"article\" \/>\n<meta property=\"og:title\" content=\"Tommy Jeans - Bluza\" \/>\n<meta property=\"og:description\" content=\"Parametry produktu: cena: 359.9 PLN marka: Tommy Jeans p\u0142e\u0107: Female kategoria: ONA \/ Odzie\u017c \/ Bluzy \/ Przez g\u0142ow\u0119 kolor: r\u00f3\u017cowy Opis: Bluza z kolekcji Tommy Jeans. Model wykonany z\" \/>\n<meta property=\"og:url\" content=\"https:\/\/torebunia.pl\/sklep\/produkt\/tommy-jeans-bluza-7\/\" \/>\n<meta property=\"og:site_name\" content=\"Moje Blog\" \/>\n<meta property=\"article:modified_time\" content=\"2021-01-27T14:00:50+00:00\" \/>\n<meta property=\"og:image\" content=\"https:\/\/torebunia.pl\/sklep\/wp-content\/uploads\/2021\/01\/eccc4dd2c6b7097cdfb4ac932024b735e5a295a0-1.jpg\" \/>\n\t<meta property=\"og:image:width\" content=\"855\" \/>\n\t<meta property=\"og:image:height\" content=\"1290\" \/>\n<meta name=\"twitter:card\" content=\"summary_large_image\" \/>\n<script type=\"application\/ld+json\" class=\"yoast-schema-graph\">{\"@context\":\"https:\/\/schema.org\",\"@graph\":[{\"@type\":\"WebSite\",\"@id\":\"https:\/\/torebunia.pl\/sklep\/#website\",\"url\":\"https:\/\/torebunia.pl\/sklep\/\",\"name\":\"Moje Blog\",\"description\":\"Kolejna witryna WordPress\",\"potentialAction\":[{\"@type\":\"SearchAction\",\"target\":\"https:\/\/torebunia.pl\/sklep\/?s={search_term_string}\",\"query-input\":\"required name=search_term_string\"}],\"inLanguage\":\"pl-PL\"},{\"@type\":\"ImageObject\",\"@id\":\"https:\/\/torebunia.pl\/sklep\/produkt\/tommy-jeans-bluza-7\/#primaryimage\",\"inLanguage\":\"pl-PL\",\"url\":\"https:\/\/torebunia.pl\/sklep\/wp-content\/uploads\/2021\/01\/eccc4dd2c6b7097cdfb4ac932024b735e5a295a0-1.jpg\",\"width\":855,\"height\":1290,\"caption\":\"Tommy Jeans - Bluza\"},{\"@type\":\"WebPage\",\"@id\":\"https:\/\/torebunia.pl\/sklep\/produkt\/tommy-jeans-bluza-7\/#webpage\",\"url\":\"https:\/\/torebunia.pl\/sklep\/produkt\/tommy-jeans-bluza-7\/\",\"name\":\"Tommy Jeans - Bluza\",\"isPartOf\":{\"@id\":\"https:\/\/torebunia.pl\/sklep\/#website\"},\"primaryImageOfPage\":{\"@id\":\"https:\/\/torebunia.pl\/sklep\/produkt\/tommy-jeans-bluza-7\/#primaryimage\"},\"datePublished\":\"2020-07-07T01:27:49+00:00\",\"dateModified\":\"2021-01-27T14:00:50+00:00\",\"inLanguage\":\"pl-PL\",\"potentialAction\":[{\"@type\":\"ReadAction\",\"target\":[\"https:\/\/torebunia.pl\/sklep\/produkt\/tommy-jeans-bluza-7\/\"]}]}]}<\/script>\n<!-- \/ Yoast SEO plugin. -->","_links":{"self":[{"href":"https:\/\/torebunia.pl\/sklep\/wp-json\/wp\/v2\/product\/13583","targetHints":{"allow":["GET"]}}],"collection":[{"href":"https:\/\/torebunia.pl\/sklep\/wp-json\/wp\/v2\/product"}],"about":[{"href":"https:\/\/torebunia.pl\/sklep\/wp-json\/wp\/v2\/types\/product"}],"replies":[{"embeddable":true,"href":"https:\/\/torebunia.pl\/sklep\/wp-json\/wp\/v2\/comments?post=13583"}],"wp:featuredmedia":[{"embeddable":true,"href":"https:\/\/torebunia.pl\/sklep\/wp-json\/wp\/v2\/media\/13584"}],"wp:attachment":[{"href":"https:\/\/torebunia.pl\/sklep\/wp-json\/wp\/v2\/media?parent=13583"}],"curies":[{"name":"wp","href":"https:\/\/api.w.org\/{rel}","templated":true}]}}