{"id":13571,"date":"2020-12-03T14:51:58","date_gmt":"2020-12-03T14:51:58","guid":{"rendered":"https:\/\/torebunia.pl\/sklep\/produkt\/roxy-kurtka-3\/"},"modified":"2021-01-27T14:00:44","modified_gmt":"2021-01-27T14:00:44","slug":"roxy-kurtka-3","status":"publish","type":"product","link":"https:\/\/torebunia.pl\/sklep\/produkt\/roxy-kurtka-3\/","title":{"rendered":"Roxy &#8211; Kurtka"},"content":{"rendered":"<p>Parametry produktu:<\/p>\n<ul>\n<li>cena: <strong>1049.0 PLN<\/strong><\/li>\n<li>marka: <strong>Roxy<\/strong><\/li>\n<li>p\u0142e\u0107: <strong>Female<\/strong><\/li>\n<li>kategoria: <strong>ONA \/ Odzie\u017c \/ Kurtki i p\u0142aszcze \/ Techniczne<\/strong><\/li>\n<li>kolor: <strong>czarny<\/strong><\/li>\n<\/ul>\n<p>Opis:<br \/>\nKurtka z kolekcji Roxy. Ocieplony model wykonany ze wzorzystego materia\u0142u. &#8211; Ocieplony model na podszewce. &#8211; Prosty fason. &#8211; Zapinane kieszenie. &#8211; Kaptur z odpinanym sztucznym futerkiem. &#8211; D\u0142ugo\u015b\u0107 r\u0119kawa: 62 cm. &#8211; D\u0142ugo\u015b\u0107: 68 cm. &#8211; Podwy\u017cszony ko\u0142nierz. &#8211; Szeroko\u015b\u0107 pod pachami: 49 cm. &#8211; Szeroko\u015b\u0107 w ramionach: 42 cm. &#8211; Wymiary podane dla rozmiaru: S. Podszewka: z podszewk\u0105 Kaptur: z kapturem Ocieplenie: ocieplane Sk\u0142ad: Podszewka: 100 % Poliester, Wype\u0142nienie: 100 % Poliester, Materia\u0142 zasadniczy: 100 % Poliester, Sztuczne futerko: 85 % Akryl, 15 % Poliester ID produktu: 4900-KUD09P Kod producenta: ERJTJ03262<\/p>\n","protected":false},"excerpt":{"rendered":"<p>Parametry produktu: cena: 1049.0 PLN marka: Roxy p\u0142e\u0107: Female kategoria: ONA \/ Odzie\u017c \/ Kurtki i p\u0142aszcze \/ Techniczne kolor: czarny Opis: Kurtka z kolekcji Roxy. Ocieplony model wykonany ze<\/p>\n","protected":false},"featured_media":13572,"comment_status":"closed","ping_status":"open","template":"","meta":[],"class_list":{"0":"post-13571","1":"product","2":"type-product","3":"status-publish","5":"hentry","6":"product_cat-kurtki-i-plaszcze","7":"product_cat-odziez","8":"product_cat-ona","9":"product_cat-techniczne","10":"product_tag-roxy","11":"product_tag-roxy-kurtka"},"yoast_head":"<!-- This site is optimized with the Yoast SEO plugin v15.6.2 - https:\/\/yoast.com\/wordpress\/plugins\/seo\/ -->\n<title>Roxy - Kurtka<\/title>\n<meta name=\"robots\" content=\"index, follow, max-snippet:-1, max-image-preview:large, max-video-preview:-1\" \/>\n<link rel=\"canonical\" href=\"https:\/\/torebunia.pl\/sklep\/produkt\/roxy-kurtka-3\/\" \/>\n<meta property=\"og:locale\" content=\"pl_PL\" \/>\n<meta property=\"og:type\" content=\"article\" \/>\n<meta property=\"og:title\" content=\"Roxy - Kurtka\" \/>\n<meta property=\"og:description\" content=\"Parametry produktu: cena: 1049.0 PLN marka: Roxy p\u0142e\u0107: Female kategoria: ONA \/ Odzie\u017c \/ Kurtki i p\u0142aszcze \/ Techniczne kolor: czarny Opis: Kurtka z kolekcji Roxy. Ocieplony model wykonany ze\" \/>\n<meta property=\"og:url\" content=\"https:\/\/torebunia.pl\/sklep\/produkt\/roxy-kurtka-3\/\" \/>\n<meta property=\"og:site_name\" content=\"Moje Blog\" \/>\n<meta property=\"article:modified_time\" content=\"2021-01-27T14:00:44+00:00\" \/>\n<meta property=\"og:image\" content=\"https:\/\/torebunia.pl\/sklep\/wp-content\/uploads\/2021\/01\/c9ca7753432b5e98eec78219994f5136b441514c.jpg\" \/>\n\t<meta property=\"og:image:width\" content=\"855\" \/>\n\t<meta property=\"og:image:height\" content=\"1290\" \/>\n<meta name=\"twitter:card\" content=\"summary_large_image\" \/>\n<meta name=\"twitter:label1\" content=\"Est. reading time\">\n\t<meta name=\"twitter:data1\" content=\"1 minuta\">\n<script type=\"application\/ld+json\" class=\"yoast-schema-graph\">{\"@context\":\"https:\/\/schema.org\",\"@graph\":[{\"@type\":\"WebSite\",\"@id\":\"https:\/\/torebunia.pl\/sklep\/#website\",\"url\":\"https:\/\/torebunia.pl\/sklep\/\",\"name\":\"Moje Blog\",\"description\":\"Kolejna witryna WordPress\",\"potentialAction\":[{\"@type\":\"SearchAction\",\"target\":\"https:\/\/torebunia.pl\/sklep\/?s={search_term_string}\",\"query-input\":\"required name=search_term_string\"}],\"inLanguage\":\"pl-PL\"},{\"@type\":\"ImageObject\",\"@id\":\"https:\/\/torebunia.pl\/sklep\/produkt\/roxy-kurtka-3\/#primaryimage\",\"inLanguage\":\"pl-PL\",\"url\":\"https:\/\/torebunia.pl\/sklep\/wp-content\/uploads\/2021\/01\/c9ca7753432b5e98eec78219994f5136b441514c.jpg\",\"width\":855,\"height\":1290,\"caption\":\"Roxy - Kurtka\"},{\"@type\":\"WebPage\",\"@id\":\"https:\/\/torebunia.pl\/sklep\/produkt\/roxy-kurtka-3\/#webpage\",\"url\":\"https:\/\/torebunia.pl\/sklep\/produkt\/roxy-kurtka-3\/\",\"name\":\"Roxy - Kurtka\",\"isPartOf\":{\"@id\":\"https:\/\/torebunia.pl\/sklep\/#website\"},\"primaryImageOfPage\":{\"@id\":\"https:\/\/torebunia.pl\/sklep\/produkt\/roxy-kurtka-3\/#primaryimage\"},\"datePublished\":\"2020-12-03T14:51:58+00:00\",\"dateModified\":\"2021-01-27T14:00:44+00:00\",\"inLanguage\":\"pl-PL\",\"potentialAction\":[{\"@type\":\"ReadAction\",\"target\":[\"https:\/\/torebunia.pl\/sklep\/produkt\/roxy-kurtka-3\/\"]}]}]}<\/script>\n<!-- \/ Yoast SEO plugin. -->","_links":{"self":[{"href":"https:\/\/torebunia.pl\/sklep\/wp-json\/wp\/v2\/product\/13571","targetHints":{"allow":["GET"]}}],"collection":[{"href":"https:\/\/torebunia.pl\/sklep\/wp-json\/wp\/v2\/product"}],"about":[{"href":"https:\/\/torebunia.pl\/sklep\/wp-json\/wp\/v2\/types\/product"}],"replies":[{"embeddable":true,"href":"https:\/\/torebunia.pl\/sklep\/wp-json\/wp\/v2\/comments?post=13571"}],"wp:featuredmedia":[{"embeddable":true,"href":"https:\/\/torebunia.pl\/sklep\/wp-json\/wp\/v2\/media\/13572"}],"wp:attachment":[{"href":"https:\/\/torebunia.pl\/sklep\/wp-json\/wp\/v2\/media?parent=13571"}],"curies":[{"name":"wp","href":"https:\/\/api.w.org\/{rel}","templated":true}]}}