{"id":13537,"date":"2020-04-26T11:01:19","date_gmt":"2020-04-26T11:01:19","guid":{"rendered":"https:\/\/torebunia.pl\/sklep\/produkt\/crocs-kalosze-2\/"},"modified":"2021-01-25T19:57:54","modified_gmt":"2021-01-25T19:57:54","slug":"crocs-kalosze-2","status":"publish","type":"product","link":"https:\/\/torebunia.pl\/sklep\/produkt\/crocs-kalosze-2\/","title":{"rendered":"Crocs &#8211; Kalosze"},"content":{"rendered":"<p>Parametry produktu:<\/p>\n<ul>\n<li>cena: <strong>179.9 PLN<\/strong><\/li>\n<li>marka: <strong>Crocs<\/strong><\/li>\n<li>p\u0142e\u0107: <strong>Female<\/strong><\/li>\n<li>kategoria: <strong>ONA \/ Obuwie \/ Kalosze<\/strong><\/li>\n<li>kolor: <strong>czarny<\/strong><\/li>\n<\/ul>\n<p>Opis:<br \/>\nKalosze z kolekcji Crocs. Model wykonany z matowego, g\u0142adkiego tworzywa. &#8211; Okr\u0105g\u0142y, usztywniony nosek. &#8211; Usztywniony zapi\u0119tek. &#8211; Antypo\u015blizgowa, \u017c\u0142obiona podeszwa. &#8211; Komfortowe wn\u0119trze. &#8211; D\u0142ugo\u015b\u0107 wk\u0142adki wynosi: 24 cm. &#8211; Wymiary podane dla rozmiaru: 37. Materia\u0142: syntetyczny Sk\u0142ad: Materia\u0142 syntetyczny ID produktu: 100-OBD01Z Kod producenta: 15769.BLACK<\/p>\n","protected":false},"excerpt":{"rendered":"<p>Parametry produktu: cena: 179.9 PLN marka: Crocs p\u0142e\u0107: Female kategoria: ONA \/ Obuwie \/ Kalosze kolor: czarny Opis: Kalosze z kolekcji Crocs. Model wykonany z matowego, g\u0142adkiego tworzywa. &#8211; Okr\u0105g\u0142y,<\/p>\n","protected":false},"featured_media":13538,"comment_status":"closed","ping_status":"open","template":"","meta":[],"class_list":{"0":"post-13537","1":"product","2":"type-product","3":"status-publish","5":"hentry","6":"product_cat-kalosze","7":"product_cat-obuwie","8":"product_cat-ona","9":"product_tag-crocs","10":"product_tag-crocs-kalosze"},"yoast_head":"<!-- This site is optimized with the Yoast SEO plugin v15.6.2 - https:\/\/yoast.com\/wordpress\/plugins\/seo\/ -->\n<title>Crocs - Kalosze<\/title>\n<meta name=\"robots\" content=\"index, follow, max-snippet:-1, max-image-preview:large, max-video-preview:-1\" \/>\n<link rel=\"canonical\" href=\"https:\/\/torebunia.pl\/sklep\/produkt\/crocs-kalosze-2\/\" \/>\n<meta property=\"og:locale\" content=\"pl_PL\" \/>\n<meta property=\"og:type\" content=\"article\" \/>\n<meta property=\"og:title\" content=\"Crocs - Kalosze\" \/>\n<meta property=\"og:description\" content=\"Parametry produktu: cena: 179.9 PLN marka: Crocs p\u0142e\u0107: Female kategoria: ONA \/ Obuwie \/ Kalosze kolor: czarny Opis: Kalosze z kolekcji Crocs. Model wykonany z matowego, g\u0142adkiego tworzywa. &#8211; Okr\u0105g\u0142y,\" \/>\n<meta property=\"og:url\" content=\"https:\/\/torebunia.pl\/sklep\/produkt\/crocs-kalosze-2\/\" \/>\n<meta property=\"og:site_name\" content=\"Moje Blog\" \/>\n<meta property=\"article:modified_time\" content=\"2021-01-25T19:57:54+00:00\" \/>\n<meta property=\"og:image\" content=\"https:\/\/torebunia.pl\/sklep\/wp-content\/uploads\/2021\/01\/bd4ff2eca2b20953c1f31dcfd5821d4a014100e4.jpg\" \/>\n\t<meta property=\"og:image:width\" content=\"855\" \/>\n\t<meta property=\"og:image:height\" content=\"1290\" \/>\n<meta name=\"twitter:card\" content=\"summary_large_image\" \/>\n<script type=\"application\/ld+json\" class=\"yoast-schema-graph\">{\"@context\":\"https:\/\/schema.org\",\"@graph\":[{\"@type\":\"WebSite\",\"@id\":\"https:\/\/torebunia.pl\/sklep\/#website\",\"url\":\"https:\/\/torebunia.pl\/sklep\/\",\"name\":\"Moje Blog\",\"description\":\"Kolejna witryna WordPress\",\"potentialAction\":[{\"@type\":\"SearchAction\",\"target\":\"https:\/\/torebunia.pl\/sklep\/?s={search_term_string}\",\"query-input\":\"required name=search_term_string\"}],\"inLanguage\":\"pl-PL\"},{\"@type\":\"ImageObject\",\"@id\":\"https:\/\/torebunia.pl\/sklep\/produkt\/crocs-kalosze-2\/#primaryimage\",\"inLanguage\":\"pl-PL\",\"url\":\"https:\/\/torebunia.pl\/sklep\/wp-content\/uploads\/2021\/01\/bd4ff2eca2b20953c1f31dcfd5821d4a014100e4.jpg\",\"width\":855,\"height\":1290,\"caption\":\"Crocs - Kalosze\"},{\"@type\":\"WebPage\",\"@id\":\"https:\/\/torebunia.pl\/sklep\/produkt\/crocs-kalosze-2\/#webpage\",\"url\":\"https:\/\/torebunia.pl\/sklep\/produkt\/crocs-kalosze-2\/\",\"name\":\"Crocs - Kalosze\",\"isPartOf\":{\"@id\":\"https:\/\/torebunia.pl\/sklep\/#website\"},\"primaryImageOfPage\":{\"@id\":\"https:\/\/torebunia.pl\/sklep\/produkt\/crocs-kalosze-2\/#primaryimage\"},\"datePublished\":\"2020-04-26T11:01:19+00:00\",\"dateModified\":\"2021-01-25T19:57:54+00:00\",\"inLanguage\":\"pl-PL\",\"potentialAction\":[{\"@type\":\"ReadAction\",\"target\":[\"https:\/\/torebunia.pl\/sklep\/produkt\/crocs-kalosze-2\/\"]}]}]}<\/script>\n<!-- \/ Yoast SEO plugin. -->","_links":{"self":[{"href":"https:\/\/torebunia.pl\/sklep\/wp-json\/wp\/v2\/product\/13537","targetHints":{"allow":["GET"]}}],"collection":[{"href":"https:\/\/torebunia.pl\/sklep\/wp-json\/wp\/v2\/product"}],"about":[{"href":"https:\/\/torebunia.pl\/sklep\/wp-json\/wp\/v2\/types\/product"}],"replies":[{"embeddable":true,"href":"https:\/\/torebunia.pl\/sklep\/wp-json\/wp\/v2\/comments?post=13537"}],"wp:featuredmedia":[{"embeddable":true,"href":"https:\/\/torebunia.pl\/sklep\/wp-json\/wp\/v2\/media\/13538"}],"wp:attachment":[{"href":"https:\/\/torebunia.pl\/sklep\/wp-json\/wp\/v2\/media?parent=13537"}],"curies":[{"name":"wp","href":"https:\/\/api.w.org\/{rel}","templated":true}]}}