{"id":13523,"date":"2020-12-11T21:08:54","date_gmt":"2020-12-11T21:08:54","guid":{"rendered":"https:\/\/torebunia.pl\/sklep\/produkt\/happy-socks-figi-jungle-mesh-hipster\/"},"modified":"2021-01-25T19:57:27","modified_gmt":"2021-01-25T19:57:27","slug":"happy-socks-figi-jungle-mesh-hipster","status":"publish","type":"product","link":"https:\/\/torebunia.pl\/sklep\/produkt\/happy-socks-figi-jungle-mesh-hipster\/","title":{"rendered":"Happy Socks &#8211; Figi Jungle Mesh Hipster"},"content":{"rendered":"<p>Parametry produktu:<\/p>\n<ul>\n<li>cena: <strong>59.9 PLN<\/strong><\/li>\n<li>marka: <strong>Happy Socks<\/strong><\/li>\n<li>p\u0142e\u0107: <strong>Female<\/strong><\/li>\n<li>kategoria: <strong>ONA \/ Odzie\u017c \/ Bielizna \/ Majtki<\/strong><\/li>\n<li>kolor: <strong>niebieski<\/strong><\/li>\n<\/ul>\n<p>Opis:<br \/>\nFigi z kolekcji Happy Socks. Model wykonany z elastycznej, wzorzystej dzianiny. &#8211; Model ze wstawkami z transparentnego materia\u0142u. Rodzaj: figi Wz\u00f3r: wzorzyste Sk\u0142ad: 10 % Elastan, 90 % Poliester ID produktu: 100-BID04N Kod producenta: JUN85.6000.D<\/p>\n","protected":false},"excerpt":{"rendered":"<p>Parametry produktu: cena: 59.9 PLN marka: Happy Socks p\u0142e\u0107: Female kategoria: ONA \/ Odzie\u017c \/ Bielizna \/ Majtki kolor: niebieski Opis: Figi z kolekcji Happy Socks. Model wykonany z elastycznej,<\/p>\n","protected":false},"featured_media":13524,"comment_status":"closed","ping_status":"open","template":"","meta":[],"class_list":{"0":"post-13523","1":"product","2":"type-product","3":"status-publish","5":"hentry","6":"product_cat-bielizna","7":"product_cat-majtki","8":"product_cat-odziez","9":"product_cat-ona","10":"product_tag-happy-socks","11":"product_tag-happy-socks-figi-jungle-mesh-hipster"},"yoast_head":"<!-- This site is optimized with the Yoast SEO plugin v15.6.2 - https:\/\/yoast.com\/wordpress\/plugins\/seo\/ -->\n<title>Happy Socks - Figi Jungle Mesh Hipster<\/title>\n<meta name=\"robots\" content=\"index, follow, max-snippet:-1, max-image-preview:large, max-video-preview:-1\" \/>\n<link rel=\"canonical\" href=\"https:\/\/torebunia.pl\/sklep\/produkt\/happy-socks-figi-jungle-mesh-hipster\/\" \/>\n<meta property=\"og:locale\" content=\"pl_PL\" \/>\n<meta property=\"og:type\" content=\"article\" \/>\n<meta property=\"og:title\" content=\"Happy Socks - Figi Jungle Mesh Hipster\" \/>\n<meta property=\"og:description\" content=\"Parametry produktu: cena: 59.9 PLN marka: Happy Socks p\u0142e\u0107: Female kategoria: ONA \/ Odzie\u017c \/ Bielizna \/ Majtki kolor: niebieski Opis: Figi z kolekcji Happy Socks. Model wykonany z elastycznej,\" \/>\n<meta property=\"og:url\" content=\"https:\/\/torebunia.pl\/sklep\/produkt\/happy-socks-figi-jungle-mesh-hipster\/\" \/>\n<meta property=\"og:site_name\" content=\"Moje Blog\" \/>\n<meta property=\"article:modified_time\" content=\"2021-01-25T19:57:27+00:00\" \/>\n<meta property=\"og:image\" content=\"https:\/\/torebunia.pl\/sklep\/wp-content\/uploads\/2021\/01\/3e5d6640b7a5dda43379defd45276f57603a7ac1.jpg\" \/>\n\t<meta property=\"og:image:width\" content=\"855\" \/>\n\t<meta property=\"og:image:height\" content=\"1290\" \/>\n<meta name=\"twitter:card\" content=\"summary_large_image\" \/>\n<script type=\"application\/ld+json\" class=\"yoast-schema-graph\">{\"@context\":\"https:\/\/schema.org\",\"@graph\":[{\"@type\":\"WebSite\",\"@id\":\"https:\/\/torebunia.pl\/sklep\/#website\",\"url\":\"https:\/\/torebunia.pl\/sklep\/\",\"name\":\"Moje Blog\",\"description\":\"Kolejna witryna WordPress\",\"potentialAction\":[{\"@type\":\"SearchAction\",\"target\":\"https:\/\/torebunia.pl\/sklep\/?s={search_term_string}\",\"query-input\":\"required name=search_term_string\"}],\"inLanguage\":\"pl-PL\"},{\"@type\":\"ImageObject\",\"@id\":\"https:\/\/torebunia.pl\/sklep\/produkt\/happy-socks-figi-jungle-mesh-hipster\/#primaryimage\",\"inLanguage\":\"pl-PL\",\"url\":\"https:\/\/torebunia.pl\/sklep\/wp-content\/uploads\/2021\/01\/3e5d6640b7a5dda43379defd45276f57603a7ac1.jpg\",\"width\":855,\"height\":1290,\"caption\":\"Happy Socks - Figi Jungle Mesh Hipster\"},{\"@type\":\"WebPage\",\"@id\":\"https:\/\/torebunia.pl\/sklep\/produkt\/happy-socks-figi-jungle-mesh-hipster\/#webpage\",\"url\":\"https:\/\/torebunia.pl\/sklep\/produkt\/happy-socks-figi-jungle-mesh-hipster\/\",\"name\":\"Happy Socks - Figi Jungle Mesh Hipster\",\"isPartOf\":{\"@id\":\"https:\/\/torebunia.pl\/sklep\/#website\"},\"primaryImageOfPage\":{\"@id\":\"https:\/\/torebunia.pl\/sklep\/produkt\/happy-socks-figi-jungle-mesh-hipster\/#primaryimage\"},\"datePublished\":\"2020-12-11T21:08:54+00:00\",\"dateModified\":\"2021-01-25T19:57:27+00:00\",\"inLanguage\":\"pl-PL\",\"potentialAction\":[{\"@type\":\"ReadAction\",\"target\":[\"https:\/\/torebunia.pl\/sklep\/produkt\/happy-socks-figi-jungle-mesh-hipster\/\"]}]}]}<\/script>\n<!-- \/ Yoast SEO plugin. -->","_links":{"self":[{"href":"https:\/\/torebunia.pl\/sklep\/wp-json\/wp\/v2\/product\/13523","targetHints":{"allow":["GET"]}}],"collection":[{"href":"https:\/\/torebunia.pl\/sklep\/wp-json\/wp\/v2\/product"}],"about":[{"href":"https:\/\/torebunia.pl\/sklep\/wp-json\/wp\/v2\/types\/product"}],"replies":[{"embeddable":true,"href":"https:\/\/torebunia.pl\/sklep\/wp-json\/wp\/v2\/comments?post=13523"}],"wp:featuredmedia":[{"embeddable":true,"href":"https:\/\/torebunia.pl\/sklep\/wp-json\/wp\/v2\/media\/13524"}],"wp:attachment":[{"href":"https:\/\/torebunia.pl\/sklep\/wp-json\/wp\/v2\/media?parent=13523"}],"curies":[{"name":"wp","href":"https:\/\/api.w.org\/{rel}","templated":true}]}}