{"id":1351,"date":"2020-08-03T06:21:42","date_gmt":"2020-08-03T06:21:42","guid":{"rendered":"https:\/\/torebunia.pl\/sklep\/produkt\/twinset-sukienka-2\/"},"modified":"2021-01-27T11:32:31","modified_gmt":"2021-01-27T11:32:31","slug":"twinset-sukienka-2","status":"publish","type":"product","link":"https:\/\/torebunia.pl\/sklep\/produkt\/twinset-sukienka-2\/","title":{"rendered":"Twinset &#8211; Sukienka"},"content":{"rendered":"<p>Parametry produktu:<\/p>\n<ul>\n<li>cena: <strong>1299.0 PLN<\/strong><\/li>\n<li>marka: <strong>TWINSET<\/strong><\/li>\n<li>p\u0142e\u0107: <strong>Female<\/strong><\/li>\n<li>kategoria: <strong>ONA \/ Odzie\u017c \/ Sukienki<\/strong><\/li>\n<li>kolor: <strong>czarny<\/strong><\/li>\n<\/ul>\n<p>Opis:<br \/>\nSukienka z kolekcji Twinset. Prosty model wykonany z wzorzystej tkaniny. &#8211; Prosty fason. &#8211; R\u0119kawy z zapinanymi mankietami. &#8211; Zapi\u0119cie na guziki. &#8211; Model na podszewce. &#8211; D\u0142ugo\u015b\u0107 r\u0119kawa: 54 cm. &#8211; D\u0142ugo\u015b\u0107: 123 cm. &#8211; Szeroko\u015b\u0107 pod pachami: 42 cm. &#8211; Wymiary podane dla rozmiaru: 36. Wz\u00f3r: wzorzyste D\u0142ugo\u015b\u0107: maxi R\u0119kaw: d\u0142ugi Wz\u00f3r: kwiaty Dekolt: zapinany Fason: prosty Okazje: koktajl Sk\u0142ad: 100 % Poliester ID produktu: 4901-SUD0HA Kod producenta: 201TP2300.S11958<\/p>\n","protected":false},"excerpt":{"rendered":"<p>Parametry produktu: cena: 1299.0 PLN marka: TWINSET p\u0142e\u0107: Female kategoria: ONA \/ Odzie\u017c \/ Sukienki kolor: czarny Opis: Sukienka z kolekcji Twinset. Prosty model wykonany z wzorzystej tkaniny. &#8211; Prosty<\/p>\n","protected":false},"featured_media":1352,"comment_status":"closed","ping_status":"open","template":"","meta":[],"class_list":{"0":"post-1351","1":"product","2":"type-product","3":"status-publish","5":"hentry","6":"product_cat-odziez","7":"product_cat-ona","8":"product_cat-sukienki","9":"product_tag-twinset","10":"product_tag-twinset-sukienka"},"yoast_head":"<!-- This site is optimized with the Yoast SEO plugin v15.6.2 - https:\/\/yoast.com\/wordpress\/plugins\/seo\/ -->\n<title>Twinset - Sukienka<\/title>\n<meta name=\"robots\" content=\"index, follow, max-snippet:-1, max-image-preview:large, max-video-preview:-1\" \/>\n<link rel=\"canonical\" href=\"https:\/\/torebunia.pl\/sklep\/produkt\/twinset-sukienka-2\/\" \/>\n<meta property=\"og:locale\" content=\"pl_PL\" \/>\n<meta property=\"og:type\" content=\"article\" \/>\n<meta property=\"og:title\" content=\"Twinset - Sukienka\" \/>\n<meta property=\"og:description\" content=\"Parametry produktu: cena: 1299.0 PLN marka: TWINSET p\u0142e\u0107: Female kategoria: ONA \/ Odzie\u017c \/ Sukienki kolor: czarny Opis: Sukienka z kolekcji Twinset. Prosty model wykonany z wzorzystej tkaniny. &#8211; Prosty\" \/>\n<meta property=\"og:url\" content=\"https:\/\/torebunia.pl\/sklep\/produkt\/twinset-sukienka-2\/\" \/>\n<meta property=\"og:site_name\" content=\"Moje Blog\" \/>\n<meta property=\"article:modified_time\" content=\"2021-01-27T11:32:31+00:00\" \/>\n<meta property=\"og:image\" content=\"https:\/\/torebunia.pl\/sklep\/wp-content\/uploads\/2021\/01\/a857f6def27ba431a1290fabfa484c61e42876df.jpg\" \/>\n\t<meta property=\"og:image:width\" content=\"855\" \/>\n\t<meta property=\"og:image:height\" content=\"1290\" \/>\n<meta name=\"twitter:card\" content=\"summary_large_image\" \/>\n<script type=\"application\/ld+json\" class=\"yoast-schema-graph\">{\"@context\":\"https:\/\/schema.org\",\"@graph\":[{\"@type\":\"WebSite\",\"@id\":\"https:\/\/torebunia.pl\/sklep\/#website\",\"url\":\"https:\/\/torebunia.pl\/sklep\/\",\"name\":\"Moje Blog\",\"description\":\"Kolejna witryna WordPress\",\"potentialAction\":[{\"@type\":\"SearchAction\",\"target\":\"https:\/\/torebunia.pl\/sklep\/?s={search_term_string}\",\"query-input\":\"required name=search_term_string\"}],\"inLanguage\":\"pl-PL\"},{\"@type\":\"ImageObject\",\"@id\":\"https:\/\/torebunia.pl\/sklep\/produkt\/twinset-sukienka-2\/#primaryimage\",\"inLanguage\":\"pl-PL\",\"url\":\"https:\/\/torebunia.pl\/sklep\/wp-content\/uploads\/2021\/01\/a857f6def27ba431a1290fabfa484c61e42876df.jpg\",\"width\":855,\"height\":1290,\"caption\":\"Twinset - Sukienka\"},{\"@type\":\"WebPage\",\"@id\":\"https:\/\/torebunia.pl\/sklep\/produkt\/twinset-sukienka-2\/#webpage\",\"url\":\"https:\/\/torebunia.pl\/sklep\/produkt\/twinset-sukienka-2\/\",\"name\":\"Twinset - Sukienka\",\"isPartOf\":{\"@id\":\"https:\/\/torebunia.pl\/sklep\/#website\"},\"primaryImageOfPage\":{\"@id\":\"https:\/\/torebunia.pl\/sklep\/produkt\/twinset-sukienka-2\/#primaryimage\"},\"datePublished\":\"2020-08-03T06:21:42+00:00\",\"dateModified\":\"2021-01-27T11:32:31+00:00\",\"inLanguage\":\"pl-PL\",\"potentialAction\":[{\"@type\":\"ReadAction\",\"target\":[\"https:\/\/torebunia.pl\/sklep\/produkt\/twinset-sukienka-2\/\"]}]}]}<\/script>\n<!-- \/ Yoast SEO plugin. -->","_links":{"self":[{"href":"https:\/\/torebunia.pl\/sklep\/wp-json\/wp\/v2\/product\/1351","targetHints":{"allow":["GET"]}}],"collection":[{"href":"https:\/\/torebunia.pl\/sklep\/wp-json\/wp\/v2\/product"}],"about":[{"href":"https:\/\/torebunia.pl\/sklep\/wp-json\/wp\/v2\/types\/product"}],"replies":[{"embeddable":true,"href":"https:\/\/torebunia.pl\/sklep\/wp-json\/wp\/v2\/comments?post=1351"}],"wp:featuredmedia":[{"embeddable":true,"href":"https:\/\/torebunia.pl\/sklep\/wp-json\/wp\/v2\/media\/1352"}],"wp:attachment":[{"href":"https:\/\/torebunia.pl\/sklep\/wp-json\/wp\/v2\/media?parent=1351"}],"curies":[{"name":"wp","href":"https:\/\/api.w.org\/{rel}","templated":true}]}}