{"id":1347,"date":"2020-04-13T16:27:35","date_gmt":"2020-04-13T16:27:35","guid":{"rendered":"https:\/\/torebunia.pl\/sklep\/produkt\/only-bluza\/"},"modified":"2021-01-27T11:32:28","modified_gmt":"2021-01-27T11:32:28","slug":"only-bluza","status":"publish","type":"product","link":"https:\/\/torebunia.pl\/sklep\/produkt\/only-bluza\/","title":{"rendered":"Only &#8211; Bluza"},"content":{"rendered":"<p>Parametry produktu:<\/p>\n<ul>\n<li>cena: <strong>129.9 PLN<\/strong><\/li>\n<li>marka: <strong>Only<\/strong><\/li>\n<li>p\u0142e\u0107: <strong>Female<\/strong><\/li>\n<li>kategoria: <strong>ONA \/ Odzie\u017c \/ Bluzy \/ Przez g\u0142ow\u0119<\/strong><\/li>\n<li>kolor: <strong>bia\u0142y<\/strong><\/li>\n<\/ul>\n<p>Opis:<br \/>\nBluza z kolekcji Only. Model wykonany z wzorzystej dzianiny. &#8211; Prosty fason. &#8211; Okr\u0105g\u0142y dekolt. &#8211; Obni\u017cona linia ramion. &#8211; Wzorzysta dzianina. &#8211; U do\u0142u troczki. &#8211; D\u0142ugo\u015b\u0107 r\u0119kawa(mierzona od dekoltu): 69 cm. &#8211; Szeroko\u015b\u0107 pod pachami: 53 cm. &#8211; D\u0142ugo\u015b\u0107: 50 cm. &#8211; Wymiary podane dla rozmiaru: S. Wz\u00f3r: wzorzyste Materia\u0142: bawe\u0142na Kaptur: bez kaptura Sk\u0142ad: Materia\u0142 1: 100 % Bawe\u0142na organiczna, Materia\u0142 2: 100 % Poliester, Materia\u0142 3: 60 % Bawe\u0142na, 40 % Poliester ID produktu: 4901-BLD019 Kod producenta: 15198637<\/p>\n","protected":false},"excerpt":{"rendered":"<p>Parametry produktu: cena: 129.9 PLN marka: Only p\u0142e\u0107: Female kategoria: ONA \/ Odzie\u017c \/ Bluzy \/ Przez g\u0142ow\u0119 kolor: bia\u0142y Opis: Bluza z kolekcji Only. Model wykonany z wzorzystej dzianiny.<\/p>\n","protected":false},"featured_media":1348,"comment_status":"closed","ping_status":"open","template":"","meta":[],"class_list":{"0":"post-1347","1":"product","2":"type-product","3":"status-publish","5":"hentry","6":"product_cat-bluzy","7":"product_cat-odziez","8":"product_cat-ona","9":"product_cat-przez-glowe","10":"product_tag-only","11":"product_tag-only-bluza"},"yoast_head":"<!-- This site is optimized with the Yoast SEO plugin v15.6.2 - https:\/\/yoast.com\/wordpress\/plugins\/seo\/ -->\n<title>Only - Bluza<\/title>\n<meta name=\"robots\" content=\"index, follow, max-snippet:-1, max-image-preview:large, max-video-preview:-1\" \/>\n<link rel=\"canonical\" href=\"https:\/\/torebunia.pl\/sklep\/produkt\/only-bluza\/\" \/>\n<meta property=\"og:locale\" content=\"pl_PL\" \/>\n<meta property=\"og:type\" content=\"article\" \/>\n<meta property=\"og:title\" content=\"Only - Bluza\" \/>\n<meta property=\"og:description\" content=\"Parametry produktu: cena: 129.9 PLN marka: Only p\u0142e\u0107: Female kategoria: ONA \/ Odzie\u017c \/ Bluzy \/ Przez g\u0142ow\u0119 kolor: bia\u0142y Opis: Bluza z kolekcji Only. Model wykonany z wzorzystej dzianiny.\" \/>\n<meta property=\"og:url\" content=\"https:\/\/torebunia.pl\/sklep\/produkt\/only-bluza\/\" \/>\n<meta property=\"og:site_name\" content=\"Moje Blog\" \/>\n<meta property=\"article:modified_time\" content=\"2021-01-27T11:32:28+00:00\" \/>\n<meta property=\"og:image\" content=\"https:\/\/torebunia.pl\/sklep\/wp-content\/uploads\/2021\/01\/e8df51ff01c2de10c576d4912156c1b4328c8e94.jpg\" \/>\n\t<meta property=\"og:image:width\" content=\"855\" \/>\n\t<meta property=\"og:image:height\" content=\"1290\" \/>\n<meta name=\"twitter:card\" content=\"summary_large_image\" \/>\n<meta name=\"twitter:label1\" content=\"Est. reading time\">\n\t<meta name=\"twitter:data1\" content=\"1 minuta\">\n<script type=\"application\/ld+json\" class=\"yoast-schema-graph\">{\"@context\":\"https:\/\/schema.org\",\"@graph\":[{\"@type\":\"WebSite\",\"@id\":\"https:\/\/torebunia.pl\/sklep\/#website\",\"url\":\"https:\/\/torebunia.pl\/sklep\/\",\"name\":\"Moje Blog\",\"description\":\"Kolejna witryna WordPress\",\"potentialAction\":[{\"@type\":\"SearchAction\",\"target\":\"https:\/\/torebunia.pl\/sklep\/?s={search_term_string}\",\"query-input\":\"required name=search_term_string\"}],\"inLanguage\":\"pl-PL\"},{\"@type\":\"ImageObject\",\"@id\":\"https:\/\/torebunia.pl\/sklep\/produkt\/only-bluza\/#primaryimage\",\"inLanguage\":\"pl-PL\",\"url\":\"https:\/\/torebunia.pl\/sklep\/wp-content\/uploads\/2021\/01\/e8df51ff01c2de10c576d4912156c1b4328c8e94.jpg\",\"width\":855,\"height\":1290,\"caption\":\"Only - Bluza\"},{\"@type\":\"WebPage\",\"@id\":\"https:\/\/torebunia.pl\/sklep\/produkt\/only-bluza\/#webpage\",\"url\":\"https:\/\/torebunia.pl\/sklep\/produkt\/only-bluza\/\",\"name\":\"Only - Bluza\",\"isPartOf\":{\"@id\":\"https:\/\/torebunia.pl\/sklep\/#website\"},\"primaryImageOfPage\":{\"@id\":\"https:\/\/torebunia.pl\/sklep\/produkt\/only-bluza\/#primaryimage\"},\"datePublished\":\"2020-04-13T16:27:35+00:00\",\"dateModified\":\"2021-01-27T11:32:28+00:00\",\"inLanguage\":\"pl-PL\",\"potentialAction\":[{\"@type\":\"ReadAction\",\"target\":[\"https:\/\/torebunia.pl\/sklep\/produkt\/only-bluza\/\"]}]}]}<\/script>\n<!-- \/ Yoast SEO plugin. -->","_links":{"self":[{"href":"https:\/\/torebunia.pl\/sklep\/wp-json\/wp\/v2\/product\/1347","targetHints":{"allow":["GET"]}}],"collection":[{"href":"https:\/\/torebunia.pl\/sklep\/wp-json\/wp\/v2\/product"}],"about":[{"href":"https:\/\/torebunia.pl\/sklep\/wp-json\/wp\/v2\/types\/product"}],"replies":[{"embeddable":true,"href":"https:\/\/torebunia.pl\/sklep\/wp-json\/wp\/v2\/comments?post=1347"}],"wp:featuredmedia":[{"embeddable":true,"href":"https:\/\/torebunia.pl\/sklep\/wp-json\/wp\/v2\/media\/1348"}],"wp:attachment":[{"href":"https:\/\/torebunia.pl\/sklep\/wp-json\/wp\/v2\/media?parent=1347"}],"curies":[{"name":"wp","href":"https:\/\/api.w.org\/{rel}","templated":true}]}}