{"id":13459,"date":"2021-01-18T21:49:45","date_gmt":"2021-01-18T21:49:45","guid":{"rendered":"https:\/\/torebunia.pl\/sklep\/produkt\/answear-espadryle-simius-2\/"},"modified":"2021-01-25T19:55:36","modified_gmt":"2021-01-25T19:55:36","slug":"answear-espadryle-simius-2","status":"publish","type":"product","link":"https:\/\/torebunia.pl\/sklep\/produkt\/answear-espadryle-simius-2\/","title":{"rendered":"Answear &#8211; Espadryle Simius"},"content":{"rendered":"<p>Parametry produktu:<\/p>\n<ul>\n<li>cena: <strong>119.9 PLN<\/strong><\/li>\n<li>marka: <strong>ANSWEAR<\/strong><\/li>\n<li>p\u0142e\u0107: <strong>Female<\/strong><\/li>\n<li>kategoria: <strong>ONA \/ Obuwie \/ Espadryle<\/strong><\/li>\n<li>kolor: <strong>czerwony<\/strong><\/li>\n<\/ul>\n<p>Opis:<br \/>\nEspadryle z kolekcji Answear. Model wykonany z imitacji zamszu. &#8211; Mi\u0119kki nosek. &#8211; Zapi\u0119cie na klamr\u0119 ze szpilk\u0105. &#8211; G\u0142adki materia\u0142. &#8211; Gumowa podeszwa. &#8211; Model na koturnie. &#8211; Wysoko\u015b\u0107 koturna: 8 cm. &#8211; D\u0142ugo\u015b\u0107 wk\u0142adki wynosi: 23 cm. &#8211; Wymiary podane dla rozmiaru: 37. Materia\u0142: tekstylny Obcas: koturn Materia\u0142: imitacja zamszu Sk\u0142ad: Cholewka: Materia\u0142 tekstylny, Wn\u0119trze: Materia\u0142 syntetyczny, Materia\u0142 tekstylny, Podeszwa: Materia\u0142 syntetyczny ID produktu: -100-OBD0AH Kod producenta: Y99817B.W<\/p>\n","protected":false},"excerpt":{"rendered":"<p>Parametry produktu: cena: 119.9 PLN marka: ANSWEAR p\u0142e\u0107: Female kategoria: ONA \/ Obuwie \/ Espadryle kolor: czerwony Opis: Espadryle z kolekcji Answear. Model wykonany z imitacji zamszu. &#8211; Mi\u0119kki nosek.<\/p>\n","protected":false},"featured_media":13460,"comment_status":"closed","ping_status":"open","template":"","meta":[],"class_list":{"0":"post-13459","1":"product","2":"type-product","3":"status-publish","5":"hentry","6":"product_cat-espadryle","7":"product_cat-obuwie","8":"product_cat-ona","9":"product_tag-answear","10":"product_tag-answear-espadryle-simius"},"yoast_head":"<!-- This site is optimized with the Yoast SEO plugin v15.6.2 - https:\/\/yoast.com\/wordpress\/plugins\/seo\/ -->\n<title>Answear - Espadryle Simius<\/title>\n<meta name=\"robots\" content=\"index, follow, max-snippet:-1, max-image-preview:large, max-video-preview:-1\" \/>\n<link rel=\"canonical\" href=\"https:\/\/torebunia.pl\/sklep\/produkt\/answear-espadryle-simius-2\/\" \/>\n<meta property=\"og:locale\" content=\"pl_PL\" \/>\n<meta property=\"og:type\" content=\"article\" \/>\n<meta property=\"og:title\" content=\"Answear - Espadryle Simius\" \/>\n<meta property=\"og:description\" content=\"Parametry produktu: cena: 119.9 PLN marka: ANSWEAR p\u0142e\u0107: Female kategoria: ONA \/ Obuwie \/ Espadryle kolor: czerwony Opis: Espadryle z kolekcji Answear. Model wykonany z imitacji zamszu. &#8211; Mi\u0119kki nosek.\" \/>\n<meta property=\"og:url\" content=\"https:\/\/torebunia.pl\/sklep\/produkt\/answear-espadryle-simius-2\/\" \/>\n<meta property=\"og:site_name\" content=\"Moje Blog\" \/>\n<meta property=\"article:modified_time\" content=\"2021-01-25T19:55:36+00:00\" \/>\n<meta property=\"og:image\" content=\"https:\/\/torebunia.pl\/sklep\/wp-content\/uploads\/2021\/01\/5dc982dca412c32886aa4f07cf5e5f4fec5ffe01.jpg\" \/>\n\t<meta property=\"og:image:width\" content=\"855\" \/>\n\t<meta property=\"og:image:height\" content=\"1290\" \/>\n<meta name=\"twitter:card\" content=\"summary_large_image\" \/>\n<script type=\"application\/ld+json\" class=\"yoast-schema-graph\">{\"@context\":\"https:\/\/schema.org\",\"@graph\":[{\"@type\":\"WebSite\",\"@id\":\"https:\/\/torebunia.pl\/sklep\/#website\",\"url\":\"https:\/\/torebunia.pl\/sklep\/\",\"name\":\"Moje Blog\",\"description\":\"Kolejna witryna WordPress\",\"potentialAction\":[{\"@type\":\"SearchAction\",\"target\":\"https:\/\/torebunia.pl\/sklep\/?s={search_term_string}\",\"query-input\":\"required name=search_term_string\"}],\"inLanguage\":\"pl-PL\"},{\"@type\":\"ImageObject\",\"@id\":\"https:\/\/torebunia.pl\/sklep\/produkt\/answear-espadryle-simius-2\/#primaryimage\",\"inLanguage\":\"pl-PL\",\"url\":\"https:\/\/torebunia.pl\/sklep\/wp-content\/uploads\/2021\/01\/5dc982dca412c32886aa4f07cf5e5f4fec5ffe01.jpg\",\"width\":855,\"height\":1290,\"caption\":\"Answear - Espadryle Simius\"},{\"@type\":\"WebPage\",\"@id\":\"https:\/\/torebunia.pl\/sklep\/produkt\/answear-espadryle-simius-2\/#webpage\",\"url\":\"https:\/\/torebunia.pl\/sklep\/produkt\/answear-espadryle-simius-2\/\",\"name\":\"Answear - Espadryle Simius\",\"isPartOf\":{\"@id\":\"https:\/\/torebunia.pl\/sklep\/#website\"},\"primaryImageOfPage\":{\"@id\":\"https:\/\/torebunia.pl\/sklep\/produkt\/answear-espadryle-simius-2\/#primaryimage\"},\"datePublished\":\"2021-01-18T21:49:45+00:00\",\"dateModified\":\"2021-01-25T19:55:36+00:00\",\"inLanguage\":\"pl-PL\",\"potentialAction\":[{\"@type\":\"ReadAction\",\"target\":[\"https:\/\/torebunia.pl\/sklep\/produkt\/answear-espadryle-simius-2\/\"]}]}]}<\/script>\n<!-- \/ Yoast SEO plugin. -->","_links":{"self":[{"href":"https:\/\/torebunia.pl\/sklep\/wp-json\/wp\/v2\/product\/13459","targetHints":{"allow":["GET"]}}],"collection":[{"href":"https:\/\/torebunia.pl\/sklep\/wp-json\/wp\/v2\/product"}],"about":[{"href":"https:\/\/torebunia.pl\/sklep\/wp-json\/wp\/v2\/types\/product"}],"replies":[{"embeddable":true,"href":"https:\/\/torebunia.pl\/sklep\/wp-json\/wp\/v2\/comments?post=13459"}],"wp:featuredmedia":[{"embeddable":true,"href":"https:\/\/torebunia.pl\/sklep\/wp-json\/wp\/v2\/media\/13460"}],"wp:attachment":[{"href":"https:\/\/torebunia.pl\/sklep\/wp-json\/wp\/v2\/media?parent=13459"}],"curies":[{"name":"wp","href":"https:\/\/api.w.org\/{rel}","templated":true}]}}