{"id":13445,"date":"2020-07-05T23:46:17","date_gmt":"2020-07-05T23:46:17","guid":{"rendered":"https:\/\/torebunia.pl\/sklep\/produkt\/dkny-spodnica-4\/"},"modified":"2021-01-27T13:59:53","modified_gmt":"2021-01-27T13:59:53","slug":"dkny-spodnica-4","status":"publish","type":"product","link":"https:\/\/torebunia.pl\/sklep\/produkt\/dkny-spodnica-4\/","title":{"rendered":"Dkny &#8211; Sp\u00f3dnica"},"content":{"rendered":"<p>Parametry produktu:<\/p>\n<ul>\n<li>cena: <strong>499.9 PLN<\/strong><\/li>\n<li>marka: <strong>DKNY<\/strong><\/li>\n<li>p\u0142e\u0107: <strong>Female<\/strong><\/li>\n<li>kategoria: <strong>ONA \/ Odzie\u017c \/ Sp\u00f3dnice<\/strong><\/li>\n<li>kolor: <strong>czarny<\/strong><\/li>\n<\/ul>\n<p>Opis:<br \/>\nSp\u00f3dnica z kolekcji Dkny. Model o rozkloszowanym kroju, wykonany z sk\u00f3ry ekologicznej. &#8211; Rozkloszowany fason. &#8211; Elastyczna listwa w pasie. &#8211; G\u0142adka tkanina. &#8211; Plisowany model. Wz\u00f3r: g\u0142adkie Materia\u0142: tkanina D\u0142ugo\u015b\u0107: mini Okazje: casual Fason: rozkloszowany Sk\u0142ad: Podszewka: 100 % Poliester, Materia\u0142 zasadniczy: 100 % Poliuretan ID produktu: 4900-SDD0AT Kod producenta: P0GNXG1I<\/p>\n","protected":false},"excerpt":{"rendered":"<p>Parametry produktu: cena: 499.9 PLN marka: DKNY p\u0142e\u0107: Female kategoria: ONA \/ Odzie\u017c \/ Sp\u00f3dnice kolor: czarny Opis: Sp\u00f3dnica z kolekcji Dkny. Model o rozkloszowanym kroju, wykonany z sk\u00f3ry ekologicznej.<\/p>\n","protected":false},"featured_media":13446,"comment_status":"closed","ping_status":"open","template":"","meta":[],"class_list":{"0":"post-13445","1":"product","2":"type-product","3":"status-publish","5":"hentry","6":"product_cat-odziez","7":"product_cat-ona","8":"product_cat-spodnice","9":"product_tag-dkny","10":"product_tag-dkny-spodnica"},"yoast_head":"<!-- This site is optimized with the Yoast SEO plugin v15.6.2 - https:\/\/yoast.com\/wordpress\/plugins\/seo\/ -->\n<title>Dkny - Sp\u00f3dnica<\/title>\n<meta name=\"robots\" content=\"index, follow, max-snippet:-1, max-image-preview:large, max-video-preview:-1\" \/>\n<link rel=\"canonical\" href=\"https:\/\/torebunia.pl\/sklep\/produkt\/dkny-spodnica-4\/\" \/>\n<meta property=\"og:locale\" content=\"pl_PL\" \/>\n<meta property=\"og:type\" content=\"article\" \/>\n<meta property=\"og:title\" content=\"Dkny - Sp\u00f3dnica\" \/>\n<meta property=\"og:description\" content=\"Parametry produktu: cena: 499.9 PLN marka: DKNY p\u0142e\u0107: Female kategoria: ONA \/ Odzie\u017c \/ Sp\u00f3dnice kolor: czarny Opis: Sp\u00f3dnica z kolekcji Dkny. Model o rozkloszowanym kroju, wykonany z sk\u00f3ry ekologicznej.\" \/>\n<meta property=\"og:url\" content=\"https:\/\/torebunia.pl\/sklep\/produkt\/dkny-spodnica-4\/\" \/>\n<meta property=\"og:site_name\" content=\"Moje Blog\" \/>\n<meta property=\"article:modified_time\" content=\"2021-01-27T13:59:53+00:00\" \/>\n<meta property=\"og:image\" content=\"https:\/\/torebunia.pl\/sklep\/wp-content\/uploads\/2021\/01\/51c953a7ef239c9a149f34f24ff0b7722e1167b1-1.jpg\" \/>\n\t<meta property=\"og:image:width\" content=\"855\" \/>\n\t<meta property=\"og:image:height\" content=\"1290\" \/>\n<meta name=\"twitter:card\" content=\"summary_large_image\" \/>\n<script type=\"application\/ld+json\" class=\"yoast-schema-graph\">{\"@context\":\"https:\/\/schema.org\",\"@graph\":[{\"@type\":\"WebSite\",\"@id\":\"https:\/\/torebunia.pl\/sklep\/#website\",\"url\":\"https:\/\/torebunia.pl\/sklep\/\",\"name\":\"Moje Blog\",\"description\":\"Kolejna witryna WordPress\",\"potentialAction\":[{\"@type\":\"SearchAction\",\"target\":\"https:\/\/torebunia.pl\/sklep\/?s={search_term_string}\",\"query-input\":\"required name=search_term_string\"}],\"inLanguage\":\"pl-PL\"},{\"@type\":\"ImageObject\",\"@id\":\"https:\/\/torebunia.pl\/sklep\/produkt\/dkny-spodnica-4\/#primaryimage\",\"inLanguage\":\"pl-PL\",\"url\":\"https:\/\/torebunia.pl\/sklep\/wp-content\/uploads\/2021\/01\/51c953a7ef239c9a149f34f24ff0b7722e1167b1-1.jpg\",\"width\":855,\"height\":1290,\"caption\":\"Dkny - Sp\\u00f3dnica\"},{\"@type\":\"WebPage\",\"@id\":\"https:\/\/torebunia.pl\/sklep\/produkt\/dkny-spodnica-4\/#webpage\",\"url\":\"https:\/\/torebunia.pl\/sklep\/produkt\/dkny-spodnica-4\/\",\"name\":\"Dkny - Sp\\u00f3dnica\",\"isPartOf\":{\"@id\":\"https:\/\/torebunia.pl\/sklep\/#website\"},\"primaryImageOfPage\":{\"@id\":\"https:\/\/torebunia.pl\/sklep\/produkt\/dkny-spodnica-4\/#primaryimage\"},\"datePublished\":\"2020-07-05T23:46:17+00:00\",\"dateModified\":\"2021-01-27T13:59:53+00:00\",\"inLanguage\":\"pl-PL\",\"potentialAction\":[{\"@type\":\"ReadAction\",\"target\":[\"https:\/\/torebunia.pl\/sklep\/produkt\/dkny-spodnica-4\/\"]}]}]}<\/script>\n<!-- \/ Yoast SEO plugin. -->","_links":{"self":[{"href":"https:\/\/torebunia.pl\/sklep\/wp-json\/wp\/v2\/product\/13445","targetHints":{"allow":["GET"]}}],"collection":[{"href":"https:\/\/torebunia.pl\/sklep\/wp-json\/wp\/v2\/product"}],"about":[{"href":"https:\/\/torebunia.pl\/sklep\/wp-json\/wp\/v2\/types\/product"}],"replies":[{"embeddable":true,"href":"https:\/\/torebunia.pl\/sklep\/wp-json\/wp\/v2\/comments?post=13445"}],"wp:featuredmedia":[{"embeddable":true,"href":"https:\/\/torebunia.pl\/sklep\/wp-json\/wp\/v2\/media\/13446"}],"wp:attachment":[{"href":"https:\/\/torebunia.pl\/sklep\/wp-json\/wp\/v2\/media?parent=13445"}],"curies":[{"name":"wp","href":"https:\/\/api.w.org\/{rel}","templated":true}]}}