{"id":13433,"date":"2020-11-16T18:11:13","date_gmt":"2020-11-16T18:11:13","guid":{"rendered":"https:\/\/torebunia.pl\/sklep\/produkt\/tommy-hilfiger-koszula\/"},"modified":"2021-01-25T19:54:48","modified_gmt":"2021-01-25T19:54:48","slug":"tommy-hilfiger-koszula","status":"publish","type":"product","link":"https:\/\/torebunia.pl\/sklep\/produkt\/tommy-hilfiger-koszula\/","title":{"rendered":"Tommy Hilfiger &#8211; Koszula"},"content":{"rendered":"<p>Parametry produktu:<\/p>\n<ul>\n<li>cena: <strong>399.9 PLN<\/strong><\/li>\n<li>marka: <strong>Tommy Hilfiger<\/strong><\/li>\n<li>p\u0142e\u0107: <strong>Female<\/strong><\/li>\n<li>kategoria: <strong>ONA \/ Odzie\u017c \/ Bluzki i koszule \/ Koszule<\/strong><\/li>\n<li>kolor: <strong>r\u00f3\u017cowy<\/strong><\/li>\n<\/ul>\n<p>Opis:<br \/>\nKoszula z kolekcji Tommy Hilfiger. Model wykonany z wzorzystej tkaniny. &#8211; D\u0142ugie zapi\u0119cie na guziki. &#8211; R\u0119kawy z zapinanymi mankietami. &#8211; Wzorzysta tkanina. &#8211; Prosty fason. &#8211; D\u0142ugo\u015b\u0107 r\u0119kawa: 59 cm. &#8211; D\u0142ugo\u015b\u0107: 65 cm. &#8211; Szeroko\u015b\u0107 pod pachami: 44 cm. &#8211; Szeroko\u015b\u0107 w ramionach: 38 cm. &#8211; Wymiary podane dla rozmiaru: 36. Wz\u00f3r: wzorzyste Fason: regular R\u0119kaw: d\u0142ugi Wz\u00f3r: pasy Materia\u0142: z elastanem Ko\u0142nierzyk: klasyczny Okazje: casual Sk\u0142ad: 79 % Bawe\u0142na, 4 % Elastan, 17 % Poliester ID produktu: 4901-KDD029 Kod producenta: WW0WW27388<\/p>\n","protected":false},"excerpt":{"rendered":"<p>Parametry produktu: cena: 399.9 PLN marka: Tommy Hilfiger p\u0142e\u0107: Female kategoria: ONA \/ Odzie\u017c \/ Bluzki i koszule \/ Koszule kolor: r\u00f3\u017cowy Opis: Koszula z kolekcji Tommy Hilfiger. Model wykonany<\/p>\n","protected":false},"featured_media":13434,"comment_status":"closed","ping_status":"open","template":"","meta":[],"class_list":{"0":"post-13433","1":"product","2":"type-product","3":"status-publish","5":"hentry","6":"product_cat-bluzki-i-koszule","7":"product_cat-koszule","8":"product_cat-odziez","9":"product_cat-ona","10":"product_tag-tommy-hilfiger","11":"product_tag-tommy-hilfiger-koszula"},"yoast_head":"<!-- This site is optimized with the Yoast SEO plugin v15.6.2 - https:\/\/yoast.com\/wordpress\/plugins\/seo\/ -->\n<title>Tommy Hilfiger - Koszula<\/title>\n<meta name=\"robots\" content=\"index, follow, max-snippet:-1, max-image-preview:large, max-video-preview:-1\" \/>\n<link rel=\"canonical\" href=\"https:\/\/torebunia.pl\/sklep\/produkt\/tommy-hilfiger-koszula\/\" \/>\n<meta property=\"og:locale\" content=\"pl_PL\" \/>\n<meta property=\"og:type\" content=\"article\" \/>\n<meta property=\"og:title\" content=\"Tommy Hilfiger - Koszula\" \/>\n<meta property=\"og:description\" content=\"Parametry produktu: cena: 399.9 PLN marka: Tommy Hilfiger p\u0142e\u0107: Female kategoria: ONA \/ Odzie\u017c \/ Bluzki i koszule \/ Koszule kolor: r\u00f3\u017cowy Opis: Koszula z kolekcji Tommy Hilfiger. Model wykonany\" \/>\n<meta property=\"og:url\" content=\"https:\/\/torebunia.pl\/sklep\/produkt\/tommy-hilfiger-koszula\/\" \/>\n<meta property=\"og:site_name\" content=\"Moje Blog\" \/>\n<meta property=\"article:modified_time\" content=\"2021-01-25T19:54:48+00:00\" \/>\n<meta property=\"og:image\" content=\"https:\/\/torebunia.pl\/sklep\/wp-content\/uploads\/2021\/01\/70f6781e122c98fbb3ac9479de064d5c209afa5c.jpg\" \/>\n\t<meta property=\"og:image:width\" content=\"855\" \/>\n\t<meta property=\"og:image:height\" content=\"1290\" \/>\n<meta name=\"twitter:card\" content=\"summary_large_image\" \/>\n<meta name=\"twitter:label1\" content=\"Est. reading time\">\n\t<meta name=\"twitter:data1\" content=\"1 minuta\">\n<script type=\"application\/ld+json\" class=\"yoast-schema-graph\">{\"@context\":\"https:\/\/schema.org\",\"@graph\":[{\"@type\":\"WebSite\",\"@id\":\"https:\/\/torebunia.pl\/sklep\/#website\",\"url\":\"https:\/\/torebunia.pl\/sklep\/\",\"name\":\"Moje Blog\",\"description\":\"Kolejna witryna WordPress\",\"potentialAction\":[{\"@type\":\"SearchAction\",\"target\":\"https:\/\/torebunia.pl\/sklep\/?s={search_term_string}\",\"query-input\":\"required name=search_term_string\"}],\"inLanguage\":\"pl-PL\"},{\"@type\":\"ImageObject\",\"@id\":\"https:\/\/torebunia.pl\/sklep\/produkt\/tommy-hilfiger-koszula\/#primaryimage\",\"inLanguage\":\"pl-PL\",\"url\":\"https:\/\/torebunia.pl\/sklep\/wp-content\/uploads\/2021\/01\/70f6781e122c98fbb3ac9479de064d5c209afa5c.jpg\",\"width\":855,\"height\":1290,\"caption\":\"Tommy Hilfiger - Koszula\"},{\"@type\":\"WebPage\",\"@id\":\"https:\/\/torebunia.pl\/sklep\/produkt\/tommy-hilfiger-koszula\/#webpage\",\"url\":\"https:\/\/torebunia.pl\/sklep\/produkt\/tommy-hilfiger-koszula\/\",\"name\":\"Tommy Hilfiger - Koszula\",\"isPartOf\":{\"@id\":\"https:\/\/torebunia.pl\/sklep\/#website\"},\"primaryImageOfPage\":{\"@id\":\"https:\/\/torebunia.pl\/sklep\/produkt\/tommy-hilfiger-koszula\/#primaryimage\"},\"datePublished\":\"2020-11-16T18:11:13+00:00\",\"dateModified\":\"2021-01-25T19:54:48+00:00\",\"inLanguage\":\"pl-PL\",\"potentialAction\":[{\"@type\":\"ReadAction\",\"target\":[\"https:\/\/torebunia.pl\/sklep\/produkt\/tommy-hilfiger-koszula\/\"]}]}]}<\/script>\n<!-- \/ Yoast SEO plugin. -->","_links":{"self":[{"href":"https:\/\/torebunia.pl\/sklep\/wp-json\/wp\/v2\/product\/13433","targetHints":{"allow":["GET"]}}],"collection":[{"href":"https:\/\/torebunia.pl\/sklep\/wp-json\/wp\/v2\/product"}],"about":[{"href":"https:\/\/torebunia.pl\/sklep\/wp-json\/wp\/v2\/types\/product"}],"replies":[{"embeddable":true,"href":"https:\/\/torebunia.pl\/sklep\/wp-json\/wp\/v2\/comments?post=13433"}],"wp:featuredmedia":[{"embeddable":true,"href":"https:\/\/torebunia.pl\/sklep\/wp-json\/wp\/v2\/media\/13434"}],"wp:attachment":[{"href":"https:\/\/torebunia.pl\/sklep\/wp-json\/wp\/v2\/media?parent=13433"}],"curies":[{"name":"wp","href":"https:\/\/api.w.org\/{rel}","templated":true}]}}