{"id":13401,"date":"2020-05-30T08:13:23","date_gmt":"2020-05-30T08:13:23","guid":{"rendered":"https:\/\/torebunia.pl\/sklep\/produkt\/mango-pasek-go\/"},"modified":"2021-01-27T13:59:39","modified_gmt":"2021-01-27T13:59:39","slug":"mango-pasek-go","status":"publish","type":"product","link":"https:\/\/torebunia.pl\/sklep\/produkt\/mango-pasek-go\/","title":{"rendered":"Mango &#8211; Pasek Go"},"content":{"rendered":"<p>Parametry produktu:<\/p>\n<ul>\n<li>cena: <strong>69.99 PLN<\/strong><\/li>\n<li>marka: <strong>Mango<\/strong><\/li>\n<li>p\u0142e\u0107: <strong>Female<\/strong><\/li>\n<li>kategoria: <strong>ONA \/ Akcesoria \/ Paski<\/strong><\/li>\n<li>kolor: <strong>czarny<\/strong><\/li>\n<\/ul>\n<p>Opis:<br \/>\nPasek z kolekcji Mango. Model wykonany ze sk\u00f3ry ekologicznej. Materia\u0142: imitacja sk\u00f3ry licowej Sk\u0142ad: Materia\u0142 zasadniczy: 100 % Poliuretan, Wyko\u0144czenie: 100 % Cynk ID produktu: -100-PAD00J Kod producenta: 77016323<\/p>\n","protected":false},"excerpt":{"rendered":"<p>Parametry produktu: cena: 69.99 PLN marka: Mango p\u0142e\u0107: Female kategoria: ONA \/ Akcesoria \/ Paski kolor: czarny Opis: Pasek z kolekcji Mango. Model wykonany ze sk\u00f3ry ekologicznej. Materia\u0142: imitacja sk\u00f3ry<\/p>\n","protected":false},"featured_media":13402,"comment_status":"closed","ping_status":"open","template":"","meta":[],"class_list":{"0":"post-13401","1":"product","2":"type-product","3":"status-publish","5":"hentry","6":"product_cat-akcesoria","7":"product_cat-ona","8":"product_cat-paski","9":"product_tag-mango","10":"product_tag-mango-pasek-go"},"yoast_head":"<!-- This site is optimized with the Yoast SEO plugin v15.6.2 - https:\/\/yoast.com\/wordpress\/plugins\/seo\/ -->\n<title>Mango - Pasek Go<\/title>\n<meta name=\"robots\" content=\"index, follow, max-snippet:-1, max-image-preview:large, max-video-preview:-1\" \/>\n<link rel=\"canonical\" href=\"https:\/\/torebunia.pl\/sklep\/produkt\/mango-pasek-go\/\" \/>\n<meta property=\"og:locale\" content=\"pl_PL\" \/>\n<meta property=\"og:type\" content=\"article\" \/>\n<meta property=\"og:title\" content=\"Mango - Pasek Go\" \/>\n<meta property=\"og:description\" content=\"Parametry produktu: cena: 69.99 PLN marka: Mango p\u0142e\u0107: Female kategoria: ONA \/ Akcesoria \/ Paski kolor: czarny Opis: Pasek z kolekcji Mango. Model wykonany ze sk\u00f3ry ekologicznej. Materia\u0142: imitacja sk\u00f3ry\" \/>\n<meta property=\"og:url\" content=\"https:\/\/torebunia.pl\/sklep\/produkt\/mango-pasek-go\/\" \/>\n<meta property=\"og:site_name\" content=\"Moje Blog\" \/>\n<meta property=\"article:modified_time\" content=\"2021-01-27T13:59:39+00:00\" \/>\n<meta property=\"og:image\" content=\"https:\/\/torebunia.pl\/sklep\/wp-content\/uploads\/2021\/01\/2fdd53636af77524d9959cd9e7d802cc6975da1a.jpg\" \/>\n\t<meta property=\"og:image:width\" content=\"855\" \/>\n\t<meta property=\"og:image:height\" content=\"1290\" \/>\n<meta name=\"twitter:card\" content=\"summary_large_image\" \/>\n<script type=\"application\/ld+json\" class=\"yoast-schema-graph\">{\"@context\":\"https:\/\/schema.org\",\"@graph\":[{\"@type\":\"WebSite\",\"@id\":\"https:\/\/torebunia.pl\/sklep\/#website\",\"url\":\"https:\/\/torebunia.pl\/sklep\/\",\"name\":\"Moje Blog\",\"description\":\"Kolejna witryna WordPress\",\"potentialAction\":[{\"@type\":\"SearchAction\",\"target\":\"https:\/\/torebunia.pl\/sklep\/?s={search_term_string}\",\"query-input\":\"required name=search_term_string\"}],\"inLanguage\":\"pl-PL\"},{\"@type\":\"ImageObject\",\"@id\":\"https:\/\/torebunia.pl\/sklep\/produkt\/mango-pasek-go\/#primaryimage\",\"inLanguage\":\"pl-PL\",\"url\":\"https:\/\/torebunia.pl\/sklep\/wp-content\/uploads\/2021\/01\/2fdd53636af77524d9959cd9e7d802cc6975da1a.jpg\",\"width\":855,\"height\":1290,\"caption\":\"Mango - Pasek Go\"},{\"@type\":\"WebPage\",\"@id\":\"https:\/\/torebunia.pl\/sklep\/produkt\/mango-pasek-go\/#webpage\",\"url\":\"https:\/\/torebunia.pl\/sklep\/produkt\/mango-pasek-go\/\",\"name\":\"Mango - Pasek Go\",\"isPartOf\":{\"@id\":\"https:\/\/torebunia.pl\/sklep\/#website\"},\"primaryImageOfPage\":{\"@id\":\"https:\/\/torebunia.pl\/sklep\/produkt\/mango-pasek-go\/#primaryimage\"},\"datePublished\":\"2020-05-30T08:13:23+00:00\",\"dateModified\":\"2021-01-27T13:59:39+00:00\",\"inLanguage\":\"pl-PL\",\"potentialAction\":[{\"@type\":\"ReadAction\",\"target\":[\"https:\/\/torebunia.pl\/sklep\/produkt\/mango-pasek-go\/\"]}]}]}<\/script>\n<!-- \/ Yoast SEO plugin. -->","_links":{"self":[{"href":"https:\/\/torebunia.pl\/sklep\/wp-json\/wp\/v2\/product\/13401","targetHints":{"allow":["GET"]}}],"collection":[{"href":"https:\/\/torebunia.pl\/sklep\/wp-json\/wp\/v2\/product"}],"about":[{"href":"https:\/\/torebunia.pl\/sklep\/wp-json\/wp\/v2\/types\/product"}],"replies":[{"embeddable":true,"href":"https:\/\/torebunia.pl\/sklep\/wp-json\/wp\/v2\/comments?post=13401"}],"wp:featuredmedia":[{"embeddable":true,"href":"https:\/\/torebunia.pl\/sklep\/wp-json\/wp\/v2\/media\/13402"}],"wp:attachment":[{"href":"https:\/\/torebunia.pl\/sklep\/wp-json\/wp\/v2\/media?parent=13401"}],"curies":[{"name":"wp","href":"https:\/\/api.w.org\/{rel}","templated":true}]}}