{"id":1317,"date":"2021-01-01T23:41:32","date_gmt":"2021-01-01T23:41:32","guid":{"rendered":"https:\/\/torebunia.pl\/sklep\/produkt\/armani-exchange-spodnica\/"},"modified":"2021-01-27T11:32:07","modified_gmt":"2021-01-27T11:32:07","slug":"armani-exchange-spodnica","status":"publish","type":"product","link":"https:\/\/torebunia.pl\/sklep\/produkt\/armani-exchange-spodnica\/","title":{"rendered":"Armani Exchange &#8211; Sp\u00f3dnica"},"content":{"rendered":"<p>Parametry produktu:<\/p>\n<ul>\n<li>cena: <strong>559.9 PLN<\/strong><\/li>\n<li>marka: <strong>Armani Exchange<\/strong><\/li>\n<li>p\u0142e\u0107: <strong>Female<\/strong><\/li>\n<li>kategoria: <strong>ONA \/ Odzie\u017c \/ Sp\u00f3dnice<\/strong><\/li>\n<li>kolor: <strong>czarny<\/strong><\/li>\n<\/ul>\n<p>Opis:<br \/>\nSp\u00f3dnica z kolekcji Armani Exchange. Model o o\u0142\u00f3wkowym kroju, wykonany z materia\u0142u z cekinami. &#8211; O\u0142\u00f3wkowy fason. &#8211; Podwy\u017cszony stan. &#8211; Kryte zapi\u0119cie na suwak. &#8211; Model na podszewce. &#8211; Szeroko\u015b\u0107 w pasie: 34,5 cm. &#8211; D\u0142ugo\u015b\u0107: 46,5 cm. &#8211; Wymiary podane dla rozmiaru: 6. Wz\u00f3r: g\u0142adkie Materia\u0142: dzianina D\u0142ugo\u015b\u0107: mini Materia\u0142: cekiny Fason: o\u0142\u00f3wkowy Okazje: koktajl Sk\u0142ad: Podszewka: 100 % Poliester, Materia\u0142 zasadniczy: 4 % Elastan, 93 % Poliamid, 3 % W\u0142\u00f3kno metaliczne ID produktu: 4901-SDD01Z Kod producenta: 6GYN10.YNMSZ<\/p>\n","protected":false},"excerpt":{"rendered":"<p>Parametry produktu: cena: 559.9 PLN marka: Armani Exchange p\u0142e\u0107: Female kategoria: ONA \/ Odzie\u017c \/ Sp\u00f3dnice kolor: czarny Opis: Sp\u00f3dnica z kolekcji Armani Exchange. Model o o\u0142\u00f3wkowym kroju, wykonany z<\/p>\n","protected":false},"featured_media":1318,"comment_status":"closed","ping_status":"open","template":"","meta":[],"class_list":{"0":"post-1317","1":"product","2":"type-product","3":"status-publish","5":"hentry","6":"product_cat-odziez","7":"product_cat-ona","8":"product_cat-spodnice","9":"product_tag-armani-exchange","10":"product_tag-armani-exchange-spodnica"},"yoast_head":"<!-- This site is optimized with the Yoast SEO plugin v15.6.2 - https:\/\/yoast.com\/wordpress\/plugins\/seo\/ -->\n<title>Armani Exchange - Sp\u00f3dnica<\/title>\n<meta name=\"robots\" content=\"index, follow, max-snippet:-1, max-image-preview:large, max-video-preview:-1\" \/>\n<link rel=\"canonical\" href=\"https:\/\/torebunia.pl\/sklep\/produkt\/armani-exchange-spodnica\/\" \/>\n<meta property=\"og:locale\" content=\"pl_PL\" \/>\n<meta property=\"og:type\" content=\"article\" \/>\n<meta property=\"og:title\" content=\"Armani Exchange - Sp\u00f3dnica\" \/>\n<meta property=\"og:description\" content=\"Parametry produktu: cena: 559.9 PLN marka: Armani Exchange p\u0142e\u0107: Female kategoria: ONA \/ Odzie\u017c \/ Sp\u00f3dnice kolor: czarny Opis: Sp\u00f3dnica z kolekcji Armani Exchange. Model o o\u0142\u00f3wkowym kroju, wykonany z\" \/>\n<meta property=\"og:url\" content=\"https:\/\/torebunia.pl\/sklep\/produkt\/armani-exchange-spodnica\/\" \/>\n<meta property=\"og:site_name\" content=\"Moje Blog\" \/>\n<meta property=\"article:modified_time\" content=\"2021-01-27T11:32:07+00:00\" \/>\n<meta property=\"og:image\" content=\"https:\/\/torebunia.pl\/sklep\/wp-content\/uploads\/2021\/01\/64fe64f4bad3a3cac85d5d706bc9a3c355e21be9.jpg\" \/>\n\t<meta property=\"og:image:width\" content=\"855\" \/>\n\t<meta property=\"og:image:height\" content=\"1290\" \/>\n<meta name=\"twitter:card\" content=\"summary_large_image\" \/>\n<meta name=\"twitter:label1\" content=\"Est. reading time\">\n\t<meta name=\"twitter:data1\" content=\"1 minuta\">\n<script type=\"application\/ld+json\" class=\"yoast-schema-graph\">{\"@context\":\"https:\/\/schema.org\",\"@graph\":[{\"@type\":\"WebSite\",\"@id\":\"https:\/\/torebunia.pl\/sklep\/#website\",\"url\":\"https:\/\/torebunia.pl\/sklep\/\",\"name\":\"Moje Blog\",\"description\":\"Kolejna witryna WordPress\",\"potentialAction\":[{\"@type\":\"SearchAction\",\"target\":\"https:\/\/torebunia.pl\/sklep\/?s={search_term_string}\",\"query-input\":\"required name=search_term_string\"}],\"inLanguage\":\"pl-PL\"},{\"@type\":\"ImageObject\",\"@id\":\"https:\/\/torebunia.pl\/sklep\/produkt\/armani-exchange-spodnica\/#primaryimage\",\"inLanguage\":\"pl-PL\",\"url\":\"https:\/\/torebunia.pl\/sklep\/wp-content\/uploads\/2021\/01\/64fe64f4bad3a3cac85d5d706bc9a3c355e21be9.jpg\",\"width\":855,\"height\":1290,\"caption\":\"Armani Exchange - Sp\\u00f3dnica\"},{\"@type\":\"WebPage\",\"@id\":\"https:\/\/torebunia.pl\/sklep\/produkt\/armani-exchange-spodnica\/#webpage\",\"url\":\"https:\/\/torebunia.pl\/sklep\/produkt\/armani-exchange-spodnica\/\",\"name\":\"Armani Exchange - Sp\\u00f3dnica\",\"isPartOf\":{\"@id\":\"https:\/\/torebunia.pl\/sklep\/#website\"},\"primaryImageOfPage\":{\"@id\":\"https:\/\/torebunia.pl\/sklep\/produkt\/armani-exchange-spodnica\/#primaryimage\"},\"datePublished\":\"2021-01-01T23:41:32+00:00\",\"dateModified\":\"2021-01-27T11:32:07+00:00\",\"inLanguage\":\"pl-PL\",\"potentialAction\":[{\"@type\":\"ReadAction\",\"target\":[\"https:\/\/torebunia.pl\/sklep\/produkt\/armani-exchange-spodnica\/\"]}]}]}<\/script>\n<!-- \/ Yoast SEO plugin. -->","_links":{"self":[{"href":"https:\/\/torebunia.pl\/sklep\/wp-json\/wp\/v2\/product\/1317","targetHints":{"allow":["GET"]}}],"collection":[{"href":"https:\/\/torebunia.pl\/sklep\/wp-json\/wp\/v2\/product"}],"about":[{"href":"https:\/\/torebunia.pl\/sklep\/wp-json\/wp\/v2\/types\/product"}],"replies":[{"embeddable":true,"href":"https:\/\/torebunia.pl\/sklep\/wp-json\/wp\/v2\/comments?post=1317"}],"wp:featuredmedia":[{"embeddable":true,"href":"https:\/\/torebunia.pl\/sklep\/wp-json\/wp\/v2\/media\/1318"}],"wp:attachment":[{"href":"https:\/\/torebunia.pl\/sklep\/wp-json\/wp\/v2\/media?parent=1317"}],"curies":[{"name":"wp","href":"https:\/\/api.w.org\/{rel}","templated":true}]}}